{"id":283,"date":"2017-06-27T16:27:06","date_gmt":"2017-06-27T14:27:06","guid":{"rendered":"http:\/\/www.sonarscope.hr\/shop\/?page_id=283"},"modified":"2023-03-27T09:39:59","modified_gmt":"2023-03-27T07:39:59","slug":"izjava-o-privatnosti","status":"publish","type":"page","link":"https:\/\/www.sonarscope.hr\/shop\/izjava-o-privatnosti\/","title":{"rendered":"Izjava o privatnosti"},"content":{"rendered":"<p>Obvezujemo se da cemo cuvati privatnost svih nasih kupaca, prikupljati samo nuzne osnovne podatke o korisnicima i informirati korisnike o nacinima koristenja tih podataka.<\/p>\n<p>Obvezujemo se da podatke o nasim korisnicima necemo razmjenjivati i (ili) prodavati, te na bilo koji nacin dati na uvid trecim stranama.<\/p>\n<p>Obvezujemo se korisnicima dati mogucnost izbora nacina upotrebe njihovih podataka, ukljucujuci mogucnost odluke, zele li ili ne, da se njihovo ime nalazi na listi primanja obavjesti.<\/p>\n<p>Svi se podaci o korisnicima strogo cuvaju i dostupni su samo djelatnicima tvrtke SonarScope, kojima su ti podaci nuzni za obavljanje posla.<\/p>\n<p>Svi djelatnici tvrtke SonarScope i poslovni partneri odgovorni su za postivanje nacela zastite privatnosti.<\/p>\n<p>Veliki naglasak stavili smo i na uskla\u0111enje na\u0161eg poslovanja sa svim nacionalnim i me\u0111unarodnim zakonskim propisima vezanim uz za\u0161titu podataka i privatnost korisnika, prije svega sa:<\/p>\n<p><a href=\"http:\/\/eur-lex.europa.eu\/legal-content\/HR\/TXT\/?uri=CELEX%3A31995L0046\" target=\"_blank\" rel=\"noopener noreferrer\">Op\u0107a uredba o za\u0161titi podataka EU (GDPR)<\/a><\/p>\n<p><a href=\"http:\/\/eur-lex.europa.eu\/legal-content\/HR\/TXT\/?uri=CELEX%3A31995L0046\" target=\"_blank\" rel=\"noopener noreferrer\">Direktiva EU o za\u0161titi podataka (DPD)<\/a><\/p>\n<p><a href=\"https:\/\/www.zakon.hr\/z\/220\/Zakon-o-za%C5%A1titi-osobnih-podataka\" target=\"_blank\" rel=\"noopener noreferrer\">Zakon o za\u0161titi osobnih podataka<\/a><\/p>\n<p><a href=\"https:\/\/www.zakon.hr\/z\/193\/Zakon-o-za%C5%A1titi-potro%C5%A1a%C4%8Da\" target=\"_blank\" rel=\"noopener noreferrer\">Zakon o za\u0161titi potro\u0161a\u010da<\/a><\/p>\n<p><strong>3. KOJE OSOBNE PODATKE PRIKUPLJAMO I ZA\u0160TO<\/strong><\/p>\n<p>Ova web stranica prikuplja i koristi osobne podatke iz sljede\u0107ih razloga:<\/p>\n<p><strong>3.1 Pra\u0107enje posjeta web lokaciji<\/strong><\/p>\n<p>Sonarscope&nbsp; prikuplja odre\u0111ene informacije od svojih korisnika i o svojim korisnicima bilo preko web server logova, cookies (kola\u010di\u0107a) ili pri ispunjavanju obrasca za narud\u017ebu. Kao i ve\u0107ina internetskih stranica i mi za tu svrhu koristimo Google Analytics kola\u010di\u0107e.<\/p>\n<p>Kad posjetite na\u0161u web stranicu, mi mo\u017eemo pratiti informacije pomo\u0107u kojih administriramo web stranicu i analiziramo njezinu uporabu. Primjeri informacija koje mo\u017eemo pratiti su: vrsta browsera (preglednika) ili ra\u010dunala koje koristite, broj linkova koje kliknete unutar stranice, dr\u017eave ili zemlje iz koje ste pristupili stranicama, datum i vrijeme va\u0161eg posjeta stranici, ime va\u0161eg davatelja internet usluga, web stranicu koja vas je povezala s na\u0161om stranicom, stranice koje pogledate na na\u0161oj stranici. Iako Google Analytics bilje\u017ei te podatke, nijedan od tih podataka vas <strong>ne mo\u017ee<\/strong> <strong>osobno identificirati<\/strong>. Iako Google Analytics bilje\u017ei i IP adresu s koje pristupate stranici i preko koje bi vas se moglo osobno identificirati, taj podatak Google ne dijeli s nama i mi mu ne mo\u017eemo pristupiti.<\/p>\n<p>Tako\u0111er, prilikom kori\u0161tenja na\u0161ih usluga, tj. prilikom ispunjavanja obrasca za narud\u017ebu zatra\u017eit \u0107emo neke osobne podatke, kao \u0161to su: ime, adresa, e-mail, broj telefona i druge relevantne podatke. Osobne podatke koje prikupimo od vas ne\u0107emo ustupiti tre\u0107im stranama bez va\u0161eg dopu\u0161tenja, osim u slu\u010daju na\u0161e za\u0161tite od odgovornosti, Va\u0161eg odgovaranja na pravni postupak ili u skladu sa zakonom.<\/p>\n","protected":false},"excerpt":{"rendered":"<p>Obvezujemo se da cemo cuvati privatnost svih nasih kupaca, prikupljati samo nuzne osnovne podatke o korisnicima i informirati korisnike o nacinima koristenja tih podataka. Obvezujemo se da podatke o nasim korisnicima necemo razmjenjivati i (ili) prodavati, te na bilo koji nacin dati na uvid trecim stranama. Obvezujemo se korisnicima dati mogucnost izbora nacina upotrebe njihovih&hellip;&nbsp;<a href=\"https:\/\/www.sonarscope.hr\/shop\/izjava-o-privatnosti\/\" rel=\"bookmark\">Read More &raquo;<span class=\"screen-reader-text\">Izjava o privatnosti<\/span><\/a><\/p>\n","protected":false},"author":1,"featured_media":0,"parent":0,"menu_order":0,"comment_status":"closed","ping_status":"closed","template":"","meta":{"neve_meta_sidebar":"full-width","neve_meta_container":"","neve_meta_enable_content_width":"off","neve_meta_content_width":100,"neve_meta_title_alignment":"","neve_meta_author_avatar":"","neve_post_elements_order":"","neve_meta_disable_header":"","neve_meta_disable_footer":"","neve_meta_disable_title":"","_joinchat":[],"footnotes":""},"class_list":["post-283","page","type-page","status-publish","hentry"],"yoast_head":"<!-- This site is optimized with the Yoast SEO plugin v27.5 - https:\/\/yoast.com\/product\/yoast-seo-wordpress\/ -->\n<title>Izjava o privatnosti - Sonarscope Pro Audio<\/title>\n<meta name=\"robots\" content=\"index, follow, max-snippet:-1, max-image-preview:large, max-video-preview:-1\" \/>\n<link rel=\"canonical\" href=\"https:\/\/www.sonarscope.hr\/shop\/izjava-o-privatnosti\/\" \/>\n<meta property=\"og:locale\" content=\"hr_HR\" \/>\n<meta property=\"og:type\" content=\"article\" \/>\n<meta property=\"og:title\" content=\"Izjava o privatnosti - Sonarscope Pro Audio\" \/>\n<meta property=\"og:description\" content=\"Obvezujemo se da cemo cuvati privatnost svih nasih kupaca, prikupljati samo nuzne osnovne podatke o korisnicima i informirati korisnike o nacinima koristenja tih podataka. Obvezujemo se da podatke o nasim korisnicima necemo razmjenjivati i (ili) prodavati, te na bilo koji nacin dati na uvid trecim stranama. Obvezujemo se korisnicima dati mogucnost izbora nacina upotrebe njihovih&hellip;&nbsp;Read More &raquo;Izjava o privatnosti\" \/>\n<meta property=\"og:url\" content=\"https:\/\/www.sonarscope.hr\/shop\/izjava-o-privatnosti\/\" \/>\n<meta property=\"og:site_name\" content=\"Sonarscope Pro Audio\" \/>\n<meta property=\"article:publisher\" content=\"https:\/\/www.facebook.com\/sonarscope\" \/>\n<meta property=\"article:modified_time\" content=\"2023-03-27T07:39:59+00:00\" \/>\n<meta name=\"twitter:card\" content=\"summary_large_image\" \/>\n<meta name=\"twitter:site\" content=\"@sonarscope\" \/>\n<meta name=\"twitter:label1\" content=\"Procijenjeno vrijeme \u010ditanja\" \/>\n\t<meta name=\"twitter:data1\" content=\"3 minute\" \/>\n<script type=\"application\/ld+json\" class=\"yoast-schema-graph\">{\"@context\":\"https:\\\/\\\/schema.org\",\"@graph\":[{\"@type\":\"WebPage\",\"@id\":\"https:\\\/\\\/www.sonarscope.hr\\\/shop\\\/izjava-o-privatnosti\\\/\",\"url\":\"https:\\\/\\\/www.sonarscope.hr\\\/shop\\\/izjava-o-privatnosti\\\/\",\"name\":\"Izjava o privatnosti - Sonarscope Pro Audio\",\"isPartOf\":{\"@id\":\"https:\\\/\\\/www.sonarscope.hr\\\/shop\\\/#website\"},\"datePublished\":\"2017-06-27T14:27:06+00:00\",\"dateModified\":\"2023-03-27T07:39:59+00:00\",\"breadcrumb\":{\"@id\":\"https:\\\/\\\/www.sonarscope.hr\\\/shop\\\/izjava-o-privatnosti\\\/#breadcrumb\"},\"inLanguage\":\"hr\",\"potentialAction\":[{\"@type\":\"ReadAction\",\"target\":[\"https:\\\/\\\/www.sonarscope.hr\\\/shop\\\/izjava-o-privatnosti\\\/\"]}]},{\"@type\":\"BreadcrumbList\",\"@id\":\"https:\\\/\\\/www.sonarscope.hr\\\/shop\\\/izjava-o-privatnosti\\\/#breadcrumb\",\"itemListElement\":[{\"@type\":\"ListItem\",\"position\":1,\"name\":\"Home\",\"item\":\"https:\\\/\\\/www.sonarscope.hr\\\/shop\\\/\"},{\"@type\":\"ListItem\",\"position\":2,\"name\":\"Izjava o privatnosti\"}]},{\"@type\":\"WebSite\",\"@id\":\"https:\\\/\\\/www.sonarscope.hr\\\/shop\\\/#website\",\"url\":\"https:\\\/\\\/www.sonarscope.hr\\\/shop\\\/\",\"name\":\"Sonarscope Pro Audio\",\"description\":\"DJ i Pro Audio studijska oprema\",\"publisher\":{\"@id\":\"https:\\\/\\\/www.sonarscope.hr\\\/shop\\\/#organization\"},\"potentialAction\":[{\"@type\":\"SearchAction\",\"target\":{\"@type\":\"EntryPoint\",\"urlTemplate\":\"https:\\\/\\\/www.sonarscope.hr\\\/shop\\\/?s={search_term_string}\"},\"query-input\":{\"@type\":\"PropertyValueSpecification\",\"valueRequired\":true,\"valueName\":\"search_term_string\"}}],\"inLanguage\":\"hr\"},{\"@type\":\"Organization\",\"@id\":\"https:\\\/\\\/www.sonarscope.hr\\\/shop\\\/#organization\",\"name\":\"Sonarscope Pro Audio\",\"url\":\"https:\\\/\\\/www.sonarscope.hr\\\/shop\\\/\",\"logo\":{\"@type\":\"ImageObject\",\"inLanguage\":\"hr\",\"@id\":\"https:\\\/\\\/www.sonarscope.hr\\\/shop\\\/#\\\/schema\\\/logo\\\/image\\\/\",\"url\":\"https:\\\/\\\/www.sonarscope.hr\\\/shop\\\/wp-content\\\/uploads\\\/2020\\\/02\\\/cropped-cropped-cropped-cropped-Sonarscope_logotip_470_110-1.png\",\"contentUrl\":\"https:\\\/\\\/www.sonarscope.hr\\\/shop\\\/wp-content\\\/uploads\\\/2020\\\/02\\\/cropped-cropped-cropped-cropped-Sonarscope_logotip_470_110-1.png\",\"width\":470,\"height\":72,\"caption\":\"Sonarscope Pro Audio\"},\"image\":{\"@id\":\"https:\\\/\\\/www.sonarscope.hr\\\/shop\\\/#\\\/schema\\\/logo\\\/image\\\/\"},\"sameAs\":[\"https:\\\/\\\/www.facebook.com\\\/sonarscope\",\"https:\\\/\\\/x.com\\\/sonarscope\",\"https:\\\/\\\/www.instagram.com\\\/sonarscope\\\/\",\"https:\\\/\\\/www.linkedin.com\\\/company\\\/sonarscope\",\"https:\\\/\\\/www.youtube.com\\\/user\\\/sonarscopevideo\"]}]}<\/script>\n<!-- \/ Yoast SEO plugin. -->","yoast_head_json":{"title":"Izjava o privatnosti - Sonarscope Pro Audio","robots":{"index":"index","follow":"follow","max-snippet":"max-snippet:-1","max-image-preview":"max-image-preview:large","max-video-preview":"max-video-preview:-1"},"canonical":"https:\/\/www.sonarscope.hr\/shop\/izjava-o-privatnosti\/","og_locale":"hr_HR","og_type":"article","og_title":"Izjava o privatnosti - Sonarscope Pro Audio","og_description":"Obvezujemo se da cemo cuvati privatnost svih nasih kupaca, prikupljati samo nuzne osnovne podatke o korisnicima i informirati korisnike o nacinima koristenja tih podataka. Obvezujemo se da podatke o nasim korisnicima necemo razmjenjivati i (ili) prodavati, te na bilo koji nacin dati na uvid trecim stranama. Obvezujemo se korisnicima dati mogucnost izbora nacina upotrebe njihovih&hellip;&nbsp;Read More &raquo;Izjava o privatnosti","og_url":"https:\/\/www.sonarscope.hr\/shop\/izjava-o-privatnosti\/","og_site_name":"Sonarscope Pro Audio","article_publisher":"https:\/\/www.facebook.com\/sonarscope","article_modified_time":"2023-03-27T07:39:59+00:00","twitter_card":"summary_large_image","twitter_site":"@sonarscope","twitter_misc":{"Procijenjeno vrijeme \u010ditanja":"3 minute"},"schema":{"@context":"https:\/\/schema.org","@graph":[{"@type":"WebPage","@id":"https:\/\/www.sonarscope.hr\/shop\/izjava-o-privatnosti\/","url":"https:\/\/www.sonarscope.hr\/shop\/izjava-o-privatnosti\/","name":"Izjava o privatnosti - Sonarscope Pro Audio","isPartOf":{"@id":"https:\/\/www.sonarscope.hr\/shop\/#website"},"datePublished":"2017-06-27T14:27:06+00:00","dateModified":"2023-03-27T07:39:59+00:00","breadcrumb":{"@id":"https:\/\/www.sonarscope.hr\/shop\/izjava-o-privatnosti\/#breadcrumb"},"inLanguage":"hr","potentialAction":[{"@type":"ReadAction","target":["https:\/\/www.sonarscope.hr\/shop\/izjava-o-privatnosti\/"]}]},{"@type":"BreadcrumbList","@id":"https:\/\/www.sonarscope.hr\/shop\/izjava-o-privatnosti\/#breadcrumb","itemListElement":[{"@type":"ListItem","position":1,"name":"Home","item":"https:\/\/www.sonarscope.hr\/shop\/"},{"@type":"ListItem","position":2,"name":"Izjava o privatnosti"}]},{"@type":"WebSite","@id":"https:\/\/www.sonarscope.hr\/shop\/#website","url":"https:\/\/www.sonarscope.hr\/shop\/","name":"Sonarscope Pro Audio","description":"DJ i Pro Audio studijska oprema","publisher":{"@id":"https:\/\/www.sonarscope.hr\/shop\/#organization"},"potentialAction":[{"@type":"SearchAction","target":{"@type":"EntryPoint","urlTemplate":"https:\/\/www.sonarscope.hr\/shop\/?s={search_term_string}"},"query-input":{"@type":"PropertyValueSpecification","valueRequired":true,"valueName":"search_term_string"}}],"inLanguage":"hr"},{"@type":"Organization","@id":"https:\/\/www.sonarscope.hr\/shop\/#organization","name":"Sonarscope Pro Audio","url":"https:\/\/www.sonarscope.hr\/shop\/","logo":{"@type":"ImageObject","inLanguage":"hr","@id":"https:\/\/www.sonarscope.hr\/shop\/#\/schema\/logo\/image\/","url":"https:\/\/www.sonarscope.hr\/shop\/wp-content\/uploads\/2020\/02\/cropped-cropped-cropped-cropped-Sonarscope_logotip_470_110-1.png","contentUrl":"https:\/\/www.sonarscope.hr\/shop\/wp-content\/uploads\/2020\/02\/cropped-cropped-cropped-cropped-Sonarscope_logotip_470_110-1.png","width":470,"height":72,"caption":"Sonarscope Pro Audio"},"image":{"@id":"https:\/\/www.sonarscope.hr\/shop\/#\/schema\/logo\/image\/"},"sameAs":["https:\/\/www.facebook.com\/sonarscope","https:\/\/x.com\/sonarscope","https:\/\/www.instagram.com\/sonarscope\/","https:\/\/www.linkedin.com\/company\/sonarscope","https:\/\/www.youtube.com\/user\/sonarscopevideo"]}]}},"_links":{"self":[{"href":"https:\/\/www.sonarscope.hr\/shop\/wp-json\/wp\/v2\/pages\/283","targetHints":{"allow":["GET"]}}],"collection":[{"href":"https:\/\/www.sonarscope.hr\/shop\/wp-json\/wp\/v2\/pages"}],"about":[{"href":"https:\/\/www.sonarscope.hr\/shop\/wp-json\/wp\/v2\/types\/page"}],"author":[{"embeddable":true,"href":"https:\/\/www.sonarscope.hr\/shop\/wp-json\/wp\/v2\/users\/1"}],"replies":[{"embeddable":true,"href":"https:\/\/www.sonarscope.hr\/shop\/wp-json\/wp\/v2\/comments?post=283"}],"version-history":[{"count":5,"href":"https:\/\/www.sonarscope.hr\/shop\/wp-json\/wp\/v2\/pages\/283\/revisions"}],"predecessor-version":[{"id":6331,"href":"https:\/\/www.sonarscope.hr\/shop\/wp-json\/wp\/v2\/pages\/283\/revisions\/6331"}],"wp:attachment":[{"href":"https:\/\/www.sonarscope.hr\/shop\/wp-json\/wp\/v2\/media?parent=283"}],"curies":[{"name":"wp","href":"https:\/\/api.w.org\/{rel}","templated":true}]}}