{"id":309,"date":"2017-06-27T16:51:33","date_gmt":"2017-06-27T14:51:33","guid":{"rendered":"http:\/\/www.sonarscope.hr\/shop\/?page_id=309"},"modified":"2024-01-03T09:20:06","modified_gmt":"2024-01-03T07:20:06","slug":"paypal","status":"publish","type":"page","link":"https:\/\/www.sonarscope.hr\/shop\/paypal\/","title":{"rendered":"Kriptovalute &#8211; PayPal"},"content":{"rendered":"<h3><\/h3>\n<h3><strong>KRIPTOVALUTE -kripto pla\u0107anje<\/strong><\/h3>\n<p><a href=\"https:\/\/www.sonarscope.hr\/shop\/wp-content\/uploads\/2021\/05\/paycek.png\"><img loading=\"lazy\" decoding=\"async\" class=\"alignnone size-medium wp-image-8608\" src=\"https:\/\/www.sonarscope.hr\/shop\/wp-content\/uploads\/2021\/05\/paycek-300x86.png\" alt=\"\" width=\"300\" height=\"86\" srcset=\"https:\/\/www.sonarscope.hr\/shop\/wp-content\/uploads\/2021\/05\/paycek-300x86.png 300w, https:\/\/www.sonarscope.hr\/shop\/wp-content\/uploads\/2021\/05\/paycek-64x18.png 64w, https:\/\/www.sonarscope.hr\/shop\/wp-content\/uploads\/2021\/05\/paycek-416x119.png 416w, https:\/\/www.sonarscope.hr\/shop\/wp-content\/uploads\/2021\/05\/paycek.png 419w\" sizes=\"auto, (max-width: 300px) 100vw, 300px\" \/><\/a><\/p>\n<p><a href=\"https:\/\/www.sonarscope.hr\/shop\/wp-content\/uploads\/2021\/05\/kripto-scaled.jpg\"><img loading=\"lazy\" decoding=\"async\" class=\"size-full wp-image-8550\" src=\"https:\/\/www.sonarscope.hr\/shop\/wp-content\/uploads\/2021\/05\/kripto-scaled.jpg\" alt=\"\" width=\"800\" height=\"134\" srcset=\"https:\/\/www.sonarscope.hr\/shop\/wp-content\/uploads\/2021\/05\/kripto-scaled.jpg 800w, https:\/\/www.sonarscope.hr\/shop\/wp-content\/uploads\/2021\/05\/kripto-scaled-300x50.jpg 300w, https:\/\/www.sonarscope.hr\/shop\/wp-content\/uploads\/2021\/05\/kripto-scaled-600x101.jpg 600w, https:\/\/www.sonarscope.hr\/shop\/wp-content\/uploads\/2021\/05\/kripto-scaled-64x11.jpg 64w, https:\/\/www.sonarscope.hr\/shop\/wp-content\/uploads\/2021\/05\/kripto-768x129.jpg 768w\" sizes=\"auto, (max-width: 800px) 100vw, 800px\" \/><\/a><\/p>\n<p>Brzo i jednostavno platite kriptovalutama!\u00a0 Za sada podr\u017eavamo Bitcoin, Ether, Bitcoin Cash, Stellar, Lumen, Ripple, DAI, EOS coinove.<\/p>\n<p>Prije uplate posaljite email na emil@sonarscope.hr sa linkom na proizvod da provjerite dal je proizvod dosatupan !<\/p>\n<p>&#8212;&#8212;&#8212;&#8212;&#8212;&#8212;&#8212;&#8212;&#8212;&#8212;&#8212;&#8212;&#8212;&#8212;&#8212;-<\/p>\n<h3><strong>PAYPAL i karticno PLA\u0106ANJE:<\/strong><\/h3>\n<p><a href=\"https:\/\/www.sonarscope.hr\/shop\/wp-content\/uploads\/2021\/05\/paypal.png\"><img loading=\"lazy\" decoding=\"async\" class=\"alignnone size-full wp-image-8555\" src=\"https:\/\/www.sonarscope.hr\/shop\/wp-content\/uploads\/2021\/05\/paypal.png\" alt=\"\" width=\"266\" height=\"142\" srcset=\"https:\/\/www.sonarscope.hr\/shop\/wp-content\/uploads\/2021\/05\/paypal.png 266w, https:\/\/www.sonarscope.hr\/shop\/wp-content\/uploads\/2021\/05\/paypal-64x34.png 64w, https:\/\/www.sonarscope.hr\/shop\/wp-content\/uploads\/2021\/05\/paypal-200x107.png 200w\" sizes=\"auto, (max-width: 266px) 100vw, 266px\" \/><\/a><\/p>\n<p><strong>( Paypal placanje je ponekad neaktivno i moze se aktivirati na zahtjev za odredjeni proizvod u dogovoru\u00a0 )<\/strong><\/p>\n<p>Posaljite zahtjev sa linkom na proizvod na emil@sonarscope.hr<\/p>\n<p>PayPal je jedna od najpopularniji svjetski dostupnih servisa za transfer novca, odnedavno je dostupan i u Hrvatskoj. Korisnike PayPala klikom na tipku &#8220;Zavr\u0161i kupovinu&#8221; vodimo na stranice PayPala gdje \u0107e na uobi\u010dajen na\u010din platiti svoju narud\u017ebu. Nakon unosa svih podataka kliknite na polje i dobit \u0107e te potvrdu uspje\u0161ne narud\u017ebe na va\u0161u mail adresu, ili poruku da podaci nisu dobro upisani pa provjerite podatke i ponovite zadnji korak.<\/p>\n<p>Povezivanjem svog bankovnog racuna i kreditne kartice sa PayPal korisnickim racunom mozete placati online bez izravnog davanja broja kreditne kartice te na taj nacin smanjiti rizik od zloupotrebe tih informacija.<\/p>\n<p>Sonarscope nije odgovoran, niti snosi mjenja\u010dke tro\u0161kove koje PayPal napla\u0107uje !<\/p>\n<p>&#8212;&#8212;&#8212;&#8212;&#8212;&#8212;&#8212;&#8212;&#8212;<\/p>\n<p>&nbsp;<\/p>\n<h3><\/h3>\n","protected":false},"excerpt":{"rendered":"<p>KRIPTOVALUTE -kripto pla\u0107anje Brzo i jednostavno platite kriptovalutama!\u00a0 Za sada podr\u017eavamo Bitcoin, Ether, Bitcoin Cash, Stellar, Lumen, Ripple, DAI, EOS coinove. Prije uplate posaljite email na emil@sonarscope.hr sa linkom na proizvod da provjerite dal je proizvod dosatupan ! &#8212;&#8212;&#8212;&#8212;&#8212;&#8212;&#8212;&#8212;&#8212;&#8212;&#8212;&#8212;&#8212;&#8212;&#8212;- PAYPAL i karticno PLA\u0106ANJE: ( Paypal placanje je ponekad neaktivno i moze se aktivirati na zahtjev&hellip;&nbsp;<a href=\"https:\/\/www.sonarscope.hr\/shop\/paypal\/\" rel=\"bookmark\">Read More &raquo;<span class=\"screen-reader-text\">Kriptovalute &#8211; PayPal<\/span><\/a><\/p>\n","protected":false},"author":1,"featured_media":0,"parent":0,"menu_order":0,"comment_status":"closed","ping_status":"closed","template":"","meta":{"neve_meta_sidebar":"full-width","neve_meta_container":"","neve_meta_enable_content_width":"off","neve_meta_content_width":100,"neve_meta_title_alignment":"","neve_meta_author_avatar":"","neve_post_elements_order":"","neve_meta_disable_header":"","neve_meta_disable_footer":"","neve_meta_disable_title":"","_joinchat":[],"footnotes":""},"class_list":["post-309","page","type-page","status-publish","hentry"],"yoast_head":"<!-- This site is optimized with the Yoast SEO plugin v27.5 - https:\/\/yoast.com\/product\/yoast-seo-wordpress\/ -->\n<title>Kriptovalute - PayPal - Sonarscope Pro Audio<\/title>\n<meta name=\"description\" content=\"placanje kriptovalutama kreditnim karticama KEKS Pay\" \/>\n<meta name=\"robots\" content=\"index, follow, max-snippet:-1, max-image-preview:large, max-video-preview:-1\" \/>\n<link rel=\"canonical\" href=\"https:\/\/www.sonarscope.hr\/shop\/paypal\/\" \/>\n<meta property=\"og:locale\" content=\"hr_HR\" \/>\n<meta property=\"og:type\" content=\"article\" \/>\n<meta property=\"og:title\" content=\"Kriptovalute - PayPal - Sonarscope Pro Audio\" \/>\n<meta property=\"og:description\" content=\"placanje kriptovalutama kreditnim karticama KEKS Pay\" \/>\n<meta property=\"og:url\" content=\"https:\/\/www.sonarscope.hr\/shop\/paypal\/\" \/>\n<meta property=\"og:site_name\" content=\"Sonarscope Pro Audio\" \/>\n<meta property=\"article:publisher\" content=\"https:\/\/www.facebook.com\/sonarscope\" \/>\n<meta property=\"article:modified_time\" content=\"2024-01-03T07:20:06+00:00\" \/>\n<meta property=\"og:image\" content=\"https:\/\/www.sonarscope.hr\/shop\/wp-content\/uploads\/2021\/05\/paycek-300x86.png\" \/>\n<meta name=\"twitter:card\" content=\"summary_large_image\" \/>\n<meta name=\"twitter:site\" content=\"@sonarscope\" \/>\n<meta name=\"twitter:label1\" content=\"Procijenjeno vrijeme \u010ditanja\" \/>\n\t<meta name=\"twitter:data1\" content=\"2 minute\" \/>\n<script type=\"application\/ld+json\" class=\"yoast-schema-graph\">{\"@context\":\"https:\\\/\\\/schema.org\",\"@graph\":[{\"@type\":\"WebPage\",\"@id\":\"https:\\\/\\\/www.sonarscope.hr\\\/shop\\\/paypal\\\/\",\"url\":\"https:\\\/\\\/www.sonarscope.hr\\\/shop\\\/paypal\\\/\",\"name\":\"Kriptovalute - PayPal - Sonarscope Pro Audio\",\"isPartOf\":{\"@id\":\"https:\\\/\\\/www.sonarscope.hr\\\/shop\\\/#website\"},\"primaryImageOfPage\":{\"@id\":\"https:\\\/\\\/www.sonarscope.hr\\\/shop\\\/paypal\\\/#primaryimage\"},\"image\":{\"@id\":\"https:\\\/\\\/www.sonarscope.hr\\\/shop\\\/paypal\\\/#primaryimage\"},\"thumbnailUrl\":\"https:\\\/\\\/www.sonarscope.hr\\\/shop\\\/wp-content\\\/uploads\\\/2021\\\/05\\\/paycek-300x86.png\",\"datePublished\":\"2017-06-27T14:51:33+00:00\",\"dateModified\":\"2024-01-03T07:20:06+00:00\",\"description\":\"placanje kriptovalutama kreditnim karticama KEKS Pay\",\"breadcrumb\":{\"@id\":\"https:\\\/\\\/www.sonarscope.hr\\\/shop\\\/paypal\\\/#breadcrumb\"},\"inLanguage\":\"hr\",\"potentialAction\":[{\"@type\":\"ReadAction\",\"target\":[\"https:\\\/\\\/www.sonarscope.hr\\\/shop\\\/paypal\\\/\"]}]},{\"@type\":\"ImageObject\",\"inLanguage\":\"hr\",\"@id\":\"https:\\\/\\\/www.sonarscope.hr\\\/shop\\\/paypal\\\/#primaryimage\",\"url\":\"https:\\\/\\\/www.sonarscope.hr\\\/shop\\\/wp-content\\\/uploads\\\/2021\\\/05\\\/paycek.png\",\"contentUrl\":\"https:\\\/\\\/www.sonarscope.hr\\\/shop\\\/wp-content\\\/uploads\\\/2021\\\/05\\\/paycek.png\",\"width\":419,\"height\":120},{\"@type\":\"BreadcrumbList\",\"@id\":\"https:\\\/\\\/www.sonarscope.hr\\\/shop\\\/paypal\\\/#breadcrumb\",\"itemListElement\":[{\"@type\":\"ListItem\",\"position\":1,\"name\":\"Home\",\"item\":\"https:\\\/\\\/www.sonarscope.hr\\\/shop\\\/\"},{\"@type\":\"ListItem\",\"position\":2,\"name\":\"Kriptovalute &#8211; PayPal\"}]},{\"@type\":\"WebSite\",\"@id\":\"https:\\\/\\\/www.sonarscope.hr\\\/shop\\\/#website\",\"url\":\"https:\\\/\\\/www.sonarscope.hr\\\/shop\\\/\",\"name\":\"Sonarscope Pro Audio\",\"description\":\"DJ i Pro Audio studijska oprema\",\"publisher\":{\"@id\":\"https:\\\/\\\/www.sonarscope.hr\\\/shop\\\/#organization\"},\"potentialAction\":[{\"@type\":\"SearchAction\",\"target\":{\"@type\":\"EntryPoint\",\"urlTemplate\":\"https:\\\/\\\/www.sonarscope.hr\\\/shop\\\/?s={search_term_string}\"},\"query-input\":{\"@type\":\"PropertyValueSpecification\",\"valueRequired\":true,\"valueName\":\"search_term_string\"}}],\"inLanguage\":\"hr\"},{\"@type\":\"Organization\",\"@id\":\"https:\\\/\\\/www.sonarscope.hr\\\/shop\\\/#organization\",\"name\":\"Sonarscope Pro Audio\",\"url\":\"https:\\\/\\\/www.sonarscope.hr\\\/shop\\\/\",\"logo\":{\"@type\":\"ImageObject\",\"inLanguage\":\"hr\",\"@id\":\"https:\\\/\\\/www.sonarscope.hr\\\/shop\\\/#\\\/schema\\\/logo\\\/image\\\/\",\"url\":\"https:\\\/\\\/www.sonarscope.hr\\\/shop\\\/wp-content\\\/uploads\\\/2020\\\/02\\\/cropped-cropped-cropped-cropped-Sonarscope_logotip_470_110-1.png\",\"contentUrl\":\"https:\\\/\\\/www.sonarscope.hr\\\/shop\\\/wp-content\\\/uploads\\\/2020\\\/02\\\/cropped-cropped-cropped-cropped-Sonarscope_logotip_470_110-1.png\",\"width\":470,\"height\":72,\"caption\":\"Sonarscope Pro Audio\"},\"image\":{\"@id\":\"https:\\\/\\\/www.sonarscope.hr\\\/shop\\\/#\\\/schema\\\/logo\\\/image\\\/\"},\"sameAs\":[\"https:\\\/\\\/www.facebook.com\\\/sonarscope\",\"https:\\\/\\\/x.com\\\/sonarscope\",\"https:\\\/\\\/www.instagram.com\\\/sonarscope\\\/\",\"https:\\\/\\\/www.linkedin.com\\\/company\\\/sonarscope\",\"https:\\\/\\\/www.youtube.com\\\/user\\\/sonarscopevideo\"]}]}<\/script>\n<!-- \/ Yoast SEO plugin. -->","yoast_head_json":{"title":"Kriptovalute - PayPal - Sonarscope Pro Audio","description":"placanje kriptovalutama kreditnim karticama KEKS Pay","robots":{"index":"index","follow":"follow","max-snippet":"max-snippet:-1","max-image-preview":"max-image-preview:large","max-video-preview":"max-video-preview:-1"},"canonical":"https:\/\/www.sonarscope.hr\/shop\/paypal\/","og_locale":"hr_HR","og_type":"article","og_title":"Kriptovalute - PayPal - Sonarscope Pro Audio","og_description":"placanje kriptovalutama kreditnim karticama KEKS Pay","og_url":"https:\/\/www.sonarscope.hr\/shop\/paypal\/","og_site_name":"Sonarscope Pro Audio","article_publisher":"https:\/\/www.facebook.com\/sonarscope","article_modified_time":"2024-01-03T07:20:06+00:00","og_image":[{"url":"https:\/\/www.sonarscope.hr\/shop\/wp-content\/uploads\/2021\/05\/paycek-300x86.png","type":"","width":"","height":""}],"twitter_card":"summary_large_image","twitter_site":"@sonarscope","twitter_misc":{"Procijenjeno vrijeme \u010ditanja":"2 minute"},"schema":{"@context":"https:\/\/schema.org","@graph":[{"@type":"WebPage","@id":"https:\/\/www.sonarscope.hr\/shop\/paypal\/","url":"https:\/\/www.sonarscope.hr\/shop\/paypal\/","name":"Kriptovalute - PayPal - Sonarscope Pro Audio","isPartOf":{"@id":"https:\/\/www.sonarscope.hr\/shop\/#website"},"primaryImageOfPage":{"@id":"https:\/\/www.sonarscope.hr\/shop\/paypal\/#primaryimage"},"image":{"@id":"https:\/\/www.sonarscope.hr\/shop\/paypal\/#primaryimage"},"thumbnailUrl":"https:\/\/www.sonarscope.hr\/shop\/wp-content\/uploads\/2021\/05\/paycek-300x86.png","datePublished":"2017-06-27T14:51:33+00:00","dateModified":"2024-01-03T07:20:06+00:00","description":"placanje kriptovalutama kreditnim karticama KEKS Pay","breadcrumb":{"@id":"https:\/\/www.sonarscope.hr\/shop\/paypal\/#breadcrumb"},"inLanguage":"hr","potentialAction":[{"@type":"ReadAction","target":["https:\/\/www.sonarscope.hr\/shop\/paypal\/"]}]},{"@type":"ImageObject","inLanguage":"hr","@id":"https:\/\/www.sonarscope.hr\/shop\/paypal\/#primaryimage","url":"https:\/\/www.sonarscope.hr\/shop\/wp-content\/uploads\/2021\/05\/paycek.png","contentUrl":"https:\/\/www.sonarscope.hr\/shop\/wp-content\/uploads\/2021\/05\/paycek.png","width":419,"height":120},{"@type":"BreadcrumbList","@id":"https:\/\/www.sonarscope.hr\/shop\/paypal\/#breadcrumb","itemListElement":[{"@type":"ListItem","position":1,"name":"Home","item":"https:\/\/www.sonarscope.hr\/shop\/"},{"@type":"ListItem","position":2,"name":"Kriptovalute &#8211; PayPal"}]},{"@type":"WebSite","@id":"https:\/\/www.sonarscope.hr\/shop\/#website","url":"https:\/\/www.sonarscope.hr\/shop\/","name":"Sonarscope Pro Audio","description":"DJ i Pro Audio studijska oprema","publisher":{"@id":"https:\/\/www.sonarscope.hr\/shop\/#organization"},"potentialAction":[{"@type":"SearchAction","target":{"@type":"EntryPoint","urlTemplate":"https:\/\/www.sonarscope.hr\/shop\/?s={search_term_string}"},"query-input":{"@type":"PropertyValueSpecification","valueRequired":true,"valueName":"search_term_string"}}],"inLanguage":"hr"},{"@type":"Organization","@id":"https:\/\/www.sonarscope.hr\/shop\/#organization","name":"Sonarscope Pro Audio","url":"https:\/\/www.sonarscope.hr\/shop\/","logo":{"@type":"ImageObject","inLanguage":"hr","@id":"https:\/\/www.sonarscope.hr\/shop\/#\/schema\/logo\/image\/","url":"https:\/\/www.sonarscope.hr\/shop\/wp-content\/uploads\/2020\/02\/cropped-cropped-cropped-cropped-Sonarscope_logotip_470_110-1.png","contentUrl":"https:\/\/www.sonarscope.hr\/shop\/wp-content\/uploads\/2020\/02\/cropped-cropped-cropped-cropped-Sonarscope_logotip_470_110-1.png","width":470,"height":72,"caption":"Sonarscope Pro Audio"},"image":{"@id":"https:\/\/www.sonarscope.hr\/shop\/#\/schema\/logo\/image\/"},"sameAs":["https:\/\/www.facebook.com\/sonarscope","https:\/\/x.com\/sonarscope","https:\/\/www.instagram.com\/sonarscope\/","https:\/\/www.linkedin.com\/company\/sonarscope","https:\/\/www.youtube.com\/user\/sonarscopevideo"]}]}},"_links":{"self":[{"href":"https:\/\/www.sonarscope.hr\/shop\/wp-json\/wp\/v2\/pages\/309","targetHints":{"allow":["GET"]}}],"collection":[{"href":"https:\/\/www.sonarscope.hr\/shop\/wp-json\/wp\/v2\/pages"}],"about":[{"href":"https:\/\/www.sonarscope.hr\/shop\/wp-json\/wp\/v2\/types\/page"}],"author":[{"embeddable":true,"href":"https:\/\/www.sonarscope.hr\/shop\/wp-json\/wp\/v2\/users\/1"}],"replies":[{"embeddable":true,"href":"https:\/\/www.sonarscope.hr\/shop\/wp-json\/wp\/v2\/comments?post=309"}],"version-history":[{"count":27,"href":"https:\/\/www.sonarscope.hr\/shop\/wp-json\/wp\/v2\/pages\/309\/revisions"}],"predecessor-version":[{"id":26912,"href":"https:\/\/www.sonarscope.hr\/shop\/wp-json\/wp\/v2\/pages\/309\/revisions\/26912"}],"wp:attachment":[{"href":"https:\/\/www.sonarscope.hr\/shop\/wp-json\/wp\/v2\/media?parent=309"}],"curies":[{"name":"wp","href":"https:\/\/api.w.org\/{rel}","templated":true}]}}