{"id":14044,"date":"2021-12-06T13:48:29","date_gmt":"2021-12-06T11:48:29","guid":{"rendered":"https:\/\/www.sonarscope.hr\/shop\/?post_type=product&#038;p=14044"},"modified":"2023-03-13T13:12:55","modified_gmt":"2023-03-13T11:12:55","slug":"focal-alpha-evo-65-par","status":"publish","type":"product","link":"https:\/\/www.sonarscope.hr\/shop\/proizvod\/focal-alpha-evo-65-par\/","title":{"rendered":"Focal Alpha Evo 65 par"},"content":{"rendered":"<h1>Focal Alpha Evo 65<\/h1>\n<p>cijena je za par aktivnih monitora EVO 65<\/p>\n<p>Frekvencijski odziv (+\/- 3dB) 40Hz &#8211; 22kHz<\/p>\n<p>Maksimalni SPL 104dB SPL (peak @ 1m)<\/p>\n<p>Ulazni konektori TRS: simetri\u010dni 10kOhms<\/p>\n<p>XLR: simetri\u010dni 10kOhms<\/p>\n<p>RCA: asimetri\u010dni l 10kOhms sa nadokna\u0111enom osjetljivo\u0161\u0107u<\/p>\n<p>Poja\u010dalo srednje i niske frekvencije 55W<\/p>\n<p>Poja\u010dalo visoke frekvencije 30W<\/p>\n<p class=\"title2\">ACTIVE 2-WAY<\/p>\n<p>Alpha 65 Evo has a 1\u201d (25mm) aluminium tweeter and a 6.5\u201d (16.5 cm) woofer with\u00a0<a href=\"https:\/\/www.focal.com\/en\/focal-teach\/the-slatefiber-cone\" target=\"_blank\" rel=\"noopener\"><strong>Slatefiber<\/strong><\/a>\u00a0cone developed and manufactured in Focal&#8217;s workshops in France. This monitor features excellent\u00a0<strong>dynamics<\/strong>\u00a0and\u00a0<strong>neutrality in its tonal balance<\/strong>. Its technologies mean that Alpha 65 Evo can guarantee\u00a0<strong>excellent sonic coherence<\/strong>\u00a0wherever you are listening.<\/p>\n<p>Its features include a 1\/4&#8243; (6.35mm) TRS jack input in addition to the XLR and RCA analogue inputs. There is also a disengageable\u00a0<strong>automatic stand-by mode<\/strong>\u00a0as well as\u00a0<strong>inserts<\/strong>\u00a0for wall and ceiling fastening.<br \/>\nThe high current capacity offered by its\u00a0<strong>2 amplifiers<\/strong>\u00a0supports total control of the signal dynamics. This also allows high volumes to be reached without distortion.<\/p>\n<p>The\u00a0<strong>bass-reflex design<\/strong>,\u00a0<strong>rounded edges<\/strong>\u00a0and modern, robust side panels are another big plus for the Alpha 65 Evo, all contributing to acoustical integration and optimum aesthetics in any location.<\/p>\n<p>&nbsp;<\/p>\n<div class=\"hoverText-title\">KEY POINTS<\/div>\n<hr class=\"sep hoverText-sep\" \/>\n<div class=\"hoverText-text wysiwyg\">\n<p>&nbsp;<\/p>\n<ul>\n<li>Excellent dynamics<\/li>\n<li>Wide dispersion, even sound retained throughout the room<\/li>\n<li>6.5\u201d(16.5 cm)\u00a0<a href=\"https:\/\/www.focal.com\/en\/focal-teach\/the-slatefiber-cone\" target=\"_blank\" rel=\"noopener\">Slatefiber cone woofer<\/a><\/li>\n<li>Large laminar vent<\/li>\n<li>Identical tonal balance at both low and high volume<\/li>\n<li>Detailed mixes<\/li>\n<li>Connect up to 3 audio sources<\/li>\n<li>Inserts for wall and ceiling fastening<\/li>\n<li>Automatic disengageable stand-by<\/li>\n<li>Protection grilles included<\/li>\n<\/ul>\n<\/div>\n<p><iframe loading=\"lazy\"  id=\"_ytid_32603\"  width=\"1200\" height=\"675\"  data-origwidth=\"1200\" data-origheight=\"675\" src=\"https:\/\/www.youtube.com\/embed\/pFsLNbMcFLY?enablejsapi=1&#038;autoplay=0&#038;cc_load_policy=0&#038;cc_lang_pref=&#038;iv_load_policy=1&#038;loop=0&#038;rel=1&#038;fs=1&#038;playsinline=0&#038;autohide=2&#038;theme=dark&#038;color=red&#038;controls=1&#038;disablekb=0&#038;\" class=\"__youtube_prefs__  epyt-is-override  no-lazyload\" title=\"YouTube player\"  allow=\"fullscreen; accelerometer; autoplay; clipboard-write; encrypted-media; gyroscope; picture-in-picture; web-share\" referrerpolicy=\"strict-origin-when-cross-origin\" allowfullscreen data-no-lazy=\"1\" data-skipgform_ajax_framebjll=\"\"><\/iframe><\/p>\n","protected":false},"excerpt":{"rendered":"<p>aktivni monitori Focal\u00a0 EVO 65 \/ 2 kom<\/p>\n","protected":false},"featured_media":14045,"comment_status":"open","ping_status":"closed","template":"","meta":{"neve_meta_sidebar":"","neve_meta_container":"","neve_meta_enable_content_width":"off","neve_meta_content_width":70,"neve_meta_title_alignment":"","neve_meta_author_avatar":"","neve_post_elements_order":"","neve_meta_disable_header":"","neve_meta_disable_footer":"","neve_meta_disable_title":"","_joinchat":[]},"pwb-brand":[233],"product_brand":[],"product_cat":[99],"product_tag":[146],"class_list":{"0":"post-14044","1":"product","2":"type-product","3":"status-publish","4":"has-post-thumbnail","6":"pwb-brand-focal","7":"product_cat-studio-monitors","8":"product_tag-focal","10":"first","11":"onbackorder","12":"sale","13":"taxable","14":"shipping-taxable","15":"purchasable","16":"product-type-simple"},"yoast_head":"<!-- This site is optimized with the Yoast SEO plugin v27.4 - https:\/\/yoast.com\/product\/yoast-seo-wordpress\/ -->\n<title>Focal Alpha Evo 65 par - Sonarscope Pro Audio<\/title>\n<meta name=\"description\" content=\"aktivni monitori Focal\u00a0 EVO 65 \/ 2 kom\" \/>\n<meta name=\"robots\" content=\"index, follow, max-snippet:-1, max-image-preview:large, max-video-preview:-1\" \/>\n<link rel=\"canonical\" href=\"https:\/\/www.sonarscope.hr\/shop\/proizvod\/focal-alpha-evo-65-par\/\" \/>\n<meta property=\"og:locale\" content=\"hr_HR\" \/>\n<meta property=\"og:type\" content=\"article\" \/>\n<meta property=\"og:title\" content=\"Focal Alpha Evo 65 par - Sonarscope Pro Audio\" \/>\n<meta property=\"og:description\" content=\"aktivni monitori Focal\u00a0 EVO 65 \/ 2 kom\" \/>\n<meta property=\"og:url\" content=\"https:\/\/www.sonarscope.hr\/shop\/proizvod\/focal-alpha-evo-65-par\/\" \/>\n<meta property=\"og:site_name\" content=\"Sonarscope Pro Audio\" \/>\n<meta property=\"article:publisher\" content=\"https:\/\/www.facebook.com\/sonarscope\" \/>\n<meta property=\"article:modified_time\" content=\"2023-03-13T11:12:55+00:00\" \/>\n<meta property=\"og:image\" content=\"https:\/\/www.sonarscope.hr\/shop\/wp-content\/uploads\/2021\/12\/alpha65_evo_34_face.jpg\" \/>\n\t<meta property=\"og:image:width\" content=\"586\" \/>\n\t<meta property=\"og:image:height\" content=\"586\" \/>\n\t<meta property=\"og:image:type\" content=\"image\/jpeg\" \/>\n<meta name=\"twitter:card\" content=\"summary_large_image\" \/>\n<meta name=\"twitter:site\" content=\"@sonarscope\" \/>\n<meta name=\"twitter:label1\" content=\"Procijenjeno vrijeme \u010ditanja\" \/>\n\t<meta name=\"twitter:data1\" content=\"2 minute\" \/>\n<script type=\"application\/ld+json\" class=\"yoast-schema-graph\">{\"@context\":\"https:\\\/\\\/schema.org\",\"@graph\":[{\"@type\":\"WebPage\",\"@id\":\"https:\\\/\\\/www.sonarscope.hr\\\/shop\\\/proizvod\\\/focal-alpha-evo-65-par\\\/\",\"url\":\"https:\\\/\\\/www.sonarscope.hr\\\/shop\\\/proizvod\\\/focal-alpha-evo-65-par\\\/\",\"name\":\"Focal Alpha Evo 65 par - Sonarscope Pro Audio\",\"isPartOf\":{\"@id\":\"https:\\\/\\\/www.sonarscope.hr\\\/shop\\\/#website\"},\"primaryImageOfPage\":{\"@id\":\"https:\\\/\\\/www.sonarscope.hr\\\/shop\\\/proizvod\\\/focal-alpha-evo-65-par\\\/#primaryimage\"},\"image\":{\"@id\":\"https:\\\/\\\/www.sonarscope.hr\\\/shop\\\/proizvod\\\/focal-alpha-evo-65-par\\\/#primaryimage\"},\"thumbnailUrl\":\"https:\\\/\\\/www.sonarscope.hr\\\/shop\\\/wp-content\\\/uploads\\\/2021\\\/12\\\/alpha65_evo_34_face.jpg\",\"datePublished\":\"2021-12-06T11:48:29+00:00\",\"dateModified\":\"2023-03-13T11:12:55+00:00\",\"description\":\"aktivni monitori Focal\u00a0 EVO 65 \\\/ 2 kom\",\"breadcrumb\":{\"@id\":\"https:\\\/\\\/www.sonarscope.hr\\\/shop\\\/proizvod\\\/focal-alpha-evo-65-par\\\/#breadcrumb\"},\"inLanguage\":\"hr\",\"potentialAction\":[{\"@type\":\"ReadAction\",\"target\":[\"https:\\\/\\\/www.sonarscope.hr\\\/shop\\\/proizvod\\\/focal-alpha-evo-65-par\\\/\"]}]},{\"@type\":\"ImageObject\",\"inLanguage\":\"hr\",\"@id\":\"https:\\\/\\\/www.sonarscope.hr\\\/shop\\\/proizvod\\\/focal-alpha-evo-65-par\\\/#primaryimage\",\"url\":\"https:\\\/\\\/www.sonarscope.hr\\\/shop\\\/wp-content\\\/uploads\\\/2021\\\/12\\\/alpha65_evo_34_face.jpg\",\"contentUrl\":\"https:\\\/\\\/www.sonarscope.hr\\\/shop\\\/wp-content\\\/uploads\\\/2021\\\/12\\\/alpha65_evo_34_face.jpg\",\"width\":586,\"height\":586},{\"@type\":\"BreadcrumbList\",\"@id\":\"https:\\\/\\\/www.sonarscope.hr\\\/shop\\\/proizvod\\\/focal-alpha-evo-65-par\\\/#breadcrumb\",\"itemListElement\":[{\"@type\":\"ListItem\",\"position\":1,\"name\":\"Home\",\"item\":\"https:\\\/\\\/www.sonarscope.hr\\\/shop\\\/\"},{\"@type\":\"ListItem\",\"position\":2,\"name\":\"Katalog\",\"item\":\"https:\\\/\\\/www.sonarscope.hr\\\/shop\\\/shop\\\/\"},{\"@type\":\"ListItem\",\"position\":3,\"name\":\"Focal Alpha Evo 65 par\"}]},{\"@type\":\"WebSite\",\"@id\":\"https:\\\/\\\/www.sonarscope.hr\\\/shop\\\/#website\",\"url\":\"https:\\\/\\\/www.sonarscope.hr\\\/shop\\\/\",\"name\":\"Sonarscope Pro Audio\",\"description\":\"DJ i Pro Audio studijska oprema\",\"publisher\":{\"@id\":\"https:\\\/\\\/www.sonarscope.hr\\\/shop\\\/#organization\"},\"potentialAction\":[{\"@type\":\"SearchAction\",\"target\":{\"@type\":\"EntryPoint\",\"urlTemplate\":\"https:\\\/\\\/www.sonarscope.hr\\\/shop\\\/?s={search_term_string}\"},\"query-input\":{\"@type\":\"PropertyValueSpecification\",\"valueRequired\":true,\"valueName\":\"search_term_string\"}}],\"inLanguage\":\"hr\"},{\"@type\":\"Organization\",\"@id\":\"https:\\\/\\\/www.sonarscope.hr\\\/shop\\\/#organization\",\"name\":\"Sonarscope Pro Audio\",\"url\":\"https:\\\/\\\/www.sonarscope.hr\\\/shop\\\/\",\"logo\":{\"@type\":\"ImageObject\",\"inLanguage\":\"hr\",\"@id\":\"https:\\\/\\\/www.sonarscope.hr\\\/shop\\\/#\\\/schema\\\/logo\\\/image\\\/\",\"url\":\"https:\\\/\\\/www.sonarscope.hr\\\/shop\\\/wp-content\\\/uploads\\\/2020\\\/02\\\/cropped-cropped-cropped-cropped-Sonarscope_logotip_470_110-1.png\",\"contentUrl\":\"https:\\\/\\\/www.sonarscope.hr\\\/shop\\\/wp-content\\\/uploads\\\/2020\\\/02\\\/cropped-cropped-cropped-cropped-Sonarscope_logotip_470_110-1.png\",\"width\":470,\"height\":72,\"caption\":\"Sonarscope Pro Audio\"},\"image\":{\"@id\":\"https:\\\/\\\/www.sonarscope.hr\\\/shop\\\/#\\\/schema\\\/logo\\\/image\\\/\"},\"sameAs\":[\"https:\\\/\\\/www.facebook.com\\\/sonarscope\",\"https:\\\/\\\/x.com\\\/sonarscope\",\"https:\\\/\\\/www.instagram.com\\\/sonarscope\\\/\",\"https:\\\/\\\/www.linkedin.com\\\/company\\\/sonarscope\",\"https:\\\/\\\/www.youtube.com\\\/user\\\/sonarscopevideo\"]}]}<\/script>\n<!-- \/ Yoast SEO plugin. -->","yoast_head_json":{"title":"Focal Alpha Evo 65 par - Sonarscope Pro Audio","description":"aktivni monitori Focal\u00a0 EVO 65 \/ 2 kom","robots":{"index":"index","follow":"follow","max-snippet":"max-snippet:-1","max-image-preview":"max-image-preview:large","max-video-preview":"max-video-preview:-1"},"canonical":"https:\/\/www.sonarscope.hr\/shop\/proizvod\/focal-alpha-evo-65-par\/","og_locale":"hr_HR","og_type":"article","og_title":"Focal Alpha Evo 65 par - Sonarscope Pro Audio","og_description":"aktivni monitori Focal\u00a0 EVO 65 \/ 2 kom","og_url":"https:\/\/www.sonarscope.hr\/shop\/proizvod\/focal-alpha-evo-65-par\/","og_site_name":"Sonarscope Pro Audio","article_publisher":"https:\/\/www.facebook.com\/sonarscope","article_modified_time":"2023-03-13T11:12:55+00:00","og_image":[{"width":586,"height":586,"url":"https:\/\/www.sonarscope.hr\/shop\/wp-content\/uploads\/2021\/12\/alpha65_evo_34_face.jpg","type":"image\/jpeg"}],"twitter_card":"summary_large_image","twitter_site":"@sonarscope","twitter_misc":{"Procijenjeno vrijeme \u010ditanja":"2 minute"},"schema":{"@context":"https:\/\/schema.org","@graph":[{"@type":"WebPage","@id":"https:\/\/www.sonarscope.hr\/shop\/proizvod\/focal-alpha-evo-65-par\/","url":"https:\/\/www.sonarscope.hr\/shop\/proizvod\/focal-alpha-evo-65-par\/","name":"Focal Alpha Evo 65 par - Sonarscope Pro Audio","isPartOf":{"@id":"https:\/\/www.sonarscope.hr\/shop\/#website"},"primaryImageOfPage":{"@id":"https:\/\/www.sonarscope.hr\/shop\/proizvod\/focal-alpha-evo-65-par\/#primaryimage"},"image":{"@id":"https:\/\/www.sonarscope.hr\/shop\/proizvod\/focal-alpha-evo-65-par\/#primaryimage"},"thumbnailUrl":"https:\/\/www.sonarscope.hr\/shop\/wp-content\/uploads\/2021\/12\/alpha65_evo_34_face.jpg","datePublished":"2021-12-06T11:48:29+00:00","dateModified":"2023-03-13T11:12:55+00:00","description":"aktivni monitori Focal\u00a0 EVO 65 \/ 2 kom","breadcrumb":{"@id":"https:\/\/www.sonarscope.hr\/shop\/proizvod\/focal-alpha-evo-65-par\/#breadcrumb"},"inLanguage":"hr","potentialAction":[{"@type":"ReadAction","target":["https:\/\/www.sonarscope.hr\/shop\/proizvod\/focal-alpha-evo-65-par\/"]}]},{"@type":"ImageObject","inLanguage":"hr","@id":"https:\/\/www.sonarscope.hr\/shop\/proizvod\/focal-alpha-evo-65-par\/#primaryimage","url":"https:\/\/www.sonarscope.hr\/shop\/wp-content\/uploads\/2021\/12\/alpha65_evo_34_face.jpg","contentUrl":"https:\/\/www.sonarscope.hr\/shop\/wp-content\/uploads\/2021\/12\/alpha65_evo_34_face.jpg","width":586,"height":586},{"@type":"BreadcrumbList","@id":"https:\/\/www.sonarscope.hr\/shop\/proizvod\/focal-alpha-evo-65-par\/#breadcrumb","itemListElement":[{"@type":"ListItem","position":1,"name":"Home","item":"https:\/\/www.sonarscope.hr\/shop\/"},{"@type":"ListItem","position":2,"name":"Katalog","item":"https:\/\/www.sonarscope.hr\/shop\/shop\/"},{"@type":"ListItem","position":3,"name":"Focal Alpha Evo 65 par"}]},{"@type":"WebSite","@id":"https:\/\/www.sonarscope.hr\/shop\/#website","url":"https:\/\/www.sonarscope.hr\/shop\/","name":"Sonarscope Pro Audio","description":"DJ i Pro Audio studijska oprema","publisher":{"@id":"https:\/\/www.sonarscope.hr\/shop\/#organization"},"potentialAction":[{"@type":"SearchAction","target":{"@type":"EntryPoint","urlTemplate":"https:\/\/www.sonarscope.hr\/shop\/?s={search_term_string}"},"query-input":{"@type":"PropertyValueSpecification","valueRequired":true,"valueName":"search_term_string"}}],"inLanguage":"hr"},{"@type":"Organization","@id":"https:\/\/www.sonarscope.hr\/shop\/#organization","name":"Sonarscope Pro Audio","url":"https:\/\/www.sonarscope.hr\/shop\/","logo":{"@type":"ImageObject","inLanguage":"hr","@id":"https:\/\/www.sonarscope.hr\/shop\/#\/schema\/logo\/image\/","url":"https:\/\/www.sonarscope.hr\/shop\/wp-content\/uploads\/2020\/02\/cropped-cropped-cropped-cropped-Sonarscope_logotip_470_110-1.png","contentUrl":"https:\/\/www.sonarscope.hr\/shop\/wp-content\/uploads\/2020\/02\/cropped-cropped-cropped-cropped-Sonarscope_logotip_470_110-1.png","width":470,"height":72,"caption":"Sonarscope Pro Audio"},"image":{"@id":"https:\/\/www.sonarscope.hr\/shop\/#\/schema\/logo\/image\/"},"sameAs":["https:\/\/www.facebook.com\/sonarscope","https:\/\/x.com\/sonarscope","https:\/\/www.instagram.com\/sonarscope\/","https:\/\/www.linkedin.com\/company\/sonarscope","https:\/\/www.youtube.com\/user\/sonarscopevideo"]}]}},"brands":[{"id":233,"name":"Focal","slug":"focal"}],"_links":{"self":[{"href":"https:\/\/www.sonarscope.hr\/shop\/wp-json\/wp\/v2\/product\/14044","targetHints":{"allow":["GET"]}}],"collection":[{"href":"https:\/\/www.sonarscope.hr\/shop\/wp-json\/wp\/v2\/product"}],"about":[{"href":"https:\/\/www.sonarscope.hr\/shop\/wp-json\/wp\/v2\/types\/product"}],"replies":[{"embeddable":true,"href":"https:\/\/www.sonarscope.hr\/shop\/wp-json\/wp\/v2\/comments?post=14044"}],"wp:featuredmedia":[{"embeddable":true,"href":"https:\/\/www.sonarscope.hr\/shop\/wp-json\/wp\/v2\/media\/14045"}],"wp:attachment":[{"href":"https:\/\/www.sonarscope.hr\/shop\/wp-json\/wp\/v2\/media?parent=14044"}],"wp:term":[{"taxonomy":"pwb-brand","embeddable":true,"href":"https:\/\/www.sonarscope.hr\/shop\/wp-json\/wp\/v2\/pwb-brand?post=14044"},{"taxonomy":"product_brand","embeddable":true,"href":"https:\/\/www.sonarscope.hr\/shop\/wp-json\/wp\/v2\/product_brand?post=14044"},{"taxonomy":"product_cat","embeddable":true,"href":"https:\/\/www.sonarscope.hr\/shop\/wp-json\/wp\/v2\/product_cat?post=14044"},{"taxonomy":"product_tag","embeddable":true,"href":"https:\/\/www.sonarscope.hr\/shop\/wp-json\/wp\/v2\/product_tag?post=14044"}],"curies":[{"name":"wp","href":"https:\/\/api.w.org\/{rel}","templated":true}]}}