{"id":24453,"date":"2023-06-30T18:09:36","date_gmt":"2023-06-30T16:09:36","guid":{"rendered":"https:\/\/www.sonarscope.hr\/shop\/?post_type=product&#038;p=24453"},"modified":"2024-09-16T19:58:08","modified_gmt":"2024-09-16T17:58:08","slug":"polyend-tracker-mini","status":"publish","type":"product","link":"https:\/\/www.sonarscope.hr\/shop\/proizvod\/polyend-tracker-mini\/","title":{"rendered":"Polyend Tracker Mini"},"content":{"rendered":"<p>Polyend Tracker Mini projekti mogu sadr\u017eavati do 48 instrumenata s 256 uzoraka i 128 koraka po uzorku &#8211; tako da su kompozicije ograni\u010dene samo va\u0161om ma\u0161tom! I svi se reproduciraju u ikoni\u010dnom vertikalnom stupcu, koji stru\u010dnjaci za tracker smatraju idealnim na\u010dinom za komponiranje elektroni\u010dke glazbe.<\/p>\n<p> Osim sekcije sa efektima uzorka, Polyend Tracker Mini je opremljen brojnim alatima za kompoziciju, uklju\u010duju\u0107i automatsko popunjavanje uzorka, efekte po koraku, valjanje uzorka te grupno i globalno ure\u0111ivanje parametara. Nakon \u0161to ste sastavili svoje uzorke, Song Arranger olak\u0161ava njihovo sastavljanje u zavr\u0161eni komad, koji mo\u017eete spremiti na microSD karticu kao stereo master ili kao stemove za prijenos na va\u0161u DAW.<\/p>\n<p>Bezbroj manipulacija zvuka<\/p>\n<p>Polyend Tracker Mini je prije svega alat za produkciju glazbe temeljen na samplovima. I s tim ciljem, uklju\u010duje mo\u0107ne mogu\u0107nosti manipulacije. Tracker Mini vam omogu\u0107uje prijenos samplova  putem microSD kartice, uklju\u010denog USB-A do microSD adaptera ili njihovo snimanje u stvarnom vremenu putem ugra\u0111enog mikrofona ili linijskog ulaza. Nakon \u0161to dobijete svoj sample, mo\u017eete ga ru\u010dno obrezati ili prepustiti Tracker Mini da to automatski obavi za vas. Zatim je vrijeme da oblikujete, izmijenite i preobrazite svoj sample s setom alata za promjenu tonaliteta, filterima, reverba, deleja , te granularnom  sintezom.<\/p>\n<p><iframe loading=\"lazy\"  id=\"_ytid_33511\"  width=\"1200\" height=\"675\"  data-origwidth=\"1200\" data-origheight=\"675\" src=\"https:\/\/www.youtube.com\/embed\/ZGitu4oy_3w?enablejsapi=1&#038;autoplay=0&#038;cc_load_policy=0&#038;cc_lang_pref=&#038;iv_load_policy=1&#038;loop=0&#038;rel=1&#038;fs=1&#038;playsinline=0&#038;autohide=2&#038;theme=dark&#038;color=red&#038;controls=1&#038;disablekb=0&#038;\" class=\"__youtube_prefs__  epyt-is-override  no-lazyload\" title=\"YouTube player\"  allow=\"fullscreen; accelerometer; autoplay; clipboard-write; encrypted-media; gyroscope; picture-in-picture; web-share\" referrerpolicy=\"strict-origin-when-cross-origin\" allowfullscreen data-no-lazy=\"1\" data-skipgform_ajax_framebjll=\"\"><\/iframe><\/p>\n<p>Polyend Tracker Mini Standalone Audio Workstation<\/p>\n<p>Equipped with a high-quality microphone and an onboard battery that provides up to 8 hours of playtime, the Tracker Mini enables you to instantly transform your surroundings into a musical canvas. You can create a sample pack from a camping trip or craft a drum kit from your morning commute. Store your sonic memories, get inspired, and leave the studio behind.<\/p>\n<p>the Tracker has wavetable and granular synth engines built in. Now, those are sample-based synthesis techniques, so it&#8217;s not that big a leap from sampler, to granular synth.<\/p>\n<p>Built-in battery<br \/>\n\u2014<br \/>\nYes<br \/>\nBuilt-in microphone<br \/>\n\u2014<br \/>\nYes<br \/>\nExtended memory<br \/>\n\u2014<br \/>\nYes<br \/>\nStereo samples<br \/>\n\u2014<br \/>\nYes<br \/>\nAudio over USB<br \/>\n\u2014<br \/>\nYes<br \/>\nHard Case included<br \/>\n\u2014<br \/>\nYes<\/p>\n<p>Tech Specs<br \/>\nIns &#038; Outs<br \/>\nStereo Line In<br \/>\nStereo Line\/Headphones Out<br \/>\nMIDI In<br \/>\nMIDI Out<br \/>\nUSB-C<br \/>\nIn the box<br \/>\nPolyend Tracker Mini Hard case<br \/>\nPolyend Tracker Mini Essential References book<br \/>\nUSB\u2011A power adapter<br \/>\nUSB-C cable (2 m)<br \/>\nStereo 3.5 mm to 2x Mono 6.3 mm adapter<br \/>\nMinijack to MIDI DIN adapter (Type B)<br \/>\n16 GB MicroSD Card<br \/>\nMicroSD to USB-A Adapter<br \/>\nSize and Weight<br \/>\nHeight (w\/buttons): 0.82 inches (2.1 cm)<br \/>\nWidth: 6.70 inches (17 cm)<br \/>\nDepth: 5.12 inches (13 cm)<br \/>\nWeight: device: 0.77 lbs, incl. hard case: 1.34 lbs<br \/>\n(device: 350 g, incl. hard case: 606 g)<\/p>\n","protected":false},"excerpt":{"rendered":"<p>Polyend Tracker Mini projekti mogu sadr\u017eavati do 48 instrumenata s 256 uzoraka i 128 koraka po uzorku &#8211; tako da su kompozicije ograni\u010dene samo va\u0161om ma\u0161tom! I svi se reproduciraju u ikoni\u010dnom vertikalnom stupcu, koji stru\u010dnjaci za tracker smatraju idealnim na\u010dinom za komponiranje elektroni\u010dke glazbe. Osim sekcije sa efektima uzorka, Polyend Tracker Mini je opremljen&hellip;&nbsp;<a href=\"https:\/\/www.sonarscope.hr\/shop\/proizvod\/polyend-tracker-mini\/\" rel=\"bookmark\">Read More &raquo;<span class=\"screen-reader-text\">Polyend Tracker Mini<\/span><\/a><\/p>\n","protected":false},"featured_media":24454,"comment_status":"open","ping_status":"closed","template":"","meta":{"neve_meta_sidebar":"","neve_meta_container":"","neve_meta_enable_content_width":"off","neve_meta_content_width":100,"neve_meta_title_alignment":"","neve_meta_author_avatar":"","neve_post_elements_order":"","neve_meta_disable_header":"","neve_meta_disable_footer":"","neve_meta_disable_title":"","_joinchat":[]},"pwb-brand":[418],"product_brand":[],"product_cat":[624,358,289,100],"product_tag":[419],"class_list":{"0":"post-24453","1":"product","2":"type-product","3":"status-publish","4":"has-post-thumbnail","6":"pwb-brand-polyend","7":"product_cat-daw","8":"product_cat-daw_virtual_studio","9":"product_cat-studio-oprema","10":"product_cat-synthesizers","11":"product_tag-polyend","13":"first","14":"instock","15":"taxable","16":"shipping-taxable","17":"purchasable","18":"product-type-simple"},"yoast_head":"<!-- This site is optimized with the Yoast SEO plugin v27.4 - https:\/\/yoast.com\/product\/yoast-seo-wordpress\/ -->\n<title>Polyend Tracker Mini - Sonarscope Pro Audio<\/title>\n<meta name=\"description\" content=\"Polyend Tracker Mini projekti mogu sadr\u017eavati do 48 instrumenata s 256 uzoraka i 128 koraka po uzorku - tako da su kompozicije ograni\u010dene samo va\u0161om\" \/>\n<meta name=\"robots\" content=\"index, follow, max-snippet:-1, max-image-preview:large, max-video-preview:-1\" \/>\n<link rel=\"canonical\" href=\"https:\/\/www.sonarscope.hr\/shop\/proizvod\/polyend-tracker-mini\/\" \/>\n<meta property=\"og:locale\" content=\"hr_HR\" \/>\n<meta property=\"og:type\" content=\"article\" \/>\n<meta property=\"og:title\" content=\"Polyend Tracker Mini - Sonarscope Pro Audio\" \/>\n<meta property=\"og:description\" content=\"Polyend Tracker Mini projekti mogu sadr\u017eavati do 48 instrumenata s 256 uzoraka i 128 koraka po uzorku - tako da su kompozicije ograni\u010dene samo va\u0161om\" \/>\n<meta property=\"og:url\" content=\"https:\/\/www.sonarscope.hr\/shop\/proizvod\/polyend-tracker-mini\/\" \/>\n<meta property=\"og:site_name\" content=\"Sonarscope Pro Audio\" \/>\n<meta property=\"article:publisher\" content=\"https:\/\/www.facebook.com\/sonarscope\" \/>\n<meta property=\"article:modified_time\" content=\"2024-09-16T17:58:08+00:00\" \/>\n<meta property=\"og:image\" content=\"https:\/\/www.sonarscope.hr\/shop\/wp-content\/uploads\/2023\/06\/tracker-mini__angle.png\" \/>\n\t<meta property=\"og:image:width\" content=\"1400\" \/>\n\t<meta property=\"og:image:height\" content=\"1064\" \/>\n\t<meta property=\"og:image:type\" content=\"image\/png\" \/>\n<meta name=\"twitter:card\" content=\"summary_large_image\" \/>\n<meta name=\"twitter:site\" content=\"@sonarscope\" \/>\n<meta name=\"twitter:label1\" content=\"Procijenjeno vrijeme \u010ditanja\" \/>\n\t<meta name=\"twitter:data1\" content=\"3 minute\" \/>\n<script type=\"application\/ld+json\" class=\"yoast-schema-graph\">{\"@context\":\"https:\\\/\\\/schema.org\",\"@graph\":[{\"@type\":\"WebPage\",\"@id\":\"https:\\\/\\\/www.sonarscope.hr\\\/shop\\\/proizvod\\\/polyend-tracker-mini\\\/\",\"url\":\"https:\\\/\\\/www.sonarscope.hr\\\/shop\\\/proizvod\\\/polyend-tracker-mini\\\/\",\"name\":\"Polyend Tracker Mini - Sonarscope Pro Audio\",\"isPartOf\":{\"@id\":\"https:\\\/\\\/www.sonarscope.hr\\\/shop\\\/#website\"},\"primaryImageOfPage\":{\"@id\":\"https:\\\/\\\/www.sonarscope.hr\\\/shop\\\/proizvod\\\/polyend-tracker-mini\\\/#primaryimage\"},\"image\":{\"@id\":\"https:\\\/\\\/www.sonarscope.hr\\\/shop\\\/proizvod\\\/polyend-tracker-mini\\\/#primaryimage\"},\"thumbnailUrl\":\"https:\\\/\\\/www.sonarscope.hr\\\/shop\\\/wp-content\\\/uploads\\\/2023\\\/06\\\/tracker-mini__angle.png\",\"datePublished\":\"2023-06-30T16:09:36+00:00\",\"dateModified\":\"2024-09-16T17:58:08+00:00\",\"description\":\"Polyend Tracker Mini projekti mogu sadr\u017eavati do 48 instrumenata s 256 uzoraka i 128 koraka po uzorku - tako da su kompozicije ograni\u010dene samo va\u0161om\",\"breadcrumb\":{\"@id\":\"https:\\\/\\\/www.sonarscope.hr\\\/shop\\\/proizvod\\\/polyend-tracker-mini\\\/#breadcrumb\"},\"inLanguage\":\"hr\",\"potentialAction\":[{\"@type\":\"ReadAction\",\"target\":[\"https:\\\/\\\/www.sonarscope.hr\\\/shop\\\/proizvod\\\/polyend-tracker-mini\\\/\"]}]},{\"@type\":\"ImageObject\",\"inLanguage\":\"hr\",\"@id\":\"https:\\\/\\\/www.sonarscope.hr\\\/shop\\\/proizvod\\\/polyend-tracker-mini\\\/#primaryimage\",\"url\":\"https:\\\/\\\/www.sonarscope.hr\\\/shop\\\/wp-content\\\/uploads\\\/2023\\\/06\\\/tracker-mini__angle.png\",\"contentUrl\":\"https:\\\/\\\/www.sonarscope.hr\\\/shop\\\/wp-content\\\/uploads\\\/2023\\\/06\\\/tracker-mini__angle.png\",\"width\":1400,\"height\":1064,\"caption\":\"tracker mini Polyend\"},{\"@type\":\"BreadcrumbList\",\"@id\":\"https:\\\/\\\/www.sonarscope.hr\\\/shop\\\/proizvod\\\/polyend-tracker-mini\\\/#breadcrumb\",\"itemListElement\":[{\"@type\":\"ListItem\",\"position\":1,\"name\":\"Home\",\"item\":\"https:\\\/\\\/www.sonarscope.hr\\\/shop\\\/\"},{\"@type\":\"ListItem\",\"position\":2,\"name\":\"Katalog\",\"item\":\"https:\\\/\\\/www.sonarscope.hr\\\/shop\\\/shop\\\/\"},{\"@type\":\"ListItem\",\"position\":3,\"name\":\"Polyend Tracker Mini\"}]},{\"@type\":\"WebSite\",\"@id\":\"https:\\\/\\\/www.sonarscope.hr\\\/shop\\\/#website\",\"url\":\"https:\\\/\\\/www.sonarscope.hr\\\/shop\\\/\",\"name\":\"Sonarscope Pro Audio\",\"description\":\"DJ i Pro Audio studijska oprema\",\"publisher\":{\"@id\":\"https:\\\/\\\/www.sonarscope.hr\\\/shop\\\/#organization\"},\"potentialAction\":[{\"@type\":\"SearchAction\",\"target\":{\"@type\":\"EntryPoint\",\"urlTemplate\":\"https:\\\/\\\/www.sonarscope.hr\\\/shop\\\/?s={search_term_string}\"},\"query-input\":{\"@type\":\"PropertyValueSpecification\",\"valueRequired\":true,\"valueName\":\"search_term_string\"}}],\"inLanguage\":\"hr\"},{\"@type\":\"Organization\",\"@id\":\"https:\\\/\\\/www.sonarscope.hr\\\/shop\\\/#organization\",\"name\":\"Sonarscope Pro Audio\",\"url\":\"https:\\\/\\\/www.sonarscope.hr\\\/shop\\\/\",\"logo\":{\"@type\":\"ImageObject\",\"inLanguage\":\"hr\",\"@id\":\"https:\\\/\\\/www.sonarscope.hr\\\/shop\\\/#\\\/schema\\\/logo\\\/image\\\/\",\"url\":\"https:\\\/\\\/www.sonarscope.hr\\\/shop\\\/wp-content\\\/uploads\\\/2020\\\/02\\\/cropped-cropped-cropped-cropped-Sonarscope_logotip_470_110-1.png\",\"contentUrl\":\"https:\\\/\\\/www.sonarscope.hr\\\/shop\\\/wp-content\\\/uploads\\\/2020\\\/02\\\/cropped-cropped-cropped-cropped-Sonarscope_logotip_470_110-1.png\",\"width\":470,\"height\":72,\"caption\":\"Sonarscope Pro Audio\"},\"image\":{\"@id\":\"https:\\\/\\\/www.sonarscope.hr\\\/shop\\\/#\\\/schema\\\/logo\\\/image\\\/\"},\"sameAs\":[\"https:\\\/\\\/www.facebook.com\\\/sonarscope\",\"https:\\\/\\\/x.com\\\/sonarscope\",\"https:\\\/\\\/www.instagram.com\\\/sonarscope\\\/\",\"https:\\\/\\\/www.linkedin.com\\\/company\\\/sonarscope\",\"https:\\\/\\\/www.youtube.com\\\/user\\\/sonarscopevideo\"]}]}<\/script>\n<!-- \/ Yoast SEO plugin. -->","yoast_head_json":{"title":"Polyend Tracker Mini - Sonarscope Pro Audio","description":"Polyend Tracker Mini projekti mogu sadr\u017eavati do 48 instrumenata s 256 uzoraka i 128 koraka po uzorku - tako da su kompozicije ograni\u010dene samo va\u0161om","robots":{"index":"index","follow":"follow","max-snippet":"max-snippet:-1","max-image-preview":"max-image-preview:large","max-video-preview":"max-video-preview:-1"},"canonical":"https:\/\/www.sonarscope.hr\/shop\/proizvod\/polyend-tracker-mini\/","og_locale":"hr_HR","og_type":"article","og_title":"Polyend Tracker Mini - Sonarscope Pro Audio","og_description":"Polyend Tracker Mini projekti mogu sadr\u017eavati do 48 instrumenata s 256 uzoraka i 128 koraka po uzorku - tako da su kompozicije ograni\u010dene samo va\u0161om","og_url":"https:\/\/www.sonarscope.hr\/shop\/proizvod\/polyend-tracker-mini\/","og_site_name":"Sonarscope Pro Audio","article_publisher":"https:\/\/www.facebook.com\/sonarscope","article_modified_time":"2024-09-16T17:58:08+00:00","og_image":[{"width":1400,"height":1064,"url":"https:\/\/www.sonarscope.hr\/shop\/wp-content\/uploads\/2023\/06\/tracker-mini__angle.png","type":"image\/png"}],"twitter_card":"summary_large_image","twitter_site":"@sonarscope","twitter_misc":{"Procijenjeno vrijeme \u010ditanja":"3 minute"},"schema":{"@context":"https:\/\/schema.org","@graph":[{"@type":"WebPage","@id":"https:\/\/www.sonarscope.hr\/shop\/proizvod\/polyend-tracker-mini\/","url":"https:\/\/www.sonarscope.hr\/shop\/proizvod\/polyend-tracker-mini\/","name":"Polyend Tracker Mini - Sonarscope Pro Audio","isPartOf":{"@id":"https:\/\/www.sonarscope.hr\/shop\/#website"},"primaryImageOfPage":{"@id":"https:\/\/www.sonarscope.hr\/shop\/proizvod\/polyend-tracker-mini\/#primaryimage"},"image":{"@id":"https:\/\/www.sonarscope.hr\/shop\/proizvod\/polyend-tracker-mini\/#primaryimage"},"thumbnailUrl":"https:\/\/www.sonarscope.hr\/shop\/wp-content\/uploads\/2023\/06\/tracker-mini__angle.png","datePublished":"2023-06-30T16:09:36+00:00","dateModified":"2024-09-16T17:58:08+00:00","description":"Polyend Tracker Mini projekti mogu sadr\u017eavati do 48 instrumenata s 256 uzoraka i 128 koraka po uzorku - tako da su kompozicije ograni\u010dene samo va\u0161om","breadcrumb":{"@id":"https:\/\/www.sonarscope.hr\/shop\/proizvod\/polyend-tracker-mini\/#breadcrumb"},"inLanguage":"hr","potentialAction":[{"@type":"ReadAction","target":["https:\/\/www.sonarscope.hr\/shop\/proizvod\/polyend-tracker-mini\/"]}]},{"@type":"ImageObject","inLanguage":"hr","@id":"https:\/\/www.sonarscope.hr\/shop\/proizvod\/polyend-tracker-mini\/#primaryimage","url":"https:\/\/www.sonarscope.hr\/shop\/wp-content\/uploads\/2023\/06\/tracker-mini__angle.png","contentUrl":"https:\/\/www.sonarscope.hr\/shop\/wp-content\/uploads\/2023\/06\/tracker-mini__angle.png","width":1400,"height":1064,"caption":"tracker mini Polyend"},{"@type":"BreadcrumbList","@id":"https:\/\/www.sonarscope.hr\/shop\/proizvod\/polyend-tracker-mini\/#breadcrumb","itemListElement":[{"@type":"ListItem","position":1,"name":"Home","item":"https:\/\/www.sonarscope.hr\/shop\/"},{"@type":"ListItem","position":2,"name":"Katalog","item":"https:\/\/www.sonarscope.hr\/shop\/shop\/"},{"@type":"ListItem","position":3,"name":"Polyend Tracker Mini"}]},{"@type":"WebSite","@id":"https:\/\/www.sonarscope.hr\/shop\/#website","url":"https:\/\/www.sonarscope.hr\/shop\/","name":"Sonarscope Pro Audio","description":"DJ i Pro Audio studijska oprema","publisher":{"@id":"https:\/\/www.sonarscope.hr\/shop\/#organization"},"potentialAction":[{"@type":"SearchAction","target":{"@type":"EntryPoint","urlTemplate":"https:\/\/www.sonarscope.hr\/shop\/?s={search_term_string}"},"query-input":{"@type":"PropertyValueSpecification","valueRequired":true,"valueName":"search_term_string"}}],"inLanguage":"hr"},{"@type":"Organization","@id":"https:\/\/www.sonarscope.hr\/shop\/#organization","name":"Sonarscope Pro Audio","url":"https:\/\/www.sonarscope.hr\/shop\/","logo":{"@type":"ImageObject","inLanguage":"hr","@id":"https:\/\/www.sonarscope.hr\/shop\/#\/schema\/logo\/image\/","url":"https:\/\/www.sonarscope.hr\/shop\/wp-content\/uploads\/2020\/02\/cropped-cropped-cropped-cropped-Sonarscope_logotip_470_110-1.png","contentUrl":"https:\/\/www.sonarscope.hr\/shop\/wp-content\/uploads\/2020\/02\/cropped-cropped-cropped-cropped-Sonarscope_logotip_470_110-1.png","width":470,"height":72,"caption":"Sonarscope Pro Audio"},"image":{"@id":"https:\/\/www.sonarscope.hr\/shop\/#\/schema\/logo\/image\/"},"sameAs":["https:\/\/www.facebook.com\/sonarscope","https:\/\/x.com\/sonarscope","https:\/\/www.instagram.com\/sonarscope\/","https:\/\/www.linkedin.com\/company\/sonarscope","https:\/\/www.youtube.com\/user\/sonarscopevideo"]}]}},"brands":[{"id":418,"name":"Polyend","slug":"polyend"}],"_links":{"self":[{"href":"https:\/\/www.sonarscope.hr\/shop\/wp-json\/wp\/v2\/product\/24453","targetHints":{"allow":["GET"]}}],"collection":[{"href":"https:\/\/www.sonarscope.hr\/shop\/wp-json\/wp\/v2\/product"}],"about":[{"href":"https:\/\/www.sonarscope.hr\/shop\/wp-json\/wp\/v2\/types\/product"}],"replies":[{"embeddable":true,"href":"https:\/\/www.sonarscope.hr\/shop\/wp-json\/wp\/v2\/comments?post=24453"}],"wp:featuredmedia":[{"embeddable":true,"href":"https:\/\/www.sonarscope.hr\/shop\/wp-json\/wp\/v2\/media\/24454"}],"wp:attachment":[{"href":"https:\/\/www.sonarscope.hr\/shop\/wp-json\/wp\/v2\/media?parent=24453"}],"wp:term":[{"taxonomy":"pwb-brand","embeddable":true,"href":"https:\/\/www.sonarscope.hr\/shop\/wp-json\/wp\/v2\/pwb-brand?post=24453"},{"taxonomy":"product_brand","embeddable":true,"href":"https:\/\/www.sonarscope.hr\/shop\/wp-json\/wp\/v2\/product_brand?post=24453"},{"taxonomy":"product_cat","embeddable":true,"href":"https:\/\/www.sonarscope.hr\/shop\/wp-json\/wp\/v2\/product_cat?post=24453"},{"taxonomy":"product_tag","embeddable":true,"href":"https:\/\/www.sonarscope.hr\/shop\/wp-json\/wp\/v2\/product_tag?post=24453"}],"curies":[{"name":"wp","href":"https:\/\/api.w.org\/{rel}","templated":true}]}}