{"id":2593,"date":"2017-08-28T09:20:25","date_gmt":"2017-08-28T07:20:25","guid":{"rendered":"http:\/\/www.sonarscope.hr\/shop\/?post_type=product&#038;p=2593"},"modified":"2023-03-13T13:45:53","modified_gmt":"2023-03-13T11:45:53","slug":"zoom-h5-rucni-snimac","status":"publish","type":"product","link":"https:\/\/www.sonarscope.hr\/shop\/proizvod\/zoom-h5-rucni-snimac\/","title":{"rendered":"Zoom H5 rucni snimac"},"content":{"rendered":"<div class=\"field-item even\">\n<div class=\"container\">\n<div class=\"feature-copy\">\n<h4 class=\"feature-title\">Louder. Closer. Cleaner.<\/h4>\n<div class=\"field field-name-field-feature-body field-type-text-long field-label-hidden\">\n<div class=\"field-items\">\n<div class=\"field-item even\">\n<p>X\/Y recording allows you to cover a wide area yet still capture sound sources in the center with clarity and definition, making it ideal for all types of live stereo recording.\u00a0The XYH-5 X\/Y microphone capsule included with the H5 provides two matched unidirectional condenser microphones set at a 90 degree angle. These are housed within an advanced shockmount that employs rugged external mic wires and rubberized material to isolate the unit from the H5 body and thus minimize vibration and handling noise.\u00a0 The design of the XYH-5 also allows the H5 to handle louder sounds than any other Handy Recorder model: 140 dB SPL, to be precise\u2014equivalent to the sound of a jet aircraft from less than 200 feet away\u2014enabling you to capture sounds louder, closer, and cleaner than you ever could\u00a0before.<\/p>\n<\/div>\n<\/div>\n<\/div>\n<\/div>\n<\/div>\n<div class=\"imgcontainer\">\n<div class=\"intrinsic-container\">\n<div>\n<div class=\"field field-name-field-feature-image field-type-image field-label-hidden\">\n<div class=\"field-items\">\n<div class=\"field-item even\"><img decoding=\"async\" src=\"https:\/\/www.zoom-na.com\/sites\/default\/files\/styles\/product_feature\/public\/products\/product-features\/xycloseup_h5.png?itok=_f-RE7Pq\" alt=\"\" \/><\/div>\n<div>\n<h4 class=\"feature-title\">The Hardware<\/h4>\n<div class=\"field field-name-field-feature-body field-type-text-long field-label-hidden\">\n<div class=\"field-items\">\n<div class=\"field-item even\"><center><br \/>\n<strong>Ins &amp; Outs<\/strong><br \/>\nIn addition to standard transport controls (stop, play\/pause, record, rewind, and fast-forward), the front panel of the H5 offers dedicated record arming buttons for each track, which double as mute switches during playback. A Hold switch disables all front panel buttons to prevent accidental operation during recording. The H5 can be attached to a camera strap or, with the use of our optional Hot Shoe mount, mounted directly to a DSLR or camcorder.<br \/>\n<img decoding=\"async\" class=\"media-element file-default\" title=\"\" src=\"https:\/\/www.zoom-na.com\/sites\/default\/files\/XLR_H5_3_0.png\" alt=\"\" \/>&nbsp;<\/p>\n<p><\/center>The H5 also provides everything you need to connect with the outside world. Dual combo XLR\/TRS inputs that can handle both mic- and line-level signals allow you to connect external microphones and line-level devices like mixers, portable music players, effects processors, and electronic keyboards\u2014even electric guitars or basses equipped with active electronics. Each H5 input has its own dedicated gain control knob, located beneath a protective bar that prevents accidental movement during handling. The supplied XYH-5 X\/Y capsule also provides a secondary input for connecting stereo mic- or line-level signal via a \u215b&#8221; mini phone jack. The H5 supports a +4 dB (professional) input level and utilizes the same high-quality preamps as our flagship H6, ensuring great-sounding recordings in all sonic environments.<br \/>\n<img decoding=\"async\" class=\"media-element file-default\" title=\"\" src=\"https:\/\/www.zoom-na.com\/sites\/default\/files\/H5_RIGHT_0_0.png\" alt=\"\" \/><br \/>\nThere are lots of output options as well. A dedicated Line Out with adjustable volume allows you to send a stereo audio output from the H5 to the mic input of a video camera or other device without the need for an attenuator cable. In addition, there&#8217;s a separate headphone output with a dedicated volume control. You can use both outputs simultaneously to route audio to your DSLR while monitoring over headphones. There&#8217;s also a built-in speaker for fast access playback, and a USB port which allows the H5 to be used as an\u00a0audio interface for your computer or\u00a0iPad.<\/div>\n<\/div>\n<div>\n<h4 class=\"feature-title\">Features at a Glance<\/h4>\n<div class=\"field field-name-field-feature-body field-type-text-long field-label-hidden\">\n<div class=\"field-items\">\n<div class=\"field-item even\">\n<ul>\n<li>Uses a system of interchangeable input capsules that can be swapped out as easily as the lens of a\u00a0camera<\/li>\n<li>Includes detachable X\/Y capsule (XYH-5) with extended signal capacity and shockmounted mics for reduced handling\u00a0noise<\/li>\n<li>Compatible with all Zoom input\u00a0capsules<\/li>\n<li>Four-track simultaneous\u00a0recording<\/li>\n<li>Large backlit LCD\u00a0display<\/li>\n<li>Records directly to SD and SDHC cards up to 32\u00a0GB<\/li>\n<li>Up to 24-bit\/96 kHz audio in BWF-compliant WAV or a variety of MP3\u00a0formats<\/li>\n<li>Two mic\/line inputs with XLR\/TRS combo connectors, each with selectable phantom power and -20 dB\u00a0pad<\/li>\n<li>Analog-style gain controls for each\u00a0input<\/li>\n<li>Protective &#8220;roll-bar&#8221; type covers prevent accidental movement of gain\u00a0controls<\/li>\n<li>Plug-in power (2.5\u00a0volts)<\/li>\n<li>Built-in effects, including low-cut filtering, compression, and\u00a0limiting<\/li>\n<li>Chromatic tuner and\u00a0metronome<\/li>\n<li>Auto-record, Pre-record, and Backup-record functions mean that you&#8217;ll never miss that perfect\u00a0take<\/li>\n<li>MS\u00a0decoding<\/li>\n<li>Multitrack to stereo internal\u00a0mixdown<\/li>\n<li>Normalize, Divide, and Trim\u00a0editing<\/li>\n<li>Voice memo and up to 99 marks per\u00a0recording<\/li>\n<li>A\/B loop\u00a0playback<\/li>\n<li>Variable playback speed and\u00a0variable pitch without affecting playback\u00a0speed<\/li>\n<li>Multichannel and stereo USB audio interface for PC\/Mac\/iPad with loop back\u00a0function<\/li>\n<li>Mountable to DSLR or camcorder with optional <a href=\"https:\/\/www.zoom-na.com\/products\/product-accessories\/zoom-hs-1-hot-shoe-mount-adapter\">HS-01 Hot Shoe Mount\u00a0adapter<\/a><\/li>\n<li>Uses two standard AA alkaline or NiMH rechargeable\u00a0batteries<\/li>\n<li>Over 15 hours of operation with alkaline\u00a0batteries<\/li>\n<li><\/li>\n<\/ul>\n<\/div>\n<\/div>\n<\/div>\n<\/div>\n<\/div>\n<\/div>\n<\/div>\n<\/div>\n<\/div>\n<\/div>\n<\/div>\n<\/div>\n<div class=\"field-item odd\"><\/div>\n","protected":false},"excerpt":{"rendered":"<div class=\"container\"><\/div>\n<div class=\"imgcontainer\">\n<div class=\"intrinsic-container\">\n<div>\n<div class=\"field field-name-field-feature-image field-type-image field-label-hidden\">\n<div class=\"field-items\">\n<div>\n<div class=\"field field-name-field-feature-body field-type-text-long field-label-hidden\">\n<div>\n<div class=\"field field-name-field-feature-body field-type-text-long field-label-hidden\">\n<div class=\"field-items\">\n<div class=\"field-item even\">\n<ul>\n<li>Zoom H5 \u010detvorokanalni ru\u010dni snima\u010d<\/li>\n<\/ul>\n<\/div>\n<\/div>\n<\/div>\n<\/div>\n<\/div>\n<\/div>\n<\/div>\n<\/div>\n<\/div>\n<\/div>\n<\/div>\n","protected":false},"featured_media":2594,"comment_status":"open","ping_status":"closed","template":"","meta":{"neve_meta_sidebar":"","neve_meta_container":"","neve_meta_enable_content_width":"","neve_meta_content_width":0,"neve_meta_title_alignment":"","neve_meta_author_avatar":"","neve_post_elements_order":"","neve_meta_disable_header":"","neve_meta_disable_footer":"","neve_meta_disable_title":"","_joinchat":[]},"pwb-brand":[],"product_brand":[],"product_cat":[416],"product_tag":[],"class_list":{"0":"post-2593","1":"product","2":"type-product","3":"status-publish","4":"has-post-thumbnail","6":"product_cat-snimaci","8":"first","9":"instock","10":"sale","11":"taxable","12":"shipping-taxable","13":"purchasable","14":"product-type-simple"},"yoast_head":"<!-- This site is optimized with the Yoast SEO plugin v27.4 - https:\/\/yoast.com\/product\/yoast-seo-wordpress\/ -->\n<title>Zoom H5 rucni snimac - Sonarscope Pro Audio<\/title>\n<meta name=\"description\" content=\"Zoom H5 \u010detvorokanalni ru\u010dni snima\u010d\" \/>\n<meta name=\"robots\" content=\"index, follow, max-snippet:-1, max-image-preview:large, max-video-preview:-1\" \/>\n<link rel=\"canonical\" href=\"https:\/\/www.sonarscope.hr\/shop\/proizvod\/zoom-h5-rucni-snimac\/\" \/>\n<meta property=\"og:locale\" content=\"hr_HR\" \/>\n<meta property=\"og:type\" content=\"article\" \/>\n<meta property=\"og:title\" content=\"Zoom H5 rucni snimac - Sonarscope Pro Audio\" \/>\n<meta property=\"og:description\" content=\"Zoom H5 \u010detvorokanalni ru\u010dni snima\u010d\" \/>\n<meta property=\"og:url\" content=\"https:\/\/www.sonarscope.hr\/shop\/proizvod\/zoom-h5-rucni-snimac\/\" \/>\n<meta property=\"og:site_name\" content=\"Sonarscope Pro Audio\" \/>\n<meta property=\"article:publisher\" content=\"https:\/\/www.facebook.com\/sonarscope\" \/>\n<meta property=\"article:modified_time\" content=\"2023-03-13T11:45:53+00:00\" \/>\n<meta property=\"og:image\" content=\"https:\/\/www.sonarscope.hr\/shop\/wp-content\/uploads\/2017\/08\/zoom_h5.jpg\" \/>\n\t<meta property=\"og:image:width\" content=\"460\" \/>\n\t<meta property=\"og:image:height\" content=\"488\" \/>\n\t<meta property=\"og:image:type\" content=\"image\/jpeg\" \/>\n<meta name=\"twitter:card\" content=\"summary_large_image\" \/>\n<meta name=\"twitter:site\" content=\"@sonarscope\" \/>\n<meta name=\"twitter:label1\" content=\"Procijenjeno vrijeme \u010ditanja\" \/>\n\t<meta name=\"twitter:data1\" content=\"3 minute\" \/>\n<script type=\"application\/ld+json\" class=\"yoast-schema-graph\">{\"@context\":\"https:\\\/\\\/schema.org\",\"@graph\":[{\"@type\":\"WebPage\",\"@id\":\"https:\\\/\\\/www.sonarscope.hr\\\/shop\\\/proizvod\\\/zoom-h5-rucni-snimac\\\/\",\"url\":\"https:\\\/\\\/www.sonarscope.hr\\\/shop\\\/proizvod\\\/zoom-h5-rucni-snimac\\\/\",\"name\":\"Zoom H5 rucni snimac - Sonarscope Pro Audio\",\"isPartOf\":{\"@id\":\"https:\\\/\\\/www.sonarscope.hr\\\/shop\\\/#website\"},\"primaryImageOfPage\":{\"@id\":\"https:\\\/\\\/www.sonarscope.hr\\\/shop\\\/proizvod\\\/zoom-h5-rucni-snimac\\\/#primaryimage\"},\"image\":{\"@id\":\"https:\\\/\\\/www.sonarscope.hr\\\/shop\\\/proizvod\\\/zoom-h5-rucni-snimac\\\/#primaryimage\"},\"thumbnailUrl\":\"https:\\\/\\\/www.sonarscope.hr\\\/shop\\\/wp-content\\\/uploads\\\/2017\\\/08\\\/zoom_h5.jpg\",\"datePublished\":\"2017-08-28T07:20:25+00:00\",\"dateModified\":\"2023-03-13T11:45:53+00:00\",\"description\":\"Zoom H5 \u010detvorokanalni ru\u010dni snima\u010d\",\"breadcrumb\":{\"@id\":\"https:\\\/\\\/www.sonarscope.hr\\\/shop\\\/proizvod\\\/zoom-h5-rucni-snimac\\\/#breadcrumb\"},\"inLanguage\":\"hr\",\"potentialAction\":[{\"@type\":\"ReadAction\",\"target\":[\"https:\\\/\\\/www.sonarscope.hr\\\/shop\\\/proizvod\\\/zoom-h5-rucni-snimac\\\/\"]}]},{\"@type\":\"ImageObject\",\"inLanguage\":\"hr\",\"@id\":\"https:\\\/\\\/www.sonarscope.hr\\\/shop\\\/proizvod\\\/zoom-h5-rucni-snimac\\\/#primaryimage\",\"url\":\"https:\\\/\\\/www.sonarscope.hr\\\/shop\\\/wp-content\\\/uploads\\\/2017\\\/08\\\/zoom_h5.jpg\",\"contentUrl\":\"https:\\\/\\\/www.sonarscope.hr\\\/shop\\\/wp-content\\\/uploads\\\/2017\\\/08\\\/zoom_h5.jpg\",\"width\":460,\"height\":488},{\"@type\":\"BreadcrumbList\",\"@id\":\"https:\\\/\\\/www.sonarscope.hr\\\/shop\\\/proizvod\\\/zoom-h5-rucni-snimac\\\/#breadcrumb\",\"itemListElement\":[{\"@type\":\"ListItem\",\"position\":1,\"name\":\"Home\",\"item\":\"https:\\\/\\\/www.sonarscope.hr\\\/shop\\\/\"},{\"@type\":\"ListItem\",\"position\":2,\"name\":\"Katalog\",\"item\":\"https:\\\/\\\/www.sonarscope.hr\\\/shop\\\/shop\\\/\"},{\"@type\":\"ListItem\",\"position\":3,\"name\":\"Zoom H5 rucni snimac\"}]},{\"@type\":\"WebSite\",\"@id\":\"https:\\\/\\\/www.sonarscope.hr\\\/shop\\\/#website\",\"url\":\"https:\\\/\\\/www.sonarscope.hr\\\/shop\\\/\",\"name\":\"Sonarscope Pro Audio\",\"description\":\"DJ i Pro Audio studijska oprema\",\"publisher\":{\"@id\":\"https:\\\/\\\/www.sonarscope.hr\\\/shop\\\/#organization\"},\"potentialAction\":[{\"@type\":\"SearchAction\",\"target\":{\"@type\":\"EntryPoint\",\"urlTemplate\":\"https:\\\/\\\/www.sonarscope.hr\\\/shop\\\/?s={search_term_string}\"},\"query-input\":{\"@type\":\"PropertyValueSpecification\",\"valueRequired\":true,\"valueName\":\"search_term_string\"}}],\"inLanguage\":\"hr\"},{\"@type\":\"Organization\",\"@id\":\"https:\\\/\\\/www.sonarscope.hr\\\/shop\\\/#organization\",\"name\":\"Sonarscope Pro Audio\",\"url\":\"https:\\\/\\\/www.sonarscope.hr\\\/shop\\\/\",\"logo\":{\"@type\":\"ImageObject\",\"inLanguage\":\"hr\",\"@id\":\"https:\\\/\\\/www.sonarscope.hr\\\/shop\\\/#\\\/schema\\\/logo\\\/image\\\/\",\"url\":\"https:\\\/\\\/www.sonarscope.hr\\\/shop\\\/wp-content\\\/uploads\\\/2020\\\/02\\\/cropped-cropped-cropped-cropped-Sonarscope_logotip_470_110-1.png\",\"contentUrl\":\"https:\\\/\\\/www.sonarscope.hr\\\/shop\\\/wp-content\\\/uploads\\\/2020\\\/02\\\/cropped-cropped-cropped-cropped-Sonarscope_logotip_470_110-1.png\",\"width\":470,\"height\":72,\"caption\":\"Sonarscope Pro Audio\"},\"image\":{\"@id\":\"https:\\\/\\\/www.sonarscope.hr\\\/shop\\\/#\\\/schema\\\/logo\\\/image\\\/\"},\"sameAs\":[\"https:\\\/\\\/www.facebook.com\\\/sonarscope\",\"https:\\\/\\\/x.com\\\/sonarscope\",\"https:\\\/\\\/www.instagram.com\\\/sonarscope\\\/\",\"https:\\\/\\\/www.linkedin.com\\\/company\\\/sonarscope\",\"https:\\\/\\\/www.youtube.com\\\/user\\\/sonarscopevideo\"]}]}<\/script>\n<!-- \/ Yoast SEO plugin. -->","yoast_head_json":{"title":"Zoom H5 rucni snimac - Sonarscope Pro Audio","description":"Zoom H5 \u010detvorokanalni ru\u010dni snima\u010d","robots":{"index":"index","follow":"follow","max-snippet":"max-snippet:-1","max-image-preview":"max-image-preview:large","max-video-preview":"max-video-preview:-1"},"canonical":"https:\/\/www.sonarscope.hr\/shop\/proizvod\/zoom-h5-rucni-snimac\/","og_locale":"hr_HR","og_type":"article","og_title":"Zoom H5 rucni snimac - Sonarscope Pro Audio","og_description":"Zoom H5 \u010detvorokanalni ru\u010dni snima\u010d","og_url":"https:\/\/www.sonarscope.hr\/shop\/proizvod\/zoom-h5-rucni-snimac\/","og_site_name":"Sonarscope Pro Audio","article_publisher":"https:\/\/www.facebook.com\/sonarscope","article_modified_time":"2023-03-13T11:45:53+00:00","og_image":[{"width":460,"height":488,"url":"https:\/\/www.sonarscope.hr\/shop\/wp-content\/uploads\/2017\/08\/zoom_h5.jpg","type":"image\/jpeg"}],"twitter_card":"summary_large_image","twitter_site":"@sonarscope","twitter_misc":{"Procijenjeno vrijeme \u010ditanja":"3 minute"},"schema":{"@context":"https:\/\/schema.org","@graph":[{"@type":"WebPage","@id":"https:\/\/www.sonarscope.hr\/shop\/proizvod\/zoom-h5-rucni-snimac\/","url":"https:\/\/www.sonarscope.hr\/shop\/proizvod\/zoom-h5-rucni-snimac\/","name":"Zoom H5 rucni snimac - Sonarscope Pro Audio","isPartOf":{"@id":"https:\/\/www.sonarscope.hr\/shop\/#website"},"primaryImageOfPage":{"@id":"https:\/\/www.sonarscope.hr\/shop\/proizvod\/zoom-h5-rucni-snimac\/#primaryimage"},"image":{"@id":"https:\/\/www.sonarscope.hr\/shop\/proizvod\/zoom-h5-rucni-snimac\/#primaryimage"},"thumbnailUrl":"https:\/\/www.sonarscope.hr\/shop\/wp-content\/uploads\/2017\/08\/zoom_h5.jpg","datePublished":"2017-08-28T07:20:25+00:00","dateModified":"2023-03-13T11:45:53+00:00","description":"Zoom H5 \u010detvorokanalni ru\u010dni snima\u010d","breadcrumb":{"@id":"https:\/\/www.sonarscope.hr\/shop\/proizvod\/zoom-h5-rucni-snimac\/#breadcrumb"},"inLanguage":"hr","potentialAction":[{"@type":"ReadAction","target":["https:\/\/www.sonarscope.hr\/shop\/proizvod\/zoom-h5-rucni-snimac\/"]}]},{"@type":"ImageObject","inLanguage":"hr","@id":"https:\/\/www.sonarscope.hr\/shop\/proizvod\/zoom-h5-rucni-snimac\/#primaryimage","url":"https:\/\/www.sonarscope.hr\/shop\/wp-content\/uploads\/2017\/08\/zoom_h5.jpg","contentUrl":"https:\/\/www.sonarscope.hr\/shop\/wp-content\/uploads\/2017\/08\/zoom_h5.jpg","width":460,"height":488},{"@type":"BreadcrumbList","@id":"https:\/\/www.sonarscope.hr\/shop\/proizvod\/zoom-h5-rucni-snimac\/#breadcrumb","itemListElement":[{"@type":"ListItem","position":1,"name":"Home","item":"https:\/\/www.sonarscope.hr\/shop\/"},{"@type":"ListItem","position":2,"name":"Katalog","item":"https:\/\/www.sonarscope.hr\/shop\/shop\/"},{"@type":"ListItem","position":3,"name":"Zoom H5 rucni snimac"}]},{"@type":"WebSite","@id":"https:\/\/www.sonarscope.hr\/shop\/#website","url":"https:\/\/www.sonarscope.hr\/shop\/","name":"Sonarscope Pro Audio","description":"DJ i Pro Audio studijska oprema","publisher":{"@id":"https:\/\/www.sonarscope.hr\/shop\/#organization"},"potentialAction":[{"@type":"SearchAction","target":{"@type":"EntryPoint","urlTemplate":"https:\/\/www.sonarscope.hr\/shop\/?s={search_term_string}"},"query-input":{"@type":"PropertyValueSpecification","valueRequired":true,"valueName":"search_term_string"}}],"inLanguage":"hr"},{"@type":"Organization","@id":"https:\/\/www.sonarscope.hr\/shop\/#organization","name":"Sonarscope Pro Audio","url":"https:\/\/www.sonarscope.hr\/shop\/","logo":{"@type":"ImageObject","inLanguage":"hr","@id":"https:\/\/www.sonarscope.hr\/shop\/#\/schema\/logo\/image\/","url":"https:\/\/www.sonarscope.hr\/shop\/wp-content\/uploads\/2020\/02\/cropped-cropped-cropped-cropped-Sonarscope_logotip_470_110-1.png","contentUrl":"https:\/\/www.sonarscope.hr\/shop\/wp-content\/uploads\/2020\/02\/cropped-cropped-cropped-cropped-Sonarscope_logotip_470_110-1.png","width":470,"height":72,"caption":"Sonarscope Pro Audio"},"image":{"@id":"https:\/\/www.sonarscope.hr\/shop\/#\/schema\/logo\/image\/"},"sameAs":["https:\/\/www.facebook.com\/sonarscope","https:\/\/x.com\/sonarscope","https:\/\/www.instagram.com\/sonarscope\/","https:\/\/www.linkedin.com\/company\/sonarscope","https:\/\/www.youtube.com\/user\/sonarscopevideo"]}]}},"brands":[],"_links":{"self":[{"href":"https:\/\/www.sonarscope.hr\/shop\/wp-json\/wp\/v2\/product\/2593","targetHints":{"allow":["GET"]}}],"collection":[{"href":"https:\/\/www.sonarscope.hr\/shop\/wp-json\/wp\/v2\/product"}],"about":[{"href":"https:\/\/www.sonarscope.hr\/shop\/wp-json\/wp\/v2\/types\/product"}],"replies":[{"embeddable":true,"href":"https:\/\/www.sonarscope.hr\/shop\/wp-json\/wp\/v2\/comments?post=2593"}],"wp:featuredmedia":[{"embeddable":true,"href":"https:\/\/www.sonarscope.hr\/shop\/wp-json\/wp\/v2\/media\/2594"}],"wp:attachment":[{"href":"https:\/\/www.sonarscope.hr\/shop\/wp-json\/wp\/v2\/media?parent=2593"}],"wp:term":[{"taxonomy":"pwb-brand","embeddable":true,"href":"https:\/\/www.sonarscope.hr\/shop\/wp-json\/wp\/v2\/pwb-brand?post=2593"},{"taxonomy":"product_brand","embeddable":true,"href":"https:\/\/www.sonarscope.hr\/shop\/wp-json\/wp\/v2\/product_brand?post=2593"},{"taxonomy":"product_cat","embeddable":true,"href":"https:\/\/www.sonarscope.hr\/shop\/wp-json\/wp\/v2\/product_cat?post=2593"},{"taxonomy":"product_tag","embeddable":true,"href":"https:\/\/www.sonarscope.hr\/shop\/wp-json\/wp\/v2\/product_tag?post=2593"}],"curies":[{"name":"wp","href":"https:\/\/api.w.org\/{rel}","templated":true}]}}