{"id":40606,"date":"2024-11-28T21:56:52","date_gmt":"2024-11-28T19:56:52","guid":{"rendered":"https:\/\/www.sonarscope.hr\/shop\/?post_type=product&#038;p=40606"},"modified":"2024-11-28T22:01:03","modified_gmt":"2024-11-28T20:01:03","slug":"sibelius-ultimate-perpetual-edu","status":"publish","type":"product","link":"https:\/\/www.sonarscope.hr\/shop\/proizvod\/sibelius-ultimate-perpetual-edu\/","title":{"rendered":"Sibelius Ultimate Perpetual Edukacija licenca"},"content":{"rendered":"<div class=\"quick-info-header flex-space-between\">\n<h2>Sibelius Ultimate Perpetual Education Overview<\/h2>\n<p>Sibelius Ultimate je svjetski poznat glazbeni softver, osmi\u0161ljen za skladatelje i aran\u017eere. Sibelius Ultimate omogu\u0107uje komponiranje, aran\u017eiranje i objavljivanje partitura visoke razine slo\u017eenosti. Nudi sveobuhvatan alat za skladanje i notaciju glazbe, uklju\u010duju\u0107i ure\u0111ivanje MIDI podataka te usporedbu razli\u010ditih partitura i verzija.<\/p>\n<p>Svestrano su\u010delje sadr\u017ei napredne opcije za raspored kako bi optimiziralo va\u0161 radni proces. Sibelius Ultimate tako\u0111er uklju\u010duje zvu\u010dnu biblioteku od 36 GB s vrhunskim uzorcima koji pokrivaju stilove od orkestralnih i jazz izvedbi do popa i zvukova za limene orkestre.<\/p>\n<p>Trajna licenca omogu\u0107uje vam trajno vlasni\u0161tvo nad softverom, uz 12 mjeseci podr\u0161ke i nadogradnji.<br \/>\n<strong>Napomena:<\/strong> Ovaj proizvod dolazi u obliku digitalnog koda za preuzimanje, koji \u0107e biti poslan na va\u0161u e-po\u0161tu za aktivaciju.<\/p>\n<p>&nbsp;<\/p>\n<\/div>\n<div class=\"quick-info-content\">\n<p>Sibelius Ultimate is a world-renowned piece of music software, designed for composers and arrangers. Sibelius Ultimate provides the means to compose, arrange and publish scores with high-end complexity. It provides a comprehensive toolset for composing and notating music. It provides the means to edit MIDI data, as well as the ability to compare different scores and versions.<\/p>\n<p>The versatile interface features advanced layout options to optimise your workflow. Sibelius Ultimate also includes a 36GB sound library comprised of premium-grade samples ranging from orchestral and jazz styles to pop and marching band sounds.The perpetual licence allows you to own the software outright, complete with 12-months of support and upgrades.<b>Please Note:<\/b> This product comes in the form of a digital download code that will be sent to your email for activation.-ispostavljanjem e-ra\u010duna preko FINA aplikacije<\/p>\n<p>-slanje licencnog koda\u00a0 \u00a0na email \/ elektronska dostava<\/p>\n<\/div>\n<p>Jeste li kvalificirani za obrazovni popust?<br \/>\nMolimo provjerite svoju podobnost prije kupnje ovog proizvoda. Za obrazovni popust kvalificirani ste ako ste:<\/p>\n<ul>\n<li><strong>Studenti sveu\u010dili\u0161ta\/fakulteta<\/strong> \u2013 Studenti upisani u visoko\u0161kolsku ustanovu definiranu kao akreditirano, dr\u017eavno priznato javno ili privatno sveu\u010dili\u0161te ili fakultet (uklju\u010duju\u0107i zajedni\u010dke, stru\u010dne ili visoke \u0161kole) koje dodjeljuju diplome i\/ili certifikate.<\/li>\n<li><strong>Nastavnici i osoblje<\/strong> \u2013 Nastavnici i osoblje zaposleni u akreditiranoj, dr\u017eavno priznatoj javnoj ili privatnoj osnovnoj ili srednjoj \u0161koli, lokalnom obrazovnom tijelu, javnom ili privatnom sveu\u010dili\u0161tu ili fakultetu, profitnim karijernim\/stru\u010dnim \u0161kolama koje dodjeljuju diplome i\/ili certifikate te \u0161kolama za instrumentalnu poduku.<\/li>\n<li><strong>U\u010denici srednjih \u0161kola<\/strong> \u2013 U\u010denici upisani u akreditiranu, dr\u017eavno priznatu javnu ili privatnu srednju \u0161kolu s punim radnim vremenom.<\/li>\n<\/ul>\n<div class=\"quick-info-content\">\n<p>1323-1024<\/p>\n<\/div>\n","protected":false},"excerpt":{"rendered":"<p>Sibelius Ultimate Perpetual Edukacija verzia<\/p>\n","protected":false},"featured_media":40607,"comment_status":"open","ping_status":"closed","template":"","meta":{"neve_meta_sidebar":"","neve_meta_container":"","neve_meta_enable_content_width":"off","neve_meta_content_width":100,"neve_meta_title_alignment":"","neve_meta_author_avatar":"","neve_post_elements_order":"","neve_meta_disable_header":"","neve_meta_disable_footer":"","neve_meta_disable_title":"","_joinchat":[]},"pwb-brand":[270],"product_brand":[],"product_cat":[638,358,579,96],"product_tag":[536,136],"class_list":{"0":"post-40606","1":"product","2":"type-product","3":"status-publish","4":"has-post-thumbnail","6":"pwb-brand-sibelius","7":"product_cat-educational","8":"product_cat-daw_virtual_studio","9":"product_cat-sibelius","10":"product_cat-software","11":"product_tag-avid","12":"product_tag-sibelius","14":"first","15":"instock","16":"taxable","17":"shipping-taxable","18":"purchasable","19":"product-type-simple"},"yoast_head":"<!-- This site is optimized with the Yoast SEO plugin v27.4 - https:\/\/yoast.com\/product\/yoast-seo-wordpress\/ -->\n<title>Sibelius Ultimate Perpetual Edukacija licenca - Sonarscope Pro Audio<\/title>\n<meta name=\"description\" content=\"Sibelius Ultimate Perpetual Edukacija verzia\" \/>\n<meta name=\"robots\" content=\"index, follow, max-snippet:-1, max-image-preview:large, max-video-preview:-1\" \/>\n<link rel=\"canonical\" href=\"https:\/\/www.sonarscope.hr\/shop\/proizvod\/sibelius-ultimate-perpetual-edu\/\" \/>\n<meta property=\"og:locale\" content=\"hr_HR\" \/>\n<meta property=\"og:type\" content=\"article\" \/>\n<meta property=\"og:title\" content=\"Sibelius Ultimate Perpetual Edukacija licenca - Sonarscope Pro Audio\" \/>\n<meta property=\"og:description\" content=\"Sibelius Ultimate Perpetual Edukacija verzia\" \/>\n<meta property=\"og:url\" content=\"https:\/\/www.sonarscope.hr\/shop\/proizvod\/sibelius-ultimate-perpetual-edu\/\" \/>\n<meta property=\"og:site_name\" content=\"Sonarscope Pro Audio\" \/>\n<meta property=\"article:publisher\" content=\"https:\/\/www.facebook.com\/sonarscope\" \/>\n<meta property=\"article:modified_time\" content=\"2024-11-28T20:01:03+00:00\" \/>\n<meta property=\"og:image\" content=\"https:\/\/www.sonarscope.hr\/shop\/wp-content\/uploads\/2024\/11\/Sibelius_ultimate_edukacijski_perpetual-scaled.jpg\" \/>\n\t<meta property=\"og:image:width\" content=\"768\" \/>\n\t<meta property=\"og:image:height\" content=\"768\" \/>\n\t<meta property=\"og:image:type\" content=\"image\/jpeg\" \/>\n<meta name=\"twitter:card\" content=\"summary_large_image\" \/>\n<meta name=\"twitter:site\" content=\"@sonarscope\" \/>\n<meta name=\"twitter:label1\" content=\"Procijenjeno vrijeme \u010ditanja\" \/>\n\t<meta name=\"twitter:data1\" content=\"3 minute\" \/>\n<script type=\"application\/ld+json\" class=\"yoast-schema-graph\">{\"@context\":\"https:\\\/\\\/schema.org\",\"@graph\":[{\"@type\":\"WebPage\",\"@id\":\"https:\\\/\\\/www.sonarscope.hr\\\/shop\\\/proizvod\\\/sibelius-ultimate-perpetual-edu\\\/\",\"url\":\"https:\\\/\\\/www.sonarscope.hr\\\/shop\\\/proizvod\\\/sibelius-ultimate-perpetual-edu\\\/\",\"name\":\"Sibelius Ultimate Perpetual Edukacija licenca - Sonarscope Pro Audio\",\"isPartOf\":{\"@id\":\"https:\\\/\\\/www.sonarscope.hr\\\/shop\\\/#website\"},\"primaryImageOfPage\":{\"@id\":\"https:\\\/\\\/www.sonarscope.hr\\\/shop\\\/proizvod\\\/sibelius-ultimate-perpetual-edu\\\/#primaryimage\"},\"image\":{\"@id\":\"https:\\\/\\\/www.sonarscope.hr\\\/shop\\\/proizvod\\\/sibelius-ultimate-perpetual-edu\\\/#primaryimage\"},\"thumbnailUrl\":\"https:\\\/\\\/www.sonarscope.hr\\\/shop\\\/wp-content\\\/uploads\\\/2024\\\/11\\\/Sibelius_ultimate_edukacijski_perpetual-scaled.jpg\",\"datePublished\":\"2024-11-28T19:56:52+00:00\",\"dateModified\":\"2024-11-28T20:01:03+00:00\",\"description\":\"Sibelius Ultimate Perpetual Edukacija verzia\",\"breadcrumb\":{\"@id\":\"https:\\\/\\\/www.sonarscope.hr\\\/shop\\\/proizvod\\\/sibelius-ultimate-perpetual-edu\\\/#breadcrumb\"},\"inLanguage\":\"hr\",\"potentialAction\":[{\"@type\":\"ReadAction\",\"target\":[\"https:\\\/\\\/www.sonarscope.hr\\\/shop\\\/proizvod\\\/sibelius-ultimate-perpetual-edu\\\/\"]}]},{\"@type\":\"ImageObject\",\"inLanguage\":\"hr\",\"@id\":\"https:\\\/\\\/www.sonarscope.hr\\\/shop\\\/proizvod\\\/sibelius-ultimate-perpetual-edu\\\/#primaryimage\",\"url\":\"https:\\\/\\\/www.sonarscope.hr\\\/shop\\\/wp-content\\\/uploads\\\/2024\\\/11\\\/Sibelius_ultimate_edukacijski_perpetual-scaled.jpg\",\"contentUrl\":\"https:\\\/\\\/www.sonarscope.hr\\\/shop\\\/wp-content\\\/uploads\\\/2024\\\/11\\\/Sibelius_ultimate_edukacijski_perpetual-scaled.jpg\",\"width\":768,\"height\":768,\"caption\":\"Sibelius- Ultimate Perpetual - Education\"},{\"@type\":\"BreadcrumbList\",\"@id\":\"https:\\\/\\\/www.sonarscope.hr\\\/shop\\\/proizvod\\\/sibelius-ultimate-perpetual-edu\\\/#breadcrumb\",\"itemListElement\":[{\"@type\":\"ListItem\",\"position\":1,\"name\":\"Home\",\"item\":\"https:\\\/\\\/www.sonarscope.hr\\\/shop\\\/\"},{\"@type\":\"ListItem\",\"position\":2,\"name\":\"Katalog\",\"item\":\"https:\\\/\\\/www.sonarscope.hr\\\/shop\\\/shop\\\/\"},{\"@type\":\"ListItem\",\"position\":3,\"name\":\"Sibelius Ultimate Perpetual Edukacija licenca\"}]},{\"@type\":\"WebSite\",\"@id\":\"https:\\\/\\\/www.sonarscope.hr\\\/shop\\\/#website\",\"url\":\"https:\\\/\\\/www.sonarscope.hr\\\/shop\\\/\",\"name\":\"Sonarscope Pro Audio\",\"description\":\"DJ i Pro Audio studijska oprema\",\"publisher\":{\"@id\":\"https:\\\/\\\/www.sonarscope.hr\\\/shop\\\/#organization\"},\"potentialAction\":[{\"@type\":\"SearchAction\",\"target\":{\"@type\":\"EntryPoint\",\"urlTemplate\":\"https:\\\/\\\/www.sonarscope.hr\\\/shop\\\/?s={search_term_string}\"},\"query-input\":{\"@type\":\"PropertyValueSpecification\",\"valueRequired\":true,\"valueName\":\"search_term_string\"}}],\"inLanguage\":\"hr\"},{\"@type\":\"Organization\",\"@id\":\"https:\\\/\\\/www.sonarscope.hr\\\/shop\\\/#organization\",\"name\":\"Sonarscope Pro Audio\",\"url\":\"https:\\\/\\\/www.sonarscope.hr\\\/shop\\\/\",\"logo\":{\"@type\":\"ImageObject\",\"inLanguage\":\"hr\",\"@id\":\"https:\\\/\\\/www.sonarscope.hr\\\/shop\\\/#\\\/schema\\\/logo\\\/image\\\/\",\"url\":\"https:\\\/\\\/www.sonarscope.hr\\\/shop\\\/wp-content\\\/uploads\\\/2020\\\/02\\\/cropped-cropped-cropped-cropped-Sonarscope_logotip_470_110-1.png\",\"contentUrl\":\"https:\\\/\\\/www.sonarscope.hr\\\/shop\\\/wp-content\\\/uploads\\\/2020\\\/02\\\/cropped-cropped-cropped-cropped-Sonarscope_logotip_470_110-1.png\",\"width\":470,\"height\":72,\"caption\":\"Sonarscope Pro Audio\"},\"image\":{\"@id\":\"https:\\\/\\\/www.sonarscope.hr\\\/shop\\\/#\\\/schema\\\/logo\\\/image\\\/\"},\"sameAs\":[\"https:\\\/\\\/www.facebook.com\\\/sonarscope\",\"https:\\\/\\\/x.com\\\/sonarscope\",\"https:\\\/\\\/www.instagram.com\\\/sonarscope\\\/\",\"https:\\\/\\\/www.linkedin.com\\\/company\\\/sonarscope\",\"https:\\\/\\\/www.youtube.com\\\/user\\\/sonarscopevideo\"]}]}<\/script>\n<!-- \/ Yoast SEO plugin. -->","yoast_head_json":{"title":"Sibelius Ultimate Perpetual Edukacija licenca - Sonarscope Pro Audio","description":"Sibelius Ultimate Perpetual Edukacija verzia","robots":{"index":"index","follow":"follow","max-snippet":"max-snippet:-1","max-image-preview":"max-image-preview:large","max-video-preview":"max-video-preview:-1"},"canonical":"https:\/\/www.sonarscope.hr\/shop\/proizvod\/sibelius-ultimate-perpetual-edu\/","og_locale":"hr_HR","og_type":"article","og_title":"Sibelius Ultimate Perpetual Edukacija licenca - Sonarscope Pro Audio","og_description":"Sibelius Ultimate Perpetual Edukacija verzia","og_url":"https:\/\/www.sonarscope.hr\/shop\/proizvod\/sibelius-ultimate-perpetual-edu\/","og_site_name":"Sonarscope Pro Audio","article_publisher":"https:\/\/www.facebook.com\/sonarscope","article_modified_time":"2024-11-28T20:01:03+00:00","og_image":[{"width":768,"height":768,"url":"https:\/\/www.sonarscope.hr\/shop\/wp-content\/uploads\/2024\/11\/Sibelius_ultimate_edukacijski_perpetual-scaled.jpg","type":"image\/jpeg"}],"twitter_card":"summary_large_image","twitter_site":"@sonarscope","twitter_misc":{"Procijenjeno vrijeme \u010ditanja":"3 minute"},"schema":{"@context":"https:\/\/schema.org","@graph":[{"@type":"WebPage","@id":"https:\/\/www.sonarscope.hr\/shop\/proizvod\/sibelius-ultimate-perpetual-edu\/","url":"https:\/\/www.sonarscope.hr\/shop\/proizvod\/sibelius-ultimate-perpetual-edu\/","name":"Sibelius Ultimate Perpetual Edukacija licenca - Sonarscope Pro Audio","isPartOf":{"@id":"https:\/\/www.sonarscope.hr\/shop\/#website"},"primaryImageOfPage":{"@id":"https:\/\/www.sonarscope.hr\/shop\/proizvod\/sibelius-ultimate-perpetual-edu\/#primaryimage"},"image":{"@id":"https:\/\/www.sonarscope.hr\/shop\/proizvod\/sibelius-ultimate-perpetual-edu\/#primaryimage"},"thumbnailUrl":"https:\/\/www.sonarscope.hr\/shop\/wp-content\/uploads\/2024\/11\/Sibelius_ultimate_edukacijski_perpetual-scaled.jpg","datePublished":"2024-11-28T19:56:52+00:00","dateModified":"2024-11-28T20:01:03+00:00","description":"Sibelius Ultimate Perpetual Edukacija verzia","breadcrumb":{"@id":"https:\/\/www.sonarscope.hr\/shop\/proizvod\/sibelius-ultimate-perpetual-edu\/#breadcrumb"},"inLanguage":"hr","potentialAction":[{"@type":"ReadAction","target":["https:\/\/www.sonarscope.hr\/shop\/proizvod\/sibelius-ultimate-perpetual-edu\/"]}]},{"@type":"ImageObject","inLanguage":"hr","@id":"https:\/\/www.sonarscope.hr\/shop\/proizvod\/sibelius-ultimate-perpetual-edu\/#primaryimage","url":"https:\/\/www.sonarscope.hr\/shop\/wp-content\/uploads\/2024\/11\/Sibelius_ultimate_edukacijski_perpetual-scaled.jpg","contentUrl":"https:\/\/www.sonarscope.hr\/shop\/wp-content\/uploads\/2024\/11\/Sibelius_ultimate_edukacijski_perpetual-scaled.jpg","width":768,"height":768,"caption":"Sibelius- Ultimate Perpetual - Education"},{"@type":"BreadcrumbList","@id":"https:\/\/www.sonarscope.hr\/shop\/proizvod\/sibelius-ultimate-perpetual-edu\/#breadcrumb","itemListElement":[{"@type":"ListItem","position":1,"name":"Home","item":"https:\/\/www.sonarscope.hr\/shop\/"},{"@type":"ListItem","position":2,"name":"Katalog","item":"https:\/\/www.sonarscope.hr\/shop\/shop\/"},{"@type":"ListItem","position":3,"name":"Sibelius Ultimate Perpetual Edukacija licenca"}]},{"@type":"WebSite","@id":"https:\/\/www.sonarscope.hr\/shop\/#website","url":"https:\/\/www.sonarscope.hr\/shop\/","name":"Sonarscope Pro Audio","description":"DJ i Pro Audio studijska oprema","publisher":{"@id":"https:\/\/www.sonarscope.hr\/shop\/#organization"},"potentialAction":[{"@type":"SearchAction","target":{"@type":"EntryPoint","urlTemplate":"https:\/\/www.sonarscope.hr\/shop\/?s={search_term_string}"},"query-input":{"@type":"PropertyValueSpecification","valueRequired":true,"valueName":"search_term_string"}}],"inLanguage":"hr"},{"@type":"Organization","@id":"https:\/\/www.sonarscope.hr\/shop\/#organization","name":"Sonarscope Pro Audio","url":"https:\/\/www.sonarscope.hr\/shop\/","logo":{"@type":"ImageObject","inLanguage":"hr","@id":"https:\/\/www.sonarscope.hr\/shop\/#\/schema\/logo\/image\/","url":"https:\/\/www.sonarscope.hr\/shop\/wp-content\/uploads\/2020\/02\/cropped-cropped-cropped-cropped-Sonarscope_logotip_470_110-1.png","contentUrl":"https:\/\/www.sonarscope.hr\/shop\/wp-content\/uploads\/2020\/02\/cropped-cropped-cropped-cropped-Sonarscope_logotip_470_110-1.png","width":470,"height":72,"caption":"Sonarscope Pro Audio"},"image":{"@id":"https:\/\/www.sonarscope.hr\/shop\/#\/schema\/logo\/image\/"},"sameAs":["https:\/\/www.facebook.com\/sonarscope","https:\/\/x.com\/sonarscope","https:\/\/www.instagram.com\/sonarscope\/","https:\/\/www.linkedin.com\/company\/sonarscope","https:\/\/www.youtube.com\/user\/sonarscopevideo"]}]}},"brands":[{"id":270,"name":"Sibelius","slug":"sibelius"}],"_links":{"self":[{"href":"https:\/\/www.sonarscope.hr\/shop\/wp-json\/wp\/v2\/product\/40606","targetHints":{"allow":["GET"]}}],"collection":[{"href":"https:\/\/www.sonarscope.hr\/shop\/wp-json\/wp\/v2\/product"}],"about":[{"href":"https:\/\/www.sonarscope.hr\/shop\/wp-json\/wp\/v2\/types\/product"}],"replies":[{"embeddable":true,"href":"https:\/\/www.sonarscope.hr\/shop\/wp-json\/wp\/v2\/comments?post=40606"}],"wp:featuredmedia":[{"embeddable":true,"href":"https:\/\/www.sonarscope.hr\/shop\/wp-json\/wp\/v2\/media\/40607"}],"wp:attachment":[{"href":"https:\/\/www.sonarscope.hr\/shop\/wp-json\/wp\/v2\/media?parent=40606"}],"wp:term":[{"taxonomy":"pwb-brand","embeddable":true,"href":"https:\/\/www.sonarscope.hr\/shop\/wp-json\/wp\/v2\/pwb-brand?post=40606"},{"taxonomy":"product_brand","embeddable":true,"href":"https:\/\/www.sonarscope.hr\/shop\/wp-json\/wp\/v2\/product_brand?post=40606"},{"taxonomy":"product_cat","embeddable":true,"href":"https:\/\/www.sonarscope.hr\/shop\/wp-json\/wp\/v2\/product_cat?post=40606"},{"taxonomy":"product_tag","embeddable":true,"href":"https:\/\/www.sonarscope.hr\/shop\/wp-json\/wp\/v2\/product_tag?post=40606"}],"curies":[{"name":"wp","href":"https:\/\/api.w.org\/{rel}","templated":true}]}}