{"id":47003,"date":"2025-09-03T10:47:03","date_gmt":"2025-09-03T08:47:03","guid":{"rendered":"https:\/\/www.sonarscope.hr\/shop\/?post_type=product&#038;p=47003"},"modified":"2025-09-03T10:48:28","modified_gmt":"2025-09-03T08:48:28","slug":"golden-mask-1-xtreme","status":"publish","type":"product","link":"https:\/\/www.sonarscope.hr\/shop\/proizvod\/golden-mask-1-xtreme\/","title":{"rendered":"Golden Mask 1+ Xtreme"},"content":{"rendered":"<p class=\"my-2 [&amp;+p]:mt-4 [&amp;_strong:has(+br)]:inline-block [&amp;_strong:has(+br)]:pb-2\">Golden Mask 1+ Xtreme je pojednostavljena i jednostavna verzija najnaprednijeg i najja\u010deg detektora za kovanice i relikte ikada stvorenog u seriji Golden Mask \u2014 mo\u0107nog i bogato opremljenog modela 4Xtreme. Dizajniran s naglaskom na jednostavnost, 1+ Xtreme je izuzetno jednostavan za kori\u0161tenje, \u0161to ga \u010dini izvrsnim i visoko preporu\u010denim izborom za po\u010detnike koji tra\u017ee kovanice, nove korisnike detektora metala i hobiste lovce na blago koji su tek na po\u010detku svog puta.<\/p>\n<p class=\"my-2 [&amp;+p]:mt-4 [&amp;_strong:has(+br)]:inline-block [&amp;_strong:has(+br)]:pb-2\">Golden Mask 1+ Xtreme koristi naprednu tehnologiju Multiple Pulse Width Modulation (PWM), koja omogu\u0107uje detektoru da postigne impresivne dubine pri pretra\u017eivanju terena, istovremeno zadr\u017eavaju\u0107i iznimno brz odziv izme\u0111u signala. Ova ravnote\u017ea osigurava da korisnici ne propu\u0161taju niti blizu postavljene ciljeve, \u010dak ni u zapetljanim ili zahtjevnim uvjetima.<\/p>\n<p class=\"my-2 [&amp;+p]:mt-4 [&amp;_strong:has(+br)]:inline-block [&amp;_strong:has(+br)]:pb-2\">Sustav fiksnog uravnote\u017eenja podloge eliminira potrebu za ru\u010dnim pode\u0161avanjem prije upotrebe. Jednostavno uklju\u010dite ure\u0111aj i odmah mo\u017eete zapo\u010deti pretra\u017eivanje \u2014 idealno za one koji preferiraju jednostavnost i u\u010dinkovitost na terenu.<\/p>\n<p class=\"my-2 [&amp;+p]:mt-4 [&amp;_strong:has(+br)]:inline-block [&amp;_strong:has(+br)]:pb-2\">1+ Xtreme je tako\u0111er spreman za be\u017ei\u010dne slu\u0161alice (WS-ready), \u0161to zna\u010di da je potpuno kompatibilan s be\u017ei\u010dnim slu\u0161alicama. \u010cak i ako kupite detektor bez be\u017ei\u010dnih slu\u0161alica, uvijek ih mo\u017eete kasnije nadograditi jer je integrirani be\u017ei\u010dni predajnik ve\u0107 ugra\u0111en u ure\u0111aj.<\/p>\n<p class=\"my-2 [&amp;+p]:mt-4 [&amp;_strong:has(+br)]:inline-block [&amp;_strong:has(+br)]:pb-2\">Uz to, 1+ Xtreme koristi iste PWM tra\u017ene zavojnice kao i vode\u0107i model 4Xtreme, osiguravaju\u0107i dosljedne performanse i kompatibilnost unutar Golden Mask Xtreme serije.<\/p>\n<p>&nbsp;<\/p>\n<p>The\u00a0<strong>Golden Mask 1+ Xtreme<\/strong>\u00a0is a streamlined and user-friendly version of the most advanced and high-performance coin and relic detector ever created in the Golden Mask series \u2014 the powerful and feature-rich 4Xtreme.<\/p>\n<p>Designed with simplicity in mind, the 1+ Xtreme is extremely easy to operate, making it an excellent and highly recommended option for beginner coin shooters, novice metal detectorists, and hobbyist treasure hunters who are just starting their journey.<\/p>\n<p>The Golden Mask 1+ Xtreme is built around advanced Multiple Pulse Width Modulation (PWM) technology, which empowers the detector to reach impressive depths, while simultaneously preserving an exceptionally fast recovery speed between signals. This balance ensures that users won\u2019t miss out on closely spaced targets, even in cluttered or challenging environments.<\/p>\n<p>Featuring a fixed ground balance system, this detector eliminates the need for manual adjustments before use. Simply power it on, and you&#8217;re ready to begin your search immediately \u2014 ideal for those who prefer simplicity and efficiency in the field.<\/p>\n<p>The 1+ Xtreme is also WS-ready, meaning it\u2019s fully compatible with wireless headphones. Even if you choose to purchase the detector without a wireless headset, you can always upgrade later, as the integrated wireless transmitter is already built into the device.<\/p>\n<p>Additionally, the 1+ Xtreme employs the exact same PWM-based search coils as the flagship 4Xtreme model, ensuring consistent performance and compatibility across the Golden Mask Xtreme series.<\/p>\n","protected":false},"excerpt":{"rendered":"<p>Golden Mask 1+ Xtreme je pojednostavljena i jednostavna verzija najnaprednijeg i najja\u010deg detektora za kovanice i relikte ikada stvorenog u seriji Golden Mask \u2014 mo\u0107nog i bogato opremljenog modela 4Xtreme. Dizajniran s naglaskom na jednostavnost, 1+ Xtreme je izuzetno jednostavan za kori\u0161tenje, \u0161to ga \u010dini izvrsnim i visoko preporu\u010denim izborom za po\u010detnike koji tra\u017ee kovanice,&hellip;&nbsp;<a href=\"https:\/\/www.sonarscope.hr\/shop\/proizvod\/golden-mask-1-xtreme\/\" rel=\"bookmark\">Read More &raquo;<span class=\"screen-reader-text\">Golden Mask 1+ Xtreme<\/span><\/a><\/p>\n","protected":false},"featured_media":47004,"comment_status":"open","ping_status":"closed","template":"","meta":{"neve_meta_sidebar":"","neve_meta_container":"","neve_meta_enable_content_width":"off","neve_meta_content_width":100,"neve_meta_title_alignment":"","neve_meta_author_avatar":"","neve_post_elements_order":"","neve_meta_disable_header":"","neve_meta_disable_footer":"","neve_meta_disable_title":"","_joinchat":[]},"pwb-brand":[537],"product_brand":[],"product_cat":[539],"product_tag":[538],"class_list":{"0":"post-47003","1":"product","2":"type-product","3":"status-publish","4":"has-post-thumbnail","6":"pwb-brand-golden_mask","7":"product_cat-detektori-metala","8":"product_tag-golden-mask","10":"first","11":"instock","12":"taxable","13":"shipping-taxable","14":"purchasable","15":"product-type-simple"},"yoast_head":"<!-- This site is optimized with the Yoast SEO plugin v27.4 - https:\/\/yoast.com\/product\/yoast-seo-wordpress\/ -->\n<title>Golden Mask 1+ Xtreme - Sonarscope Pro Audio<\/title>\n<meta name=\"description\" content=\"Golden Mask 1+ Xtreme je pojednostavljena i jednostavna verzija najnaprednijeg i najja\u010deg detektora za kovanice i relikte ikada stvorenog u seriji Golden\" \/>\n<meta name=\"robots\" content=\"index, follow, max-snippet:-1, max-image-preview:large, max-video-preview:-1\" \/>\n<link rel=\"canonical\" href=\"https:\/\/www.sonarscope.hr\/shop\/proizvod\/golden-mask-1-xtreme\/\" \/>\n<meta property=\"og:locale\" content=\"hr_HR\" \/>\n<meta property=\"og:type\" content=\"article\" \/>\n<meta property=\"og:title\" content=\"Golden Mask 1+ Xtreme - Sonarscope Pro Audio\" \/>\n<meta property=\"og:description\" content=\"Golden Mask 1+ Xtreme je pojednostavljena i jednostavna verzija najnaprednijeg i najja\u010deg detektora za kovanice i relikte ikada stvorenog u seriji Golden\" \/>\n<meta property=\"og:url\" content=\"https:\/\/www.sonarscope.hr\/shop\/proizvod\/golden-mask-1-xtreme\/\" \/>\n<meta property=\"og:site_name\" content=\"Sonarscope Pro Audio\" \/>\n<meta property=\"article:publisher\" content=\"https:\/\/www.facebook.com\/sonarscope\" \/>\n<meta property=\"article:modified_time\" content=\"2025-09-03T08:48:28+00:00\" \/>\n<meta property=\"og:image\" content=\"https:\/\/www.sonarscope.hr\/shop\/wp-content\/uploads\/2025\/09\/golden-mask-1-extreme-scaled.webp\" \/>\n\t<meta property=\"og:image:width\" content=\"1024\" \/>\n\t<meta property=\"og:image:height\" content=\"624\" \/>\n\t<meta property=\"og:image:type\" content=\"image\/webp\" \/>\n<meta name=\"twitter:card\" content=\"summary_large_image\" \/>\n<meta name=\"twitter:site\" content=\"@sonarscope\" \/>\n<meta name=\"twitter:label1\" content=\"Procijenjeno vrijeme \u010ditanja\" \/>\n\t<meta name=\"twitter:data1\" content=\"3 minute\" \/>\n<script type=\"application\/ld+json\" class=\"yoast-schema-graph\">{\"@context\":\"https:\\\/\\\/schema.org\",\"@graph\":[{\"@type\":\"WebPage\",\"@id\":\"https:\\\/\\\/www.sonarscope.hr\\\/shop\\\/proizvod\\\/golden-mask-1-xtreme\\\/\",\"url\":\"https:\\\/\\\/www.sonarscope.hr\\\/shop\\\/proizvod\\\/golden-mask-1-xtreme\\\/\",\"name\":\"Golden Mask 1+ Xtreme - Sonarscope Pro Audio\",\"isPartOf\":{\"@id\":\"https:\\\/\\\/www.sonarscope.hr\\\/shop\\\/#website\"},\"primaryImageOfPage\":{\"@id\":\"https:\\\/\\\/www.sonarscope.hr\\\/shop\\\/proizvod\\\/golden-mask-1-xtreme\\\/#primaryimage\"},\"image\":{\"@id\":\"https:\\\/\\\/www.sonarscope.hr\\\/shop\\\/proizvod\\\/golden-mask-1-xtreme\\\/#primaryimage\"},\"thumbnailUrl\":\"https:\\\/\\\/www.sonarscope.hr\\\/shop\\\/wp-content\\\/uploads\\\/2025\\\/09\\\/golden-mask-1-extreme-scaled.webp\",\"datePublished\":\"2025-09-03T08:47:03+00:00\",\"dateModified\":\"2025-09-03T08:48:28+00:00\",\"description\":\"Golden Mask 1+ Xtreme je pojednostavljena i jednostavna verzija najnaprednijeg i najja\u010deg detektora za kovanice i relikte ikada stvorenog u seriji Golden\",\"breadcrumb\":{\"@id\":\"https:\\\/\\\/www.sonarscope.hr\\\/shop\\\/proizvod\\\/golden-mask-1-xtreme\\\/#breadcrumb\"},\"inLanguage\":\"hr\",\"potentialAction\":[{\"@type\":\"ReadAction\",\"target\":[\"https:\\\/\\\/www.sonarscope.hr\\\/shop\\\/proizvod\\\/golden-mask-1-xtreme\\\/\"]}]},{\"@type\":\"ImageObject\",\"inLanguage\":\"hr\",\"@id\":\"https:\\\/\\\/www.sonarscope.hr\\\/shop\\\/proizvod\\\/golden-mask-1-xtreme\\\/#primaryimage\",\"url\":\"https:\\\/\\\/www.sonarscope.hr\\\/shop\\\/wp-content\\\/uploads\\\/2025\\\/09\\\/golden-mask-1-extreme-scaled.webp\",\"contentUrl\":\"https:\\\/\\\/www.sonarscope.hr\\\/shop\\\/wp-content\\\/uploads\\\/2025\\\/09\\\/golden-mask-1-extreme-scaled.webp\",\"width\":1024,\"height\":624,\"caption\":\"Golden Mask 1+ Xtreme\"},{\"@type\":\"BreadcrumbList\",\"@id\":\"https:\\\/\\\/www.sonarscope.hr\\\/shop\\\/proizvod\\\/golden-mask-1-xtreme\\\/#breadcrumb\",\"itemListElement\":[{\"@type\":\"ListItem\",\"position\":1,\"name\":\"Home\",\"item\":\"https:\\\/\\\/www.sonarscope.hr\\\/shop\\\/\"},{\"@type\":\"ListItem\",\"position\":2,\"name\":\"Katalog\",\"item\":\"https:\\\/\\\/www.sonarscope.hr\\\/shop\\\/shop\\\/\"},{\"@type\":\"ListItem\",\"position\":3,\"name\":\"Golden Mask 1+ Xtreme\"}]},{\"@type\":\"WebSite\",\"@id\":\"https:\\\/\\\/www.sonarscope.hr\\\/shop\\\/#website\",\"url\":\"https:\\\/\\\/www.sonarscope.hr\\\/shop\\\/\",\"name\":\"Sonarscope Pro Audio\",\"description\":\"DJ i Pro Audio studijska oprema\",\"publisher\":{\"@id\":\"https:\\\/\\\/www.sonarscope.hr\\\/shop\\\/#organization\"},\"potentialAction\":[{\"@type\":\"SearchAction\",\"target\":{\"@type\":\"EntryPoint\",\"urlTemplate\":\"https:\\\/\\\/www.sonarscope.hr\\\/shop\\\/?s={search_term_string}\"},\"query-input\":{\"@type\":\"PropertyValueSpecification\",\"valueRequired\":true,\"valueName\":\"search_term_string\"}}],\"inLanguage\":\"hr\"},{\"@type\":\"Organization\",\"@id\":\"https:\\\/\\\/www.sonarscope.hr\\\/shop\\\/#organization\",\"name\":\"Sonarscope Pro Audio\",\"url\":\"https:\\\/\\\/www.sonarscope.hr\\\/shop\\\/\",\"logo\":{\"@type\":\"ImageObject\",\"inLanguage\":\"hr\",\"@id\":\"https:\\\/\\\/www.sonarscope.hr\\\/shop\\\/#\\\/schema\\\/logo\\\/image\\\/\",\"url\":\"https:\\\/\\\/www.sonarscope.hr\\\/shop\\\/wp-content\\\/uploads\\\/2020\\\/02\\\/cropped-cropped-cropped-cropped-Sonarscope_logotip_470_110-1.png\",\"contentUrl\":\"https:\\\/\\\/www.sonarscope.hr\\\/shop\\\/wp-content\\\/uploads\\\/2020\\\/02\\\/cropped-cropped-cropped-cropped-Sonarscope_logotip_470_110-1.png\",\"width\":470,\"height\":72,\"caption\":\"Sonarscope Pro Audio\"},\"image\":{\"@id\":\"https:\\\/\\\/www.sonarscope.hr\\\/shop\\\/#\\\/schema\\\/logo\\\/image\\\/\"},\"sameAs\":[\"https:\\\/\\\/www.facebook.com\\\/sonarscope\",\"https:\\\/\\\/x.com\\\/sonarscope\",\"https:\\\/\\\/www.instagram.com\\\/sonarscope\\\/\",\"https:\\\/\\\/www.linkedin.com\\\/company\\\/sonarscope\",\"https:\\\/\\\/www.youtube.com\\\/user\\\/sonarscopevideo\"]}]}<\/script>\n<!-- \/ Yoast SEO plugin. -->","yoast_head_json":{"title":"Golden Mask 1+ Xtreme - Sonarscope Pro Audio","description":"Golden Mask 1+ Xtreme je pojednostavljena i jednostavna verzija najnaprednijeg i najja\u010deg detektora za kovanice i relikte ikada stvorenog u seriji Golden","robots":{"index":"index","follow":"follow","max-snippet":"max-snippet:-1","max-image-preview":"max-image-preview:large","max-video-preview":"max-video-preview:-1"},"canonical":"https:\/\/www.sonarscope.hr\/shop\/proizvod\/golden-mask-1-xtreme\/","og_locale":"hr_HR","og_type":"article","og_title":"Golden Mask 1+ Xtreme - Sonarscope Pro Audio","og_description":"Golden Mask 1+ Xtreme je pojednostavljena i jednostavna verzija najnaprednijeg i najja\u010deg detektora za kovanice i relikte ikada stvorenog u seriji Golden","og_url":"https:\/\/www.sonarscope.hr\/shop\/proizvod\/golden-mask-1-xtreme\/","og_site_name":"Sonarscope Pro Audio","article_publisher":"https:\/\/www.facebook.com\/sonarscope","article_modified_time":"2025-09-03T08:48:28+00:00","og_image":[{"width":1024,"height":624,"url":"https:\/\/www.sonarscope.hr\/shop\/wp-content\/uploads\/2025\/09\/golden-mask-1-extreme-scaled.webp","type":"image\/webp"}],"twitter_card":"summary_large_image","twitter_site":"@sonarscope","twitter_misc":{"Procijenjeno vrijeme \u010ditanja":"3 minute"},"schema":{"@context":"https:\/\/schema.org","@graph":[{"@type":"WebPage","@id":"https:\/\/www.sonarscope.hr\/shop\/proizvod\/golden-mask-1-xtreme\/","url":"https:\/\/www.sonarscope.hr\/shop\/proizvod\/golden-mask-1-xtreme\/","name":"Golden Mask 1+ Xtreme - Sonarscope Pro Audio","isPartOf":{"@id":"https:\/\/www.sonarscope.hr\/shop\/#website"},"primaryImageOfPage":{"@id":"https:\/\/www.sonarscope.hr\/shop\/proizvod\/golden-mask-1-xtreme\/#primaryimage"},"image":{"@id":"https:\/\/www.sonarscope.hr\/shop\/proizvod\/golden-mask-1-xtreme\/#primaryimage"},"thumbnailUrl":"https:\/\/www.sonarscope.hr\/shop\/wp-content\/uploads\/2025\/09\/golden-mask-1-extreme-scaled.webp","datePublished":"2025-09-03T08:47:03+00:00","dateModified":"2025-09-03T08:48:28+00:00","description":"Golden Mask 1+ Xtreme je pojednostavljena i jednostavna verzija najnaprednijeg i najja\u010deg detektora za kovanice i relikte ikada stvorenog u seriji Golden","breadcrumb":{"@id":"https:\/\/www.sonarscope.hr\/shop\/proizvod\/golden-mask-1-xtreme\/#breadcrumb"},"inLanguage":"hr","potentialAction":[{"@type":"ReadAction","target":["https:\/\/www.sonarscope.hr\/shop\/proizvod\/golden-mask-1-xtreme\/"]}]},{"@type":"ImageObject","inLanguage":"hr","@id":"https:\/\/www.sonarscope.hr\/shop\/proizvod\/golden-mask-1-xtreme\/#primaryimage","url":"https:\/\/www.sonarscope.hr\/shop\/wp-content\/uploads\/2025\/09\/golden-mask-1-extreme-scaled.webp","contentUrl":"https:\/\/www.sonarscope.hr\/shop\/wp-content\/uploads\/2025\/09\/golden-mask-1-extreme-scaled.webp","width":1024,"height":624,"caption":"Golden Mask 1+ Xtreme"},{"@type":"BreadcrumbList","@id":"https:\/\/www.sonarscope.hr\/shop\/proizvod\/golden-mask-1-xtreme\/#breadcrumb","itemListElement":[{"@type":"ListItem","position":1,"name":"Home","item":"https:\/\/www.sonarscope.hr\/shop\/"},{"@type":"ListItem","position":2,"name":"Katalog","item":"https:\/\/www.sonarscope.hr\/shop\/shop\/"},{"@type":"ListItem","position":3,"name":"Golden Mask 1+ Xtreme"}]},{"@type":"WebSite","@id":"https:\/\/www.sonarscope.hr\/shop\/#website","url":"https:\/\/www.sonarscope.hr\/shop\/","name":"Sonarscope Pro Audio","description":"DJ i Pro Audio studijska oprema","publisher":{"@id":"https:\/\/www.sonarscope.hr\/shop\/#organization"},"potentialAction":[{"@type":"SearchAction","target":{"@type":"EntryPoint","urlTemplate":"https:\/\/www.sonarscope.hr\/shop\/?s={search_term_string}"},"query-input":{"@type":"PropertyValueSpecification","valueRequired":true,"valueName":"search_term_string"}}],"inLanguage":"hr"},{"@type":"Organization","@id":"https:\/\/www.sonarscope.hr\/shop\/#organization","name":"Sonarscope Pro Audio","url":"https:\/\/www.sonarscope.hr\/shop\/","logo":{"@type":"ImageObject","inLanguage":"hr","@id":"https:\/\/www.sonarscope.hr\/shop\/#\/schema\/logo\/image\/","url":"https:\/\/www.sonarscope.hr\/shop\/wp-content\/uploads\/2020\/02\/cropped-cropped-cropped-cropped-Sonarscope_logotip_470_110-1.png","contentUrl":"https:\/\/www.sonarscope.hr\/shop\/wp-content\/uploads\/2020\/02\/cropped-cropped-cropped-cropped-Sonarscope_logotip_470_110-1.png","width":470,"height":72,"caption":"Sonarscope Pro Audio"},"image":{"@id":"https:\/\/www.sonarscope.hr\/shop\/#\/schema\/logo\/image\/"},"sameAs":["https:\/\/www.facebook.com\/sonarscope","https:\/\/x.com\/sonarscope","https:\/\/www.instagram.com\/sonarscope\/","https:\/\/www.linkedin.com\/company\/sonarscope","https:\/\/www.youtube.com\/user\/sonarscopevideo"]}]}},"brands":[{"id":537,"name":"Golden Mask","slug":"golden_mask"}],"_links":{"self":[{"href":"https:\/\/www.sonarscope.hr\/shop\/wp-json\/wp\/v2\/product\/47003","targetHints":{"allow":["GET"]}}],"collection":[{"href":"https:\/\/www.sonarscope.hr\/shop\/wp-json\/wp\/v2\/product"}],"about":[{"href":"https:\/\/www.sonarscope.hr\/shop\/wp-json\/wp\/v2\/types\/product"}],"replies":[{"embeddable":true,"href":"https:\/\/www.sonarscope.hr\/shop\/wp-json\/wp\/v2\/comments?post=47003"}],"wp:featuredmedia":[{"embeddable":true,"href":"https:\/\/www.sonarscope.hr\/shop\/wp-json\/wp\/v2\/media\/47004"}],"wp:attachment":[{"href":"https:\/\/www.sonarscope.hr\/shop\/wp-json\/wp\/v2\/media?parent=47003"}],"wp:term":[{"taxonomy":"pwb-brand","embeddable":true,"href":"https:\/\/www.sonarscope.hr\/shop\/wp-json\/wp\/v2\/pwb-brand?post=47003"},{"taxonomy":"product_brand","embeddable":true,"href":"https:\/\/www.sonarscope.hr\/shop\/wp-json\/wp\/v2\/product_brand?post=47003"},{"taxonomy":"product_cat","embeddable":true,"href":"https:\/\/www.sonarscope.hr\/shop\/wp-json\/wp\/v2\/product_cat?post=47003"},{"taxonomy":"product_tag","embeddable":true,"href":"https:\/\/www.sonarscope.hr\/shop\/wp-json\/wp\/v2\/product_tag?post=47003"}],"curies":[{"name":"wp","href":"https:\/\/api.w.org\/{rel}","templated":true}]}}