{"id":5121,"date":"2018-02-15T16:11:40","date_gmt":"2018-02-15T14:11:40","guid":{"rendered":"http:\/\/www.sonarscope.hr\/shop\/?post_type=product&#038;p=5121"},"modified":"2023-07-16T19:40:27","modified_gmt":"2023-07-16T17:40:27","slug":"alesis-recital-pro-stage-piano","status":"publish","type":"product","link":"https:\/\/www.sonarscope.hr\/shop\/proizvod\/alesis-recital-pro-stage-piano\/","title":{"rendered":"Alesis Recital Pro stage piano"},"content":{"rendered":"<p><span id=\"QuickViewTitle\"><strong>Alesis Recital Pro stage piano<\/strong> &#8211; digitalni piano sa svim bitnim zna\u010dajkama i 88 punih full-ote\u017eanih &#8216;hammer-action&#8217; tipki s podesivom te\u017einom.\u00a0<\/span><\/p>\n<p><strong>PREMIUM FEEL AND SOUND<\/strong><br \/>\nThe Alesis Recital Pro is a full-featured digital piano with 88 full-sized hammer-action keys with adjustable touch response. The Recital Pro features 12 premium built-in realistic voices:<\/p>\n<p>\u2022 Acoustic Piano<br \/>\n\u2022 Acoustic Piano (Bright)<br \/>\n\u2022 Electric Piano<br \/>\n\u2022 Vibraphone<br \/>\n\u2022 Organ<br \/>\n\u2022 Church Organ<br \/>\n\u2022 Harpsichord<br \/>\n\u2022 Clavi<br \/>\n\u2022 Synth<br \/>\n\u2022 Strings<br \/>\n\u2022 Acoustic Bass<br \/>\n\u2022 Fingered Bass<\/p>\n<p>You can easily customize the voices by combining any two at once in Layer Mode for a full, rich tone by using the intuitive onboard controls and display screen. Voices can also be assigned to only the left or right hands in Split Mode. You can even add adjustable Modulation, Reverb and Chorus to further tailor your sound. With powerful 20-watt built-in speakers and a 128-note maximum note polyphony, Recital Pro delivers ultra-realistic sound with an authentic playing experience.<\/p>\n<div class=\"product-features-header\">\n<h2>FEATURES<\/h2>\n<\/div>\n<div class=\"product-features-content\">\n<ul>\n<li>88 premium full-sized hammer-action keys with adjustable touch response<\/li>\n<li>12 built-in premium voices with the ability to split or layer 2 voices simultaneously<\/li>\n<li>20-watt speakers and 128-note max polyphony for realistic sound and playability<\/li>\n<li>Lesson mode divides the keyboard into two zones with the same pitch and voice<\/li>\n<li>Record mode enables you to record and then listen back to your performance<\/li>\n<li>Built-in metronome can be easily adjusted from 30-280 beats per minute<\/li>\n<li>Easily adjustable Modulation, Chorus, and Reverb FX; Pedal Resonance feature<\/li>\n<li>Stereo \u00bc\u201d (6.35mm) outputs for connecting to a mixer, amp, or other sound system<\/li>\n<li>\u00bc\u201d (6.35mm) headphone output mutes the internal speakers for private practice<\/li>\n<li>USB-MIDI output for use with educational software or virtual instrument plugins<\/li>\n<li>Sustain input to connect standard \u00bc\u201d (6.35mm) sustain pedal (not included)<\/li>\n<li>Includes a power adapter or power with 6 D-cell Batteries (not included)<\/li>\n<\/ul>\n<p><iframe loading=\"lazy\"  id=\"_ytid_56806\"  width=\"1200\" height=\"675\"  data-origwidth=\"1200\" data-origheight=\"675\" src=\"https:\/\/www.youtube.com\/embed\/_9WcNQVZzbk?enablejsapi=1&#038;autoplay=0&#038;cc_load_policy=0&#038;cc_lang_pref=&#038;iv_load_policy=1&#038;loop=0&#038;rel=1&#038;fs=1&#038;playsinline=0&#038;autohide=2&#038;theme=dark&#038;color=red&#038;controls=1&#038;disablekb=0&#038;\" class=\"__youtube_prefs__  epyt-is-override  no-lazyload\" title=\"YouTube player\"  allow=\"fullscreen; accelerometer; autoplay; clipboard-write; encrypted-media; gyroscope; picture-in-picture; web-share\" referrerpolicy=\"strict-origin-when-cross-origin\" allowfullscreen data-no-lazy=\"1\" data-skipgform_ajax_framebjll=\"\"><\/iframe><\/p>\n<\/div>\n","protected":false},"excerpt":{"rendered":"<p><span id=\"QuickViewTitle\">Alesis Recital Pro stage piano<\/span><\/p>\n","protected":false},"featured_media":5122,"comment_status":"open","ping_status":"closed","template":"","meta":{"neve_meta_sidebar":"","neve_meta_container":"","neve_meta_enable_content_width":"","neve_meta_content_width":0,"neve_meta_title_alignment":"","neve_meta_author_avatar":"","neve_post_elements_order":"","neve_meta_disable_header":"","neve_meta_disable_footer":"","neve_meta_disable_title":"","_joinchat":[]},"pwb-brand":[411],"product_brand":[],"product_cat":[494,100],"product_tag":[412],"class_list":{"0":"post-5121","1":"product","2":"type-product","3":"status-publish","4":"has-post-thumbnail","6":"pwb-brand-alesis","7":"product_cat-keyboard-synthesizers","8":"product_cat-synthesizers","9":"product_tag-alesis","11":"first","12":"instock","13":"taxable","14":"shipping-taxable","15":"purchasable","16":"product-type-simple"},"yoast_head":"<!-- This site is optimized with the Yoast SEO plugin v27.4 - https:\/\/yoast.com\/product\/yoast-seo-wordpress\/ -->\n<title>Alesis Recital Pro stage piano - Sonarscope Pro Audio<\/title>\n<meta name=\"description\" content=\"Alesis Recital Pro stage piano\" \/>\n<meta name=\"robots\" content=\"index, follow, max-snippet:-1, max-image-preview:large, max-video-preview:-1\" \/>\n<link rel=\"canonical\" href=\"https:\/\/www.sonarscope.hr\/shop\/proizvod\/alesis-recital-pro-stage-piano\/\" \/>\n<meta property=\"og:locale\" content=\"hr_HR\" \/>\n<meta property=\"og:type\" content=\"article\" \/>\n<meta property=\"og:title\" content=\"Alesis Recital Pro stage piano - Sonarscope Pro Audio\" \/>\n<meta property=\"og:description\" content=\"Alesis Recital Pro stage piano\" \/>\n<meta property=\"og:url\" content=\"https:\/\/www.sonarscope.hr\/shop\/proizvod\/alesis-recital-pro-stage-piano\/\" \/>\n<meta property=\"og:site_name\" content=\"Sonarscope Pro Audio\" \/>\n<meta property=\"article:publisher\" content=\"https:\/\/www.facebook.com\/sonarscope\" \/>\n<meta property=\"article:modified_time\" content=\"2023-07-16T17:40:27+00:00\" \/>\n<meta property=\"og:image\" content=\"https:\/\/www.sonarscope.hr\/shop\/wp-content\/uploads\/2018\/02\/alesis_recital_pro_piano.png\" \/>\n\t<meta property=\"og:image:width\" content=\"400\" \/>\n\t<meta property=\"og:image:height\" content=\"218\" \/>\n\t<meta property=\"og:image:type\" content=\"image\/png\" \/>\n<meta name=\"twitter:card\" content=\"summary_large_image\" \/>\n<meta name=\"twitter:site\" content=\"@sonarscope\" \/>\n<meta name=\"twitter:label1\" content=\"Procijenjeno vrijeme \u010ditanja\" \/>\n\t<meta name=\"twitter:data1\" content=\"1 minuta\" \/>\n<script type=\"application\/ld+json\" class=\"yoast-schema-graph\">{\"@context\":\"https:\\\/\\\/schema.org\",\"@graph\":[{\"@type\":\"WebPage\",\"@id\":\"https:\\\/\\\/www.sonarscope.hr\\\/shop\\\/proizvod\\\/alesis-recital-pro-stage-piano\\\/\",\"url\":\"https:\\\/\\\/www.sonarscope.hr\\\/shop\\\/proizvod\\\/alesis-recital-pro-stage-piano\\\/\",\"name\":\"Alesis Recital Pro stage piano - Sonarscope Pro Audio\",\"isPartOf\":{\"@id\":\"https:\\\/\\\/www.sonarscope.hr\\\/shop\\\/#website\"},\"primaryImageOfPage\":{\"@id\":\"https:\\\/\\\/www.sonarscope.hr\\\/shop\\\/proizvod\\\/alesis-recital-pro-stage-piano\\\/#primaryimage\"},\"image\":{\"@id\":\"https:\\\/\\\/www.sonarscope.hr\\\/shop\\\/proizvod\\\/alesis-recital-pro-stage-piano\\\/#primaryimage\"},\"thumbnailUrl\":\"https:\\\/\\\/www.sonarscope.hr\\\/shop\\\/wp-content\\\/uploads\\\/2018\\\/02\\\/alesis_recital_pro_piano.png\",\"datePublished\":\"2018-02-15T14:11:40+00:00\",\"dateModified\":\"2023-07-16T17:40:27+00:00\",\"description\":\"Alesis Recital Pro stage piano\",\"breadcrumb\":{\"@id\":\"https:\\\/\\\/www.sonarscope.hr\\\/shop\\\/proizvod\\\/alesis-recital-pro-stage-piano\\\/#breadcrumb\"},\"inLanguage\":\"hr\",\"potentialAction\":[{\"@type\":\"ReadAction\",\"target\":[\"https:\\\/\\\/www.sonarscope.hr\\\/shop\\\/proizvod\\\/alesis-recital-pro-stage-piano\\\/\"]}]},{\"@type\":\"ImageObject\",\"inLanguage\":\"hr\",\"@id\":\"https:\\\/\\\/www.sonarscope.hr\\\/shop\\\/proizvod\\\/alesis-recital-pro-stage-piano\\\/#primaryimage\",\"url\":\"https:\\\/\\\/www.sonarscope.hr\\\/shop\\\/wp-content\\\/uploads\\\/2018\\\/02\\\/alesis_recital_pro_piano.png\",\"contentUrl\":\"https:\\\/\\\/www.sonarscope.hr\\\/shop\\\/wp-content\\\/uploads\\\/2018\\\/02\\\/alesis_recital_pro_piano.png\",\"width\":400,\"height\":218},{\"@type\":\"BreadcrumbList\",\"@id\":\"https:\\\/\\\/www.sonarscope.hr\\\/shop\\\/proizvod\\\/alesis-recital-pro-stage-piano\\\/#breadcrumb\",\"itemListElement\":[{\"@type\":\"ListItem\",\"position\":1,\"name\":\"Home\",\"item\":\"https:\\\/\\\/www.sonarscope.hr\\\/shop\\\/\"},{\"@type\":\"ListItem\",\"position\":2,\"name\":\"Katalog\",\"item\":\"https:\\\/\\\/www.sonarscope.hr\\\/shop\\\/shop\\\/\"},{\"@type\":\"ListItem\",\"position\":3,\"name\":\"Alesis Recital Pro stage piano\"}]},{\"@type\":\"WebSite\",\"@id\":\"https:\\\/\\\/www.sonarscope.hr\\\/shop\\\/#website\",\"url\":\"https:\\\/\\\/www.sonarscope.hr\\\/shop\\\/\",\"name\":\"Sonarscope Pro Audio\",\"description\":\"DJ i Pro Audio studijska oprema\",\"publisher\":{\"@id\":\"https:\\\/\\\/www.sonarscope.hr\\\/shop\\\/#organization\"},\"potentialAction\":[{\"@type\":\"SearchAction\",\"target\":{\"@type\":\"EntryPoint\",\"urlTemplate\":\"https:\\\/\\\/www.sonarscope.hr\\\/shop\\\/?s={search_term_string}\"},\"query-input\":{\"@type\":\"PropertyValueSpecification\",\"valueRequired\":true,\"valueName\":\"search_term_string\"}}],\"inLanguage\":\"hr\"},{\"@type\":\"Organization\",\"@id\":\"https:\\\/\\\/www.sonarscope.hr\\\/shop\\\/#organization\",\"name\":\"Sonarscope Pro Audio\",\"url\":\"https:\\\/\\\/www.sonarscope.hr\\\/shop\\\/\",\"logo\":{\"@type\":\"ImageObject\",\"inLanguage\":\"hr\",\"@id\":\"https:\\\/\\\/www.sonarscope.hr\\\/shop\\\/#\\\/schema\\\/logo\\\/image\\\/\",\"url\":\"https:\\\/\\\/www.sonarscope.hr\\\/shop\\\/wp-content\\\/uploads\\\/2020\\\/02\\\/cropped-cropped-cropped-cropped-Sonarscope_logotip_470_110-1.png\",\"contentUrl\":\"https:\\\/\\\/www.sonarscope.hr\\\/shop\\\/wp-content\\\/uploads\\\/2020\\\/02\\\/cropped-cropped-cropped-cropped-Sonarscope_logotip_470_110-1.png\",\"width\":470,\"height\":72,\"caption\":\"Sonarscope Pro Audio\"},\"image\":{\"@id\":\"https:\\\/\\\/www.sonarscope.hr\\\/shop\\\/#\\\/schema\\\/logo\\\/image\\\/\"},\"sameAs\":[\"https:\\\/\\\/www.facebook.com\\\/sonarscope\",\"https:\\\/\\\/x.com\\\/sonarscope\",\"https:\\\/\\\/www.instagram.com\\\/sonarscope\\\/\",\"https:\\\/\\\/www.linkedin.com\\\/company\\\/sonarscope\",\"https:\\\/\\\/www.youtube.com\\\/user\\\/sonarscopevideo\"]}]}<\/script>\n<!-- \/ Yoast SEO plugin. -->","yoast_head_json":{"title":"Alesis Recital Pro stage piano - Sonarscope Pro Audio","description":"Alesis Recital Pro stage piano","robots":{"index":"index","follow":"follow","max-snippet":"max-snippet:-1","max-image-preview":"max-image-preview:large","max-video-preview":"max-video-preview:-1"},"canonical":"https:\/\/www.sonarscope.hr\/shop\/proizvod\/alesis-recital-pro-stage-piano\/","og_locale":"hr_HR","og_type":"article","og_title":"Alesis Recital Pro stage piano - Sonarscope Pro Audio","og_description":"Alesis Recital Pro stage piano","og_url":"https:\/\/www.sonarscope.hr\/shop\/proizvod\/alesis-recital-pro-stage-piano\/","og_site_name":"Sonarscope Pro Audio","article_publisher":"https:\/\/www.facebook.com\/sonarscope","article_modified_time":"2023-07-16T17:40:27+00:00","og_image":[{"width":400,"height":218,"url":"https:\/\/www.sonarscope.hr\/shop\/wp-content\/uploads\/2018\/02\/alesis_recital_pro_piano.png","type":"image\/png"}],"twitter_card":"summary_large_image","twitter_site":"@sonarscope","twitter_misc":{"Procijenjeno vrijeme \u010ditanja":"1 minuta"},"schema":{"@context":"https:\/\/schema.org","@graph":[{"@type":"WebPage","@id":"https:\/\/www.sonarscope.hr\/shop\/proizvod\/alesis-recital-pro-stage-piano\/","url":"https:\/\/www.sonarscope.hr\/shop\/proizvod\/alesis-recital-pro-stage-piano\/","name":"Alesis Recital Pro stage piano - Sonarscope Pro Audio","isPartOf":{"@id":"https:\/\/www.sonarscope.hr\/shop\/#website"},"primaryImageOfPage":{"@id":"https:\/\/www.sonarscope.hr\/shop\/proizvod\/alesis-recital-pro-stage-piano\/#primaryimage"},"image":{"@id":"https:\/\/www.sonarscope.hr\/shop\/proizvod\/alesis-recital-pro-stage-piano\/#primaryimage"},"thumbnailUrl":"https:\/\/www.sonarscope.hr\/shop\/wp-content\/uploads\/2018\/02\/alesis_recital_pro_piano.png","datePublished":"2018-02-15T14:11:40+00:00","dateModified":"2023-07-16T17:40:27+00:00","description":"Alesis Recital Pro stage piano","breadcrumb":{"@id":"https:\/\/www.sonarscope.hr\/shop\/proizvod\/alesis-recital-pro-stage-piano\/#breadcrumb"},"inLanguage":"hr","potentialAction":[{"@type":"ReadAction","target":["https:\/\/www.sonarscope.hr\/shop\/proizvod\/alesis-recital-pro-stage-piano\/"]}]},{"@type":"ImageObject","inLanguage":"hr","@id":"https:\/\/www.sonarscope.hr\/shop\/proizvod\/alesis-recital-pro-stage-piano\/#primaryimage","url":"https:\/\/www.sonarscope.hr\/shop\/wp-content\/uploads\/2018\/02\/alesis_recital_pro_piano.png","contentUrl":"https:\/\/www.sonarscope.hr\/shop\/wp-content\/uploads\/2018\/02\/alesis_recital_pro_piano.png","width":400,"height":218},{"@type":"BreadcrumbList","@id":"https:\/\/www.sonarscope.hr\/shop\/proizvod\/alesis-recital-pro-stage-piano\/#breadcrumb","itemListElement":[{"@type":"ListItem","position":1,"name":"Home","item":"https:\/\/www.sonarscope.hr\/shop\/"},{"@type":"ListItem","position":2,"name":"Katalog","item":"https:\/\/www.sonarscope.hr\/shop\/shop\/"},{"@type":"ListItem","position":3,"name":"Alesis Recital Pro stage piano"}]},{"@type":"WebSite","@id":"https:\/\/www.sonarscope.hr\/shop\/#website","url":"https:\/\/www.sonarscope.hr\/shop\/","name":"Sonarscope Pro Audio","description":"DJ i Pro Audio studijska oprema","publisher":{"@id":"https:\/\/www.sonarscope.hr\/shop\/#organization"},"potentialAction":[{"@type":"SearchAction","target":{"@type":"EntryPoint","urlTemplate":"https:\/\/www.sonarscope.hr\/shop\/?s={search_term_string}"},"query-input":{"@type":"PropertyValueSpecification","valueRequired":true,"valueName":"search_term_string"}}],"inLanguage":"hr"},{"@type":"Organization","@id":"https:\/\/www.sonarscope.hr\/shop\/#organization","name":"Sonarscope Pro Audio","url":"https:\/\/www.sonarscope.hr\/shop\/","logo":{"@type":"ImageObject","inLanguage":"hr","@id":"https:\/\/www.sonarscope.hr\/shop\/#\/schema\/logo\/image\/","url":"https:\/\/www.sonarscope.hr\/shop\/wp-content\/uploads\/2020\/02\/cropped-cropped-cropped-cropped-Sonarscope_logotip_470_110-1.png","contentUrl":"https:\/\/www.sonarscope.hr\/shop\/wp-content\/uploads\/2020\/02\/cropped-cropped-cropped-cropped-Sonarscope_logotip_470_110-1.png","width":470,"height":72,"caption":"Sonarscope Pro Audio"},"image":{"@id":"https:\/\/www.sonarscope.hr\/shop\/#\/schema\/logo\/image\/"},"sameAs":["https:\/\/www.facebook.com\/sonarscope","https:\/\/x.com\/sonarscope","https:\/\/www.instagram.com\/sonarscope\/","https:\/\/www.linkedin.com\/company\/sonarscope","https:\/\/www.youtube.com\/user\/sonarscopevideo"]}]}},"brands":[{"id":411,"name":"Alesis","slug":"alesis"}],"_links":{"self":[{"href":"https:\/\/www.sonarscope.hr\/shop\/wp-json\/wp\/v2\/product\/5121","targetHints":{"allow":["GET"]}}],"collection":[{"href":"https:\/\/www.sonarscope.hr\/shop\/wp-json\/wp\/v2\/product"}],"about":[{"href":"https:\/\/www.sonarscope.hr\/shop\/wp-json\/wp\/v2\/types\/product"}],"replies":[{"embeddable":true,"href":"https:\/\/www.sonarscope.hr\/shop\/wp-json\/wp\/v2\/comments?post=5121"}],"wp:featuredmedia":[{"embeddable":true,"href":"https:\/\/www.sonarscope.hr\/shop\/wp-json\/wp\/v2\/media\/5122"}],"wp:attachment":[{"href":"https:\/\/www.sonarscope.hr\/shop\/wp-json\/wp\/v2\/media?parent=5121"}],"wp:term":[{"taxonomy":"pwb-brand","embeddable":true,"href":"https:\/\/www.sonarscope.hr\/shop\/wp-json\/wp\/v2\/pwb-brand?post=5121"},{"taxonomy":"product_brand","embeddable":true,"href":"https:\/\/www.sonarscope.hr\/shop\/wp-json\/wp\/v2\/product_brand?post=5121"},{"taxonomy":"product_cat","embeddable":true,"href":"https:\/\/www.sonarscope.hr\/shop\/wp-json\/wp\/v2\/product_cat?post=5121"},{"taxonomy":"product_tag","embeddable":true,"href":"https:\/\/www.sonarscope.hr\/shop\/wp-json\/wp\/v2\/product_tag?post=5121"}],"curies":[{"name":"wp","href":"https:\/\/api.w.org\/{rel}","templated":true}]}}