{"id":5217,"date":"2018-02-20T01:27:33","date_gmt":"2018-02-19T23:27:33","guid":{"rendered":"http:\/\/www.sonarscope.hr\/shop\/?post_type=product&#038;p=5217"},"modified":"2023-07-16T19:39:24","modified_gmt":"2023-07-16T17:39:24","slug":"alesis-sr18-ritam-masina","status":"publish","type":"product","link":"https:\/\/www.sonarscope.hr\/shop\/proizvod\/alesis-sr18-ritam-masina\/","title":{"rendered":"Alesis SR18 ritam ma\u0161ina"},"content":{"rendered":"<p>Alesis SR18 ritam ma\u0161ina pru\u017ea instant bubnjeve bilo di, za muzi\u010dare u pokretu. Od Hip Hop-a do Country-a i svega izme\u0111u, sa efekt engine-om na izlazu(Alesis reverbom, EQ i compressor-om), spreman za svaku svirku ili studijsko snimanje.<\/p>\n<div class=\"product-page-wrapper\">\n<section id=\"legacy-hero\">\n<div class=\"row full-width-row\">\n<div class=\"legacy-hero-img text-center\"><img decoding=\"async\" src=\"http:\/\/5a18fcdc5c8aa2617926-54d68a14e2e7c1f76563a2d8c3e9fd82.r82.cf2.rackcdn.com\/919\/images\/SR18_AngleRight_Web.png\" \/><\/div>\n<\/div>\n<\/section>\n<\/div>\n<section id=\"product-quote-strip\">\n<div class=\"row full-width-row\">\n<div class=\"product-hero-header text-center\">\n<div class=\"product-hero-sub-header text-center\"><\/div>\n<div class=\"product-quote-strip-header\">\n<h1 style=\"text-align: center;\">SR18<\/h1>\n<h4 style=\"text-align: center;\">Consistently among the top-selling drum machines in the world.<\/h4>\n<div class=\"product-features-header\">\n<h2>FEATURES<\/h2>\n<\/div>\n<div class=\"product-features-content\">\n<ul>\n<li>Large, 32MB sound set with percussion bank and bass synth<\/li>\n<li>Over 500 drum and percussion sounds and 50 bass sounds<\/li>\n<li>Built-in Alesis effects: reverbs, EQs, and compression<\/li>\n<li>Pattern Play Mode enables different patterns to be triggered from the pads directly<\/li>\n<li>Programmable Drum Roll function<\/li>\n<li>Mute\/Solo Function: mute drums, bass, and percussion<\/li>\n<li>Flexible wall (adapter included) and battery powering (six AA, not included)<\/li>\n<li>Backlit LCD<\/li>\n<li>100 preset patterns, 100 user locations<\/li>\n<li>12 velocity sensitive pads<\/li>\n<li>Tap tempo for instant beats exactly as you want them<\/li>\n<\/ul>\n<p>&nbsp;<\/p>\n<\/div>\n<div class=\"product-specs-header\">\n<h2>SPECIFIKACIJE<\/h2>\n<\/div>\n<div class=\"product-specs-content\">\n<ul>\n<li>Sound set: 32MB, multi-sampled<\/li>\n<li>Polyphony: 32 voices<\/li>\n<li>Inputs: 1\/4&#8243; instrument (guitar)<\/li>\n<li>Outputs: 1\/4&#8243; stereo pair, 1\/4&#8243; TRS, 1\/4&#8243; TRS stereo headphone<\/li>\n<li>MIDI: in, out\/thru<\/li>\n<li>Footswitch: two inputs \u2013 start\/stop, count\/A\/B\/fill<\/li>\n<\/ul>\n<\/div>\n<\/div>\n<\/div>\n<\/div>\n<\/section>\n<p>&nbsp;<\/p>\n","protected":false},"excerpt":{"rendered":"<p>Alesis SR18 &#8211; ritam ma\u0161ina<\/p>\n","protected":false},"featured_media":5218,"comment_status":"open","ping_status":"closed","template":"","meta":{"neve_meta_sidebar":"","neve_meta_container":"","neve_meta_enable_content_width":"off","neve_meta_content_width":100,"neve_meta_title_alignment":"","neve_meta_author_avatar":"","neve_post_elements_order":"","neve_meta_disable_header":"","neve_meta_disable_footer":"","neve_meta_disable_title":"","_joinchat":[]},"pwb-brand":[411],"product_brand":[],"product_cat":[289,100],"product_tag":[412],"class_list":{"0":"post-5217","1":"product","2":"type-product","3":"status-publish","4":"has-post-thumbnail","6":"pwb-brand-alesis","7":"product_cat-studio-oprema","8":"product_cat-synthesizers","9":"product_tag-alesis","11":"first","12":"onbackorder","13":"taxable","14":"shipping-taxable","15":"purchasable","16":"product-type-simple"},"yoast_head":"<!-- This site is optimized with the Yoast SEO plugin v27.4 - https:\/\/yoast.com\/product\/yoast-seo-wordpress\/ -->\n<title>Alesis SR18 ritam ma\u0161ina - Sonarscope Pro Audio<\/title>\n<meta name=\"description\" content=\"Alesis SR18 - ritam ma\u0161ina\" \/>\n<meta name=\"robots\" content=\"index, follow, max-snippet:-1, max-image-preview:large, max-video-preview:-1\" \/>\n<link rel=\"canonical\" href=\"https:\/\/www.sonarscope.hr\/shop\/proizvod\/alesis-sr18-ritam-masina\/\" \/>\n<meta property=\"og:locale\" content=\"hr_HR\" \/>\n<meta property=\"og:type\" content=\"article\" \/>\n<meta property=\"og:title\" content=\"Alesis SR18 ritam ma\u0161ina - Sonarscope Pro Audio\" \/>\n<meta property=\"og:description\" content=\"Alesis SR18 - ritam ma\u0161ina\" \/>\n<meta property=\"og:url\" content=\"https:\/\/www.sonarscope.hr\/shop\/proizvod\/alesis-sr18-ritam-masina\/\" \/>\n<meta property=\"og:site_name\" content=\"Sonarscope Pro Audio\" \/>\n<meta property=\"article:publisher\" content=\"https:\/\/www.facebook.com\/sonarscope\" \/>\n<meta property=\"article:modified_time\" content=\"2023-07-16T17:39:24+00:00\" \/>\n<meta property=\"og:image\" content=\"https:\/\/www.sonarscope.hr\/shop\/wp-content\/uploads\/2018\/02\/alesis_sr18_ritam_masina.jpg\" \/>\n\t<meta property=\"og:image:width\" content=\"400\" \/>\n\t<meta property=\"og:image:height\" content=\"312\" \/>\n\t<meta property=\"og:image:type\" content=\"image\/jpeg\" \/>\n<meta name=\"twitter:card\" content=\"summary_large_image\" \/>\n<meta name=\"twitter:site\" content=\"@sonarscope\" \/>\n<meta name=\"twitter:label1\" content=\"Procijenjeno vrijeme \u010ditanja\" \/>\n\t<meta name=\"twitter:data1\" content=\"2 minute\" \/>\n<script type=\"application\/ld+json\" class=\"yoast-schema-graph\">{\"@context\":\"https:\\\/\\\/schema.org\",\"@graph\":[{\"@type\":\"WebPage\",\"@id\":\"https:\\\/\\\/www.sonarscope.hr\\\/shop\\\/proizvod\\\/alesis-sr18-ritam-masina\\\/\",\"url\":\"https:\\\/\\\/www.sonarscope.hr\\\/shop\\\/proizvod\\\/alesis-sr18-ritam-masina\\\/\",\"name\":\"Alesis SR18 ritam ma\u0161ina - Sonarscope Pro Audio\",\"isPartOf\":{\"@id\":\"https:\\\/\\\/www.sonarscope.hr\\\/shop\\\/#website\"},\"primaryImageOfPage\":{\"@id\":\"https:\\\/\\\/www.sonarscope.hr\\\/shop\\\/proizvod\\\/alesis-sr18-ritam-masina\\\/#primaryimage\"},\"image\":{\"@id\":\"https:\\\/\\\/www.sonarscope.hr\\\/shop\\\/proizvod\\\/alesis-sr18-ritam-masina\\\/#primaryimage\"},\"thumbnailUrl\":\"https:\\\/\\\/www.sonarscope.hr\\\/shop\\\/wp-content\\\/uploads\\\/2018\\\/02\\\/alesis_sr18_ritam_masina.jpg\",\"datePublished\":\"2018-02-19T23:27:33+00:00\",\"dateModified\":\"2023-07-16T17:39:24+00:00\",\"description\":\"Alesis SR18 - ritam ma\u0161ina\",\"breadcrumb\":{\"@id\":\"https:\\\/\\\/www.sonarscope.hr\\\/shop\\\/proizvod\\\/alesis-sr18-ritam-masina\\\/#breadcrumb\"},\"inLanguage\":\"hr\",\"potentialAction\":[{\"@type\":\"ReadAction\",\"target\":[\"https:\\\/\\\/www.sonarscope.hr\\\/shop\\\/proizvod\\\/alesis-sr18-ritam-masina\\\/\"]}]},{\"@type\":\"ImageObject\",\"inLanguage\":\"hr\",\"@id\":\"https:\\\/\\\/www.sonarscope.hr\\\/shop\\\/proizvod\\\/alesis-sr18-ritam-masina\\\/#primaryimage\",\"url\":\"https:\\\/\\\/www.sonarscope.hr\\\/shop\\\/wp-content\\\/uploads\\\/2018\\\/02\\\/alesis_sr18_ritam_masina.jpg\",\"contentUrl\":\"https:\\\/\\\/www.sonarscope.hr\\\/shop\\\/wp-content\\\/uploads\\\/2018\\\/02\\\/alesis_sr18_ritam_masina.jpg\",\"width\":400,\"height\":312},{\"@type\":\"BreadcrumbList\",\"@id\":\"https:\\\/\\\/www.sonarscope.hr\\\/shop\\\/proizvod\\\/alesis-sr18-ritam-masina\\\/#breadcrumb\",\"itemListElement\":[{\"@type\":\"ListItem\",\"position\":1,\"name\":\"Home\",\"item\":\"https:\\\/\\\/www.sonarscope.hr\\\/shop\\\/\"},{\"@type\":\"ListItem\",\"position\":2,\"name\":\"Katalog\",\"item\":\"https:\\\/\\\/www.sonarscope.hr\\\/shop\\\/shop\\\/\"},{\"@type\":\"ListItem\",\"position\":3,\"name\":\"Alesis SR18 ritam ma\u0161ina\"}]},{\"@type\":\"WebSite\",\"@id\":\"https:\\\/\\\/www.sonarscope.hr\\\/shop\\\/#website\",\"url\":\"https:\\\/\\\/www.sonarscope.hr\\\/shop\\\/\",\"name\":\"Sonarscope Pro Audio\",\"description\":\"DJ i Pro Audio studijska oprema\",\"publisher\":{\"@id\":\"https:\\\/\\\/www.sonarscope.hr\\\/shop\\\/#organization\"},\"potentialAction\":[{\"@type\":\"SearchAction\",\"target\":{\"@type\":\"EntryPoint\",\"urlTemplate\":\"https:\\\/\\\/www.sonarscope.hr\\\/shop\\\/?s={search_term_string}\"},\"query-input\":{\"@type\":\"PropertyValueSpecification\",\"valueRequired\":true,\"valueName\":\"search_term_string\"}}],\"inLanguage\":\"hr\"},{\"@type\":\"Organization\",\"@id\":\"https:\\\/\\\/www.sonarscope.hr\\\/shop\\\/#organization\",\"name\":\"Sonarscope Pro Audio\",\"url\":\"https:\\\/\\\/www.sonarscope.hr\\\/shop\\\/\",\"logo\":{\"@type\":\"ImageObject\",\"inLanguage\":\"hr\",\"@id\":\"https:\\\/\\\/www.sonarscope.hr\\\/shop\\\/#\\\/schema\\\/logo\\\/image\\\/\",\"url\":\"https:\\\/\\\/www.sonarscope.hr\\\/shop\\\/wp-content\\\/uploads\\\/2020\\\/02\\\/cropped-cropped-cropped-cropped-Sonarscope_logotip_470_110-1.png\",\"contentUrl\":\"https:\\\/\\\/www.sonarscope.hr\\\/shop\\\/wp-content\\\/uploads\\\/2020\\\/02\\\/cropped-cropped-cropped-cropped-Sonarscope_logotip_470_110-1.png\",\"width\":470,\"height\":72,\"caption\":\"Sonarscope Pro Audio\"},\"image\":{\"@id\":\"https:\\\/\\\/www.sonarscope.hr\\\/shop\\\/#\\\/schema\\\/logo\\\/image\\\/\"},\"sameAs\":[\"https:\\\/\\\/www.facebook.com\\\/sonarscope\",\"https:\\\/\\\/x.com\\\/sonarscope\",\"https:\\\/\\\/www.instagram.com\\\/sonarscope\\\/\",\"https:\\\/\\\/www.linkedin.com\\\/company\\\/sonarscope\",\"https:\\\/\\\/www.youtube.com\\\/user\\\/sonarscopevideo\"]}]}<\/script>\n<!-- \/ Yoast SEO plugin. -->","yoast_head_json":{"title":"Alesis SR18 ritam ma\u0161ina - Sonarscope Pro Audio","description":"Alesis SR18 - ritam ma\u0161ina","robots":{"index":"index","follow":"follow","max-snippet":"max-snippet:-1","max-image-preview":"max-image-preview:large","max-video-preview":"max-video-preview:-1"},"canonical":"https:\/\/www.sonarscope.hr\/shop\/proizvod\/alesis-sr18-ritam-masina\/","og_locale":"hr_HR","og_type":"article","og_title":"Alesis SR18 ritam ma\u0161ina - Sonarscope Pro Audio","og_description":"Alesis SR18 - ritam ma\u0161ina","og_url":"https:\/\/www.sonarscope.hr\/shop\/proizvod\/alesis-sr18-ritam-masina\/","og_site_name":"Sonarscope Pro Audio","article_publisher":"https:\/\/www.facebook.com\/sonarscope","article_modified_time":"2023-07-16T17:39:24+00:00","og_image":[{"width":400,"height":312,"url":"https:\/\/www.sonarscope.hr\/shop\/wp-content\/uploads\/2018\/02\/alesis_sr18_ritam_masina.jpg","type":"image\/jpeg"}],"twitter_card":"summary_large_image","twitter_site":"@sonarscope","twitter_misc":{"Procijenjeno vrijeme \u010ditanja":"2 minute"},"schema":{"@context":"https:\/\/schema.org","@graph":[{"@type":"WebPage","@id":"https:\/\/www.sonarscope.hr\/shop\/proizvod\/alesis-sr18-ritam-masina\/","url":"https:\/\/www.sonarscope.hr\/shop\/proizvod\/alesis-sr18-ritam-masina\/","name":"Alesis SR18 ritam ma\u0161ina - Sonarscope Pro Audio","isPartOf":{"@id":"https:\/\/www.sonarscope.hr\/shop\/#website"},"primaryImageOfPage":{"@id":"https:\/\/www.sonarscope.hr\/shop\/proizvod\/alesis-sr18-ritam-masina\/#primaryimage"},"image":{"@id":"https:\/\/www.sonarscope.hr\/shop\/proizvod\/alesis-sr18-ritam-masina\/#primaryimage"},"thumbnailUrl":"https:\/\/www.sonarscope.hr\/shop\/wp-content\/uploads\/2018\/02\/alesis_sr18_ritam_masina.jpg","datePublished":"2018-02-19T23:27:33+00:00","dateModified":"2023-07-16T17:39:24+00:00","description":"Alesis SR18 - ritam ma\u0161ina","breadcrumb":{"@id":"https:\/\/www.sonarscope.hr\/shop\/proizvod\/alesis-sr18-ritam-masina\/#breadcrumb"},"inLanguage":"hr","potentialAction":[{"@type":"ReadAction","target":["https:\/\/www.sonarscope.hr\/shop\/proizvod\/alesis-sr18-ritam-masina\/"]}]},{"@type":"ImageObject","inLanguage":"hr","@id":"https:\/\/www.sonarscope.hr\/shop\/proizvod\/alesis-sr18-ritam-masina\/#primaryimage","url":"https:\/\/www.sonarscope.hr\/shop\/wp-content\/uploads\/2018\/02\/alesis_sr18_ritam_masina.jpg","contentUrl":"https:\/\/www.sonarscope.hr\/shop\/wp-content\/uploads\/2018\/02\/alesis_sr18_ritam_masina.jpg","width":400,"height":312},{"@type":"BreadcrumbList","@id":"https:\/\/www.sonarscope.hr\/shop\/proizvod\/alesis-sr18-ritam-masina\/#breadcrumb","itemListElement":[{"@type":"ListItem","position":1,"name":"Home","item":"https:\/\/www.sonarscope.hr\/shop\/"},{"@type":"ListItem","position":2,"name":"Katalog","item":"https:\/\/www.sonarscope.hr\/shop\/shop\/"},{"@type":"ListItem","position":3,"name":"Alesis SR18 ritam ma\u0161ina"}]},{"@type":"WebSite","@id":"https:\/\/www.sonarscope.hr\/shop\/#website","url":"https:\/\/www.sonarscope.hr\/shop\/","name":"Sonarscope Pro Audio","description":"DJ i Pro Audio studijska oprema","publisher":{"@id":"https:\/\/www.sonarscope.hr\/shop\/#organization"},"potentialAction":[{"@type":"SearchAction","target":{"@type":"EntryPoint","urlTemplate":"https:\/\/www.sonarscope.hr\/shop\/?s={search_term_string}"},"query-input":{"@type":"PropertyValueSpecification","valueRequired":true,"valueName":"search_term_string"}}],"inLanguage":"hr"},{"@type":"Organization","@id":"https:\/\/www.sonarscope.hr\/shop\/#organization","name":"Sonarscope Pro Audio","url":"https:\/\/www.sonarscope.hr\/shop\/","logo":{"@type":"ImageObject","inLanguage":"hr","@id":"https:\/\/www.sonarscope.hr\/shop\/#\/schema\/logo\/image\/","url":"https:\/\/www.sonarscope.hr\/shop\/wp-content\/uploads\/2020\/02\/cropped-cropped-cropped-cropped-Sonarscope_logotip_470_110-1.png","contentUrl":"https:\/\/www.sonarscope.hr\/shop\/wp-content\/uploads\/2020\/02\/cropped-cropped-cropped-cropped-Sonarscope_logotip_470_110-1.png","width":470,"height":72,"caption":"Sonarscope Pro Audio"},"image":{"@id":"https:\/\/www.sonarscope.hr\/shop\/#\/schema\/logo\/image\/"},"sameAs":["https:\/\/www.facebook.com\/sonarscope","https:\/\/x.com\/sonarscope","https:\/\/www.instagram.com\/sonarscope\/","https:\/\/www.linkedin.com\/company\/sonarscope","https:\/\/www.youtube.com\/user\/sonarscopevideo"]}]}},"brands":[{"id":411,"name":"Alesis","slug":"alesis"}],"_links":{"self":[{"href":"https:\/\/www.sonarscope.hr\/shop\/wp-json\/wp\/v2\/product\/5217","targetHints":{"allow":["GET"]}}],"collection":[{"href":"https:\/\/www.sonarscope.hr\/shop\/wp-json\/wp\/v2\/product"}],"about":[{"href":"https:\/\/www.sonarscope.hr\/shop\/wp-json\/wp\/v2\/types\/product"}],"replies":[{"embeddable":true,"href":"https:\/\/www.sonarscope.hr\/shop\/wp-json\/wp\/v2\/comments?post=5217"}],"wp:featuredmedia":[{"embeddable":true,"href":"https:\/\/www.sonarscope.hr\/shop\/wp-json\/wp\/v2\/media\/5218"}],"wp:attachment":[{"href":"https:\/\/www.sonarscope.hr\/shop\/wp-json\/wp\/v2\/media?parent=5217"}],"wp:term":[{"taxonomy":"pwb-brand","embeddable":true,"href":"https:\/\/www.sonarscope.hr\/shop\/wp-json\/wp\/v2\/pwb-brand?post=5217"},{"taxonomy":"product_brand","embeddable":true,"href":"https:\/\/www.sonarscope.hr\/shop\/wp-json\/wp\/v2\/product_brand?post=5217"},{"taxonomy":"product_cat","embeddable":true,"href":"https:\/\/www.sonarscope.hr\/shop\/wp-json\/wp\/v2\/product_cat?post=5217"},{"taxonomy":"product_tag","embeddable":true,"href":"https:\/\/www.sonarscope.hr\/shop\/wp-json\/wp\/v2\/product_tag?post=5217"}],"curies":[{"name":"wp","href":"https:\/\/api.w.org\/{rel}","templated":true}]}}