{"id":5683,"date":"2018-06-13T14:27:14","date_gmt":"2018-06-13T12:27:14","guid":{"rendered":"https:\/\/www.sonarscope.hr\/shop\/?post_type=product&#038;p=5683"},"modified":"2023-03-13T13:56:15","modified_gmt":"2023-03-13T11:56:15","slug":"sonarworks-reference-4-studio-edition","status":"publish","type":"product","link":"https:\/\/www.sonarscope.hr\/shop\/proizvod\/sonarworks-reference-4-studio-edition\/","title":{"rendered":"Sonarworks Reference 4 Studio edition"},"content":{"rendered":"<h2>Sonarworks Reference 4 Studio edition software for speakers and headphones.<\/h2>\n<p>Licenca Reference 4 Studio edition softvera za mjerenje i\u00a0 podesavanje zvucnih kutija i slusalica<\/p>\n<p>Ukljucuje mjerni modul za mjerenje zvucnih kutija<\/p>\n<p>Dolazi bez mjernog mikrofona\u00a0<a href=\"https:\/\/www.sonarscope.hr\/shop\/proizvod\/sonarworks_microphone_xref20\/\">XREF20 measurement microphone<\/a>.<\/p>\n<p>Kona\u010dno, mo\u017eete mixati sa\u00a0 povjerenjem u trenutni sustav . Sonarworks Reference 4 uklanja ne\u017eeljeljeno farbanje zvuka sa zvu\u010dnika i slu\u0161alica. Sa Sonarworks SR (Studio Reference) zvukom, mo\u017eete se usredoto\u010diti na glazbu umjesto da se brine o zvuku u studio ili u pokretu.<\/p>\n<p>Includes Measure module for speaker measurement, plug-in (AU, AAX Native, RTAS and VST) and Systemwide modules.<\/p>\n<p>Does not include <a href=\"https:\/\/www.sonarscope.hr\/shop\/proizvod\/sonarworks_microphone_xref20\/\">XREF20 measurement microphone<\/a>.<\/p>\n<p><iframe loading=\"lazy\"  id=\"_ytid_13704\"  width=\"1200\" height=\"675\"  data-origwidth=\"1200\" data-origheight=\"675\" src=\"https:\/\/www.youtube.com\/embed\/_MQJPYkO9Vk?enablejsapi=1&#038;autoplay=0&#038;cc_load_policy=0&#038;cc_lang_pref=&#038;iv_load_policy=1&#038;loop=0&#038;rel=1&#038;fs=1&#038;playsinline=0&#038;autohide=2&#038;theme=dark&#038;color=red&#038;controls=1&#038;disablekb=0&#038;\" class=\"__youtube_prefs__  epyt-is-override  no-lazyload\" title=\"YouTube player\"  allow=\"fullscreen; accelerometer; autoplay; clipboard-write; encrypted-media; gyroscope; picture-in-picture; web-share\" referrerpolicy=\"strict-origin-when-cross-origin\" allowfullscreen data-no-lazy=\"1\" data-skipgform_ajax_framebjll=\"\"><\/iframe><\/p>\n<p>Finally you can mix with confidence on your current setup. Sonarworks Reference 4 removes unwanted coloration from your speakers and headphones. With the Sonarworks SR (Studio Reference) sound, you can focus on music instead of worrying about the sound in the studio or on-the-go.<\/p>\n<p>Sonarworks Reference 4 Studio Edition offers the full package of highly powerful software, providing consistent reference sound both in the studio and on the go. Measure your studio with\u00a0a measurement mic, it takes around 10 minutes. Reference 4 then creates a calibration profile. For headphones select a pre-made profile, and you&#8217;re ready to go. Calibration can be run in DAW via a plugin for lowest latency or via Systemwide for maximum versatility.<\/p>\n<p><strong><em>Studio Reference 4 Studio Edition includes:<\/em><\/strong><\/p>\n<ul>\n<li><em>Speaker measurement software &#8211; find out where your monitors need help<\/em><\/li>\n<li><em>DAW plugin &#8211; reference sound combined with zero latency for any musical endeavor<\/em><\/li>\n<li><em>Systemwide &#8211; apply calibration to all outgoing audio<\/em><\/li>\n<\/ul>\n<p><em>After you purchase the licence, an activation key will be sent to you. All products can be activated on 3 machines.<\/em><\/p>\n<p><strong><em>System requirements:<\/em><\/strong><\/p>\n<ul>\n<li><em>Mac: macOS 10.9 or later<\/em><\/li>\n<li><em>PC: Windows 7 or later<\/em><\/li>\n<li><em>Hardware: 2 GB RAM; 1024&#215;768 display<br \/>\nMeasurement microphone with a flat frequency response (not included)<\/em><\/li>\n<li><em>Audio interface with phantom power (for XLR microphones) (not included)<\/em><\/li>\n<li><em>Sonarworks supported headphones or Sonarworks individually calibrated headphones<\/em><\/li>\n<\/ul>\n<p>Digital download license key for\u00a0 Sonarworks Reference 4 Studio edition delivered electronically; valid for 3 installs<\/p>\n","protected":false},"excerpt":{"rendered":"<p>Sonarworks Reference 4 Studio edition softver &#8211; mjerenje i\u00a0 podesavanje zvucnih kutija i slusalica<\/p>\n","protected":false},"featured_media":5684,"comment_status":"open","ping_status":"closed","template":"","meta":{"neve_meta_sidebar":"","neve_meta_container":"","neve_meta_enable_content_width":"","neve_meta_content_width":0,"neve_meta_title_alignment":"","neve_meta_author_avatar":"","neve_post_elements_order":"","neve_meta_disable_header":"","neve_meta_disable_footer":"","neve_meta_disable_title":"","_joinchat":[]},"pwb-brand":[447],"product_brand":[],"product_cat":[349],"product_tag":[448],"class_list":{"0":"post-5683","1":"product","2":"type-product","3":"status-publish","4":"has-post-thumbnail","6":"pwb-brand-sonarworks","7":"product_cat-utilities","8":"product_tag-sonarworks","10":"first","11":"instock","12":"sale","13":"taxable","14":"shipping-taxable","15":"purchasable","16":"product-type-simple"},"yoast_head":"<!-- This site is optimized with the Yoast SEO plugin v27.5 - https:\/\/yoast.com\/product\/yoast-seo-wordpress\/ -->\n<title>Sonarworks Reference 4 Studio edition - Sonarscope Pro Audio<\/title>\n<meta name=\"description\" content=\"Sonarworks Reference 4 Studio edition softver - mjerenje i\u00a0 podesavanje zvucnih kutija i slusalica\" \/>\n<meta name=\"robots\" content=\"index, follow, max-snippet:-1, max-image-preview:large, max-video-preview:-1\" \/>\n<link rel=\"canonical\" href=\"https:\/\/www.sonarscope.hr\/shop\/proizvod\/sonarworks-reference-4-studio-edition\/\" \/>\n<meta property=\"og:locale\" content=\"hr_HR\" \/>\n<meta property=\"og:type\" content=\"article\" \/>\n<meta property=\"og:title\" content=\"Sonarworks Reference 4 Studio edition - Sonarscope Pro Audio\" \/>\n<meta property=\"og:description\" content=\"Sonarworks Reference 4 Studio edition softver - mjerenje i\u00a0 podesavanje zvucnih kutija i slusalica\" \/>\n<meta property=\"og:url\" content=\"https:\/\/www.sonarscope.hr\/shop\/proizvod\/sonarworks-reference-4-studio-edition\/\" \/>\n<meta property=\"og:site_name\" content=\"Sonarscope Pro Audio\" \/>\n<meta property=\"article:publisher\" content=\"https:\/\/www.facebook.com\/sonarscope\" \/>\n<meta property=\"article:modified_time\" content=\"2023-03-13T11:56:15+00:00\" \/>\n<meta property=\"og:image\" content=\"https:\/\/www.sonarscope.hr\/shop\/wp-content\/uploads\/2018\/06\/studio-edition-instant_download.jpg\" \/>\n\t<meta property=\"og:image:width\" content=\"600\" \/>\n\t<meta property=\"og:image:height\" content=\"600\" \/>\n\t<meta property=\"og:image:type\" content=\"image\/jpeg\" \/>\n<meta name=\"twitter:card\" content=\"summary_large_image\" \/>\n<meta name=\"twitter:site\" content=\"@sonarscope\" \/>\n<meta name=\"twitter:label1\" content=\"Procijenjeno vrijeme \u010ditanja\" \/>\n\t<meta name=\"twitter:data1\" content=\"2 minute\" \/>\n<script type=\"application\/ld+json\" class=\"yoast-schema-graph\">{\"@context\":\"https:\\\/\\\/schema.org\",\"@graph\":[{\"@type\":\"WebPage\",\"@id\":\"https:\\\/\\\/www.sonarscope.hr\\\/shop\\\/proizvod\\\/sonarworks-reference-4-studio-edition\\\/\",\"url\":\"https:\\\/\\\/www.sonarscope.hr\\\/shop\\\/proizvod\\\/sonarworks-reference-4-studio-edition\\\/\",\"name\":\"Sonarworks Reference 4 Studio edition - Sonarscope Pro Audio\",\"isPartOf\":{\"@id\":\"https:\\\/\\\/www.sonarscope.hr\\\/shop\\\/#website\"},\"primaryImageOfPage\":{\"@id\":\"https:\\\/\\\/www.sonarscope.hr\\\/shop\\\/proizvod\\\/sonarworks-reference-4-studio-edition\\\/#primaryimage\"},\"image\":{\"@id\":\"https:\\\/\\\/www.sonarscope.hr\\\/shop\\\/proizvod\\\/sonarworks-reference-4-studio-edition\\\/#primaryimage\"},\"thumbnailUrl\":\"https:\\\/\\\/www.sonarscope.hr\\\/shop\\\/wp-content\\\/uploads\\\/2018\\\/06\\\/studio-edition-instant_download.jpg\",\"datePublished\":\"2018-06-13T12:27:14+00:00\",\"dateModified\":\"2023-03-13T11:56:15+00:00\",\"description\":\"Sonarworks Reference 4 Studio edition softver - mjerenje i\u00a0 podesavanje zvucnih kutija i slusalica\",\"breadcrumb\":{\"@id\":\"https:\\\/\\\/www.sonarscope.hr\\\/shop\\\/proizvod\\\/sonarworks-reference-4-studio-edition\\\/#breadcrumb\"},\"inLanguage\":\"hr\",\"potentialAction\":[{\"@type\":\"ReadAction\",\"target\":[\"https:\\\/\\\/www.sonarscope.hr\\\/shop\\\/proizvod\\\/sonarworks-reference-4-studio-edition\\\/\"]}]},{\"@type\":\"ImageObject\",\"inLanguage\":\"hr\",\"@id\":\"https:\\\/\\\/www.sonarscope.hr\\\/shop\\\/proizvod\\\/sonarworks-reference-4-studio-edition\\\/#primaryimage\",\"url\":\"https:\\\/\\\/www.sonarscope.hr\\\/shop\\\/wp-content\\\/uploads\\\/2018\\\/06\\\/studio-edition-instant_download.jpg\",\"contentUrl\":\"https:\\\/\\\/www.sonarscope.hr\\\/shop\\\/wp-content\\\/uploads\\\/2018\\\/06\\\/studio-edition-instant_download.jpg\",\"width\":600,\"height\":600,\"caption\":\"REFERENCE 4 STUDIO EDITION\"},{\"@type\":\"BreadcrumbList\",\"@id\":\"https:\\\/\\\/www.sonarscope.hr\\\/shop\\\/proizvod\\\/sonarworks-reference-4-studio-edition\\\/#breadcrumb\",\"itemListElement\":[{\"@type\":\"ListItem\",\"position\":1,\"name\":\"Home\",\"item\":\"https:\\\/\\\/www.sonarscope.hr\\\/shop\\\/\"},{\"@type\":\"ListItem\",\"position\":2,\"name\":\"Katalog\",\"item\":\"https:\\\/\\\/www.sonarscope.hr\\\/shop\\\/shop\\\/\"},{\"@type\":\"ListItem\",\"position\":3,\"name\":\"Sonarworks Reference 4 Studio edition\"}]},{\"@type\":\"WebSite\",\"@id\":\"https:\\\/\\\/www.sonarscope.hr\\\/shop\\\/#website\",\"url\":\"https:\\\/\\\/www.sonarscope.hr\\\/shop\\\/\",\"name\":\"Sonarscope Pro Audio\",\"description\":\"DJ i Pro Audio studijska oprema\",\"publisher\":{\"@id\":\"https:\\\/\\\/www.sonarscope.hr\\\/shop\\\/#organization\"},\"potentialAction\":[{\"@type\":\"SearchAction\",\"target\":{\"@type\":\"EntryPoint\",\"urlTemplate\":\"https:\\\/\\\/www.sonarscope.hr\\\/shop\\\/?s={search_term_string}\"},\"query-input\":{\"@type\":\"PropertyValueSpecification\",\"valueRequired\":true,\"valueName\":\"search_term_string\"}}],\"inLanguage\":\"hr\"},{\"@type\":\"Organization\",\"@id\":\"https:\\\/\\\/www.sonarscope.hr\\\/shop\\\/#organization\",\"name\":\"Sonarscope Pro Audio\",\"url\":\"https:\\\/\\\/www.sonarscope.hr\\\/shop\\\/\",\"logo\":{\"@type\":\"ImageObject\",\"inLanguage\":\"hr\",\"@id\":\"https:\\\/\\\/www.sonarscope.hr\\\/shop\\\/#\\\/schema\\\/logo\\\/image\\\/\",\"url\":\"https:\\\/\\\/www.sonarscope.hr\\\/shop\\\/wp-content\\\/uploads\\\/2020\\\/02\\\/cropped-cropped-cropped-cropped-Sonarscope_logotip_470_110-1.png\",\"contentUrl\":\"https:\\\/\\\/www.sonarscope.hr\\\/shop\\\/wp-content\\\/uploads\\\/2020\\\/02\\\/cropped-cropped-cropped-cropped-Sonarscope_logotip_470_110-1.png\",\"width\":470,\"height\":72,\"caption\":\"Sonarscope Pro Audio\"},\"image\":{\"@id\":\"https:\\\/\\\/www.sonarscope.hr\\\/shop\\\/#\\\/schema\\\/logo\\\/image\\\/\"},\"sameAs\":[\"https:\\\/\\\/www.facebook.com\\\/sonarscope\",\"https:\\\/\\\/x.com\\\/sonarscope\",\"https:\\\/\\\/www.instagram.com\\\/sonarscope\\\/\",\"https:\\\/\\\/www.linkedin.com\\\/company\\\/sonarscope\",\"https:\\\/\\\/www.youtube.com\\\/user\\\/sonarscopevideo\"]}]}<\/script>\n<!-- \/ Yoast SEO plugin. -->","yoast_head_json":{"title":"Sonarworks Reference 4 Studio edition - Sonarscope Pro Audio","description":"Sonarworks Reference 4 Studio edition softver - mjerenje i\u00a0 podesavanje zvucnih kutija i slusalica","robots":{"index":"index","follow":"follow","max-snippet":"max-snippet:-1","max-image-preview":"max-image-preview:large","max-video-preview":"max-video-preview:-1"},"canonical":"https:\/\/www.sonarscope.hr\/shop\/proizvod\/sonarworks-reference-4-studio-edition\/","og_locale":"hr_HR","og_type":"article","og_title":"Sonarworks Reference 4 Studio edition - Sonarscope Pro Audio","og_description":"Sonarworks Reference 4 Studio edition softver - mjerenje i\u00a0 podesavanje zvucnih kutija i slusalica","og_url":"https:\/\/www.sonarscope.hr\/shop\/proizvod\/sonarworks-reference-4-studio-edition\/","og_site_name":"Sonarscope Pro Audio","article_publisher":"https:\/\/www.facebook.com\/sonarscope","article_modified_time":"2023-03-13T11:56:15+00:00","og_image":[{"width":600,"height":600,"url":"https:\/\/www.sonarscope.hr\/shop\/wp-content\/uploads\/2018\/06\/studio-edition-instant_download.jpg","type":"image\/jpeg"}],"twitter_card":"summary_large_image","twitter_site":"@sonarscope","twitter_misc":{"Procijenjeno vrijeme \u010ditanja":"2 minute"},"schema":{"@context":"https:\/\/schema.org","@graph":[{"@type":"WebPage","@id":"https:\/\/www.sonarscope.hr\/shop\/proizvod\/sonarworks-reference-4-studio-edition\/","url":"https:\/\/www.sonarscope.hr\/shop\/proizvod\/sonarworks-reference-4-studio-edition\/","name":"Sonarworks Reference 4 Studio edition - Sonarscope Pro Audio","isPartOf":{"@id":"https:\/\/www.sonarscope.hr\/shop\/#website"},"primaryImageOfPage":{"@id":"https:\/\/www.sonarscope.hr\/shop\/proizvod\/sonarworks-reference-4-studio-edition\/#primaryimage"},"image":{"@id":"https:\/\/www.sonarscope.hr\/shop\/proizvod\/sonarworks-reference-4-studio-edition\/#primaryimage"},"thumbnailUrl":"https:\/\/www.sonarscope.hr\/shop\/wp-content\/uploads\/2018\/06\/studio-edition-instant_download.jpg","datePublished":"2018-06-13T12:27:14+00:00","dateModified":"2023-03-13T11:56:15+00:00","description":"Sonarworks Reference 4 Studio edition softver - mjerenje i\u00a0 podesavanje zvucnih kutija i slusalica","breadcrumb":{"@id":"https:\/\/www.sonarscope.hr\/shop\/proizvod\/sonarworks-reference-4-studio-edition\/#breadcrumb"},"inLanguage":"hr","potentialAction":[{"@type":"ReadAction","target":["https:\/\/www.sonarscope.hr\/shop\/proizvod\/sonarworks-reference-4-studio-edition\/"]}]},{"@type":"ImageObject","inLanguage":"hr","@id":"https:\/\/www.sonarscope.hr\/shop\/proizvod\/sonarworks-reference-4-studio-edition\/#primaryimage","url":"https:\/\/www.sonarscope.hr\/shop\/wp-content\/uploads\/2018\/06\/studio-edition-instant_download.jpg","contentUrl":"https:\/\/www.sonarscope.hr\/shop\/wp-content\/uploads\/2018\/06\/studio-edition-instant_download.jpg","width":600,"height":600,"caption":"REFERENCE 4 STUDIO EDITION"},{"@type":"BreadcrumbList","@id":"https:\/\/www.sonarscope.hr\/shop\/proizvod\/sonarworks-reference-4-studio-edition\/#breadcrumb","itemListElement":[{"@type":"ListItem","position":1,"name":"Home","item":"https:\/\/www.sonarscope.hr\/shop\/"},{"@type":"ListItem","position":2,"name":"Katalog","item":"https:\/\/www.sonarscope.hr\/shop\/shop\/"},{"@type":"ListItem","position":3,"name":"Sonarworks Reference 4 Studio edition"}]},{"@type":"WebSite","@id":"https:\/\/www.sonarscope.hr\/shop\/#website","url":"https:\/\/www.sonarscope.hr\/shop\/","name":"Sonarscope Pro Audio","description":"DJ i Pro Audio studijska oprema","publisher":{"@id":"https:\/\/www.sonarscope.hr\/shop\/#organization"},"potentialAction":[{"@type":"SearchAction","target":{"@type":"EntryPoint","urlTemplate":"https:\/\/www.sonarscope.hr\/shop\/?s={search_term_string}"},"query-input":{"@type":"PropertyValueSpecification","valueRequired":true,"valueName":"search_term_string"}}],"inLanguage":"hr"},{"@type":"Organization","@id":"https:\/\/www.sonarscope.hr\/shop\/#organization","name":"Sonarscope Pro Audio","url":"https:\/\/www.sonarscope.hr\/shop\/","logo":{"@type":"ImageObject","inLanguage":"hr","@id":"https:\/\/www.sonarscope.hr\/shop\/#\/schema\/logo\/image\/","url":"https:\/\/www.sonarscope.hr\/shop\/wp-content\/uploads\/2020\/02\/cropped-cropped-cropped-cropped-Sonarscope_logotip_470_110-1.png","contentUrl":"https:\/\/www.sonarscope.hr\/shop\/wp-content\/uploads\/2020\/02\/cropped-cropped-cropped-cropped-Sonarscope_logotip_470_110-1.png","width":470,"height":72,"caption":"Sonarscope Pro Audio"},"image":{"@id":"https:\/\/www.sonarscope.hr\/shop\/#\/schema\/logo\/image\/"},"sameAs":["https:\/\/www.facebook.com\/sonarscope","https:\/\/x.com\/sonarscope","https:\/\/www.instagram.com\/sonarscope\/","https:\/\/www.linkedin.com\/company\/sonarscope","https:\/\/www.youtube.com\/user\/sonarscopevideo"]}]}},"brands":[{"id":447,"name":"Sonarworks","slug":"sonarworks"}],"_links":{"self":[{"href":"https:\/\/www.sonarscope.hr\/shop\/wp-json\/wp\/v2\/product\/5683","targetHints":{"allow":["GET"]}}],"collection":[{"href":"https:\/\/www.sonarscope.hr\/shop\/wp-json\/wp\/v2\/product"}],"about":[{"href":"https:\/\/www.sonarscope.hr\/shop\/wp-json\/wp\/v2\/types\/product"}],"replies":[{"embeddable":true,"href":"https:\/\/www.sonarscope.hr\/shop\/wp-json\/wp\/v2\/comments?post=5683"}],"wp:featuredmedia":[{"embeddable":true,"href":"https:\/\/www.sonarscope.hr\/shop\/wp-json\/wp\/v2\/media\/5684"}],"wp:attachment":[{"href":"https:\/\/www.sonarscope.hr\/shop\/wp-json\/wp\/v2\/media?parent=5683"}],"wp:term":[{"taxonomy":"pwb-brand","embeddable":true,"href":"https:\/\/www.sonarscope.hr\/shop\/wp-json\/wp\/v2\/pwb-brand?post=5683"},{"taxonomy":"product_brand","embeddable":true,"href":"https:\/\/www.sonarscope.hr\/shop\/wp-json\/wp\/v2\/product_brand?post=5683"},{"taxonomy":"product_cat","embeddable":true,"href":"https:\/\/www.sonarscope.hr\/shop\/wp-json\/wp\/v2\/product_cat?post=5683"},{"taxonomy":"product_tag","embeddable":true,"href":"https:\/\/www.sonarscope.hr\/shop\/wp-json\/wp\/v2\/product_tag?post=5683"}],"curies":[{"name":"wp","href":"https:\/\/api.w.org\/{rel}","templated":true}]}}