{"id":8256,"date":"2021-02-10T17:31:42","date_gmt":"2021-02-10T15:31:42","guid":{"rendered":"https:\/\/www.sonarscope.hr\/shop\/?post_type=product&#038;p=8256"},"modified":"2025-09-05T11:40:59","modified_gmt":"2025-09-05T09:40:59","slug":"golden-mask-1-18khz","status":"publish","type":"product","link":"https:\/\/www.sonarscope.hr\/shop\/proizvod\/golden-mask-1-18khz\/","title":{"rendered":"Golden Mask 1+ 18kHz"},"content":{"rendered":"<h1>The Golden Mask 1+<\/h1>\n<p>jednostavan i efikasan metal detektor koji radi na visokih 18 khz<\/p>\n<p>Detektor je pobolj\u0161ana verzija originalne Golden Mask 1+, s dodanim dvotonskim zvukom (DT) -zeljezni metali su ozna\u010deni zvukom niske frekvencije, dok su plemeniti metali ( materijali su oni koji ne sadr\u017ee \u017eeljezo kao osnovni element)\u00a0 ozna\u010deni zvukom vi\u0161e frekvencije.\u00a0 Detektor dolazi sa 2500mAh Li-Ion baterijom kaj izdrzi 60 sati rada!<\/p>\n<p>Zahvaljuju\u0107i visokoj radnoj frekvenciji od 18 kHz \u00a0, ovaj model je vrlo osjetljiv na male objekte i metale niske vodljivosti poput zlata. Brzina oporavka je izuzetno brza, pa ure\u0111aj vrlo u\u010dinkovito radi na podru\u010djima koja su zaga\u0111ena sme\u0107em, odvajaju\u0107i dobre mete od sme\u0107a. Golden Mask 1+ je detektor metala s fiksnim uravnote\u017eenjem podloge koji radi na frekvenciji od 18 kHz &#8211; ZLATNA frekvencija.<\/p>\n<p>Uravnote\u017eenje podloge (ground-balance) kod metal detektora je va\u017ena funkcija koja omogu\u0107uje ure\u0111aju da pravilno detektira ciljeve u razli\u010ditim vrstama tla. Kada metalni detektor radi, tlo mo\u017ee stvarati elektromagnetske smetnje koje utje\u010du na detekciju metala. To mo\u017ee rezultirati la\u017enim signalima ili gubitkom osjetljivosti na stvarne ciljeve.<\/p>\n<p>Ground-balance je proces pode\u0161avanja metal detektora kako bi neutralizirao utjecaj tla na detekciju metala. Detektor koristi referentnu to\u010dku, obi\u010dno podlogu bez metala, kako bi uspostavio ravnote\u017eu s tlima na kojima se koristi. Postoji nekoliko na\u010dina za postizanje uravnote\u017eenja podloge.<\/p>\n<p>Automatsko uravnote\u017eenje podloge je naj\u010de\u0161\u0107i na\u010din. Detektor emitira kratki puls signala i bilje\u017ei kako se tlo odziva. Na temelju tih informacija, ure\u0111aj automatski prilago\u0111ava postavke da bi neutralizirao utjecaj tla.<\/p>\n<p>Golden Mask 1+ je izvrstan izbor po nevjerojatnoj cijeni i jedan od najprodavanjih metal detektora proizveden u EU.<\/p>\n<h3>Description:<\/h3>\n<p>The detector is a special redesigned version of the original Golden Mask 1+, with added dual-tone sound (DT) &#8211; ferrous metals are indicated with a low frequency sound, while de non-ferrous objects are indicated with a higher frequency sound. With the DT sound, you hear the iron signals, but you always know if the target is good or not.<\/p>\n<p>The Golden Mask 1+ is a fixed ground-balance metal detector working at 18kHz &#8211; the GOLD frequency. The machine has only two control knobs, making it the best choice for beginner users. With its high working frequency of 18kHz, this model is very sensitive to small objects and low conducting metals as gold. The recovery speed is lighting-fast, so the machine works very effectively in trash-polluted areas, separating good targets from trash. A great value at an incredible price!<\/p>\n<p><iframe loading=\"lazy\"  id=\"_ytid_20225\"  width=\"1200\" height=\"675\"  data-origwidth=\"1200\" data-origheight=\"675\" src=\"https:\/\/www.youtube.com\/embed\/h08-ApD7ZGs?enablejsapi=1&#038;autoplay=0&#038;cc_load_policy=0&#038;cc_lang_pref=&#038;iv_load_policy=1&#038;loop=0&#038;rel=1&#038;fs=1&#038;playsinline=0&#038;autohide=2&#038;theme=dark&#038;color=red&#038;controls=1&#038;disablekb=0&#038;\" class=\"__youtube_prefs__  epyt-is-override  no-lazyload\" title=\"YouTube player\"  allow=\"fullscreen; accelerometer; autoplay; clipboard-write; encrypted-media; gyroscope; picture-in-picture; web-share\" referrerpolicy=\"strict-origin-when-cross-origin\" allowfullscreen data-no-lazy=\"1\" data-skipgform_ajax_framebjll=\"\"><\/iframe><\/p>\n<p>&nbsp;<\/p>\n<p>Model:<\/p>\n<div class=\"spec_row_1\">\n<div class=\"spec_right\">Golden Mask 1+<\/div>\n<\/div>\n<div class=\"spec_row_2\">\n<div class=\"spec_left\">Frequency:<\/div>\n<div class=\"spec_right\">18kHz (8kHz custom)<\/div>\n<\/div>\n<div class=\"spec_row_1\">\n<div class=\"spec_left\">Ground Balance:<\/div>\n<div class=\"spec_right\">fixed<\/div>\n<\/div>\n<div class=\"spec_row_2\">\n<div class=\"spec_left\">Controls:<\/div>\n<div class=\"spec_right\">sensitivity, discrimination, sound volume<\/div>\n<\/div>\n<div class=\"spec_row_1\">\n<div class=\"spec_left\">Search Mode:<\/div>\n<div class=\"spec_right\">motion, one-tone with discrimination<\/div>\n<\/div>\n<div class=\"spec_row_2\">\n<div class=\"spec_left\">Coils Used:<\/div>\n<div class=\"spec_right\">9.5&#8221; coil<\/div>\n<\/div>\n<div class=\"spec_row_1\">\n<div class=\"spec_left\">Battery:<\/div>\n<div class=\"spec_right\">2500mAh Li-Ion<\/div>\n<\/div>\n<div class=\"spec_row_2\">\n<div class=\"spec_left\">Battery Life:<\/div>\n<div class=\"spec_right\">60 hours<\/div>\n<\/div>\n<div class=\"spec_row_1\">\n<div class=\"spec_left\">Wireless Headphones:<\/div>\n<div class=\"spec_right\">No<\/div>\n<\/div>\n<div class=\"spec_row_2\">\n<div class=\"spec_left\">Headphones plug:<\/div>\n<div class=\"spec_right\">6.35 mm &#8211; 1\/4&#8243;<\/div>\n<\/div>\n<div class=\"spec_row_1\">\n<div class=\"spec_left\">Weight:<\/div>\n<div class=\"spec_right\">1.7kg with 23&#215;25 cm (9&#215;10&#8243;) search coil<\/div>\n<\/div>\n<div class=\"spec_row_2\">\n<div class=\"spec_left\">Warranty Term:<\/div>\n<div class=\"spec_right\">5 years &#8211; the electronics; 2 years &#8211; the bat. charger and the coil<\/div>\n<\/div>\n<p>&nbsp;<\/p>\n<p>&nbsp;<\/p>\n","protected":false},"excerpt":{"rendered":"<p>Golden Mask 1+ 18kHz metal detektor<\/p>\n","protected":false},"featured_media":15012,"comment_status":"open","ping_status":"closed","template":"","meta":{"neve_meta_sidebar":"","neve_meta_container":"","neve_meta_enable_content_width":"off","neve_meta_content_width":70,"neve_meta_title_alignment":"","neve_meta_author_avatar":"","neve_post_elements_order":"","neve_meta_disable_header":"","neve_meta_disable_footer":"","neve_meta_disable_title":"","_joinchat":[]},"pwb-brand":[537],"product_brand":[],"product_cat":[539],"product_tag":[538],"class_list":{"0":"post-8256","1":"product","2":"type-product","3":"status-publish","4":"has-post-thumbnail","6":"pwb-brand-golden_mask","7":"product_cat-detektori-metala","8":"product_tag-golden-mask","10":"first","11":"outofstock","12":"taxable","13":"shipping-taxable","14":"product-type-simple"},"yoast_head":"<!-- This site is optimized with the Yoast SEO plugin v27.4 - https:\/\/yoast.com\/product\/yoast-seo-wordpress\/ -->\n<title>Golden Mask 1+ 18kHz - Sonarscope Pro Audio<\/title>\n<meta name=\"description\" content=\"jednostavan i efikasan metal detektor koji radi na visokih 18 khz. Dolazi sa teleskope stem, 9.5&#039;&#039; coil\" \/>\n<meta name=\"robots\" content=\"index, follow, max-snippet:-1, max-image-preview:large, max-video-preview:-1\" \/>\n<link rel=\"canonical\" href=\"https:\/\/www.sonarscope.hr\/shop\/proizvod\/golden-mask-1-18khz\/\" \/>\n<meta property=\"og:locale\" content=\"hr_HR\" \/>\n<meta property=\"og:type\" content=\"article\" \/>\n<meta property=\"og:title\" content=\"Golden Mask 1+ 18kHz - Sonarscope Pro Audio\" \/>\n<meta property=\"og:description\" content=\"jednostavan i efikasan metal detektor koji radi na visokih 18 khz. Dolazi sa teleskope stem, 9.5&#039;&#039; coil\" \/>\n<meta property=\"og:url\" content=\"https:\/\/www.sonarscope.hr\/shop\/proizvod\/golden-mask-1-18khz\/\" \/>\n<meta property=\"og:site_name\" content=\"Sonarscope Pro Audio\" \/>\n<meta property=\"article:publisher\" content=\"https:\/\/www.facebook.com\/sonarscope\" \/>\n<meta property=\"article:modified_time\" content=\"2025-09-05T09:40:59+00:00\" \/>\n<meta property=\"og:image\" content=\"https:\/\/www.sonarscope.hr\/shop\/wp-content\/uploads\/2021\/02\/golden_mask_1-scaled.jpg\" \/>\n\t<meta property=\"og:image:width\" content=\"800\" \/>\n\t<meta property=\"og:image:height\" content=\"800\" \/>\n\t<meta property=\"og:image:type\" content=\"image\/jpeg\" \/>\n<meta name=\"twitter:card\" content=\"summary_large_image\" \/>\n<meta name=\"twitter:site\" content=\"@sonarscope\" \/>\n<meta name=\"twitter:label1\" content=\"Procijenjeno vrijeme \u010ditanja\" \/>\n\t<meta name=\"twitter:data1\" content=\"3 minute\" \/>\n<script type=\"application\/ld+json\" class=\"yoast-schema-graph\">{\"@context\":\"https:\\\/\\\/schema.org\",\"@graph\":[{\"@type\":\"WebPage\",\"@id\":\"https:\\\/\\\/www.sonarscope.hr\\\/shop\\\/proizvod\\\/golden-mask-1-18khz\\\/\",\"url\":\"https:\\\/\\\/www.sonarscope.hr\\\/shop\\\/proizvod\\\/golden-mask-1-18khz\\\/\",\"name\":\"Golden Mask 1+ 18kHz - Sonarscope Pro Audio\",\"isPartOf\":{\"@id\":\"https:\\\/\\\/www.sonarscope.hr\\\/shop\\\/#website\"},\"primaryImageOfPage\":{\"@id\":\"https:\\\/\\\/www.sonarscope.hr\\\/shop\\\/proizvod\\\/golden-mask-1-18khz\\\/#primaryimage\"},\"image\":{\"@id\":\"https:\\\/\\\/www.sonarscope.hr\\\/shop\\\/proizvod\\\/golden-mask-1-18khz\\\/#primaryimage\"},\"thumbnailUrl\":\"https:\\\/\\\/www.sonarscope.hr\\\/shop\\\/wp-content\\\/uploads\\\/2021\\\/02\\\/golden_mask_1-scaled.jpg\",\"datePublished\":\"2021-02-10T15:31:42+00:00\",\"dateModified\":\"2025-09-05T09:40:59+00:00\",\"description\":\"jednostavan i efikasan metal detektor koji radi na visokih 18 khz. Dolazi sa teleskope stem, 9.5'' coil\",\"breadcrumb\":{\"@id\":\"https:\\\/\\\/www.sonarscope.hr\\\/shop\\\/proizvod\\\/golden-mask-1-18khz\\\/#breadcrumb\"},\"inLanguage\":\"hr\",\"potentialAction\":[{\"@type\":\"ReadAction\",\"target\":[\"https:\\\/\\\/www.sonarscope.hr\\\/shop\\\/proizvod\\\/golden-mask-1-18khz\\\/\"]}]},{\"@type\":\"ImageObject\",\"inLanguage\":\"hr\",\"@id\":\"https:\\\/\\\/www.sonarscope.hr\\\/shop\\\/proizvod\\\/golden-mask-1-18khz\\\/#primaryimage\",\"url\":\"https:\\\/\\\/www.sonarscope.hr\\\/shop\\\/wp-content\\\/uploads\\\/2021\\\/02\\\/golden_mask_1-scaled.jpg\",\"contentUrl\":\"https:\\\/\\\/www.sonarscope.hr\\\/shop\\\/wp-content\\\/uploads\\\/2021\\\/02\\\/golden_mask_1-scaled.jpg\",\"width\":800,\"height\":800},{\"@type\":\"BreadcrumbList\",\"@id\":\"https:\\\/\\\/www.sonarscope.hr\\\/shop\\\/proizvod\\\/golden-mask-1-18khz\\\/#breadcrumb\",\"itemListElement\":[{\"@type\":\"ListItem\",\"position\":1,\"name\":\"Home\",\"item\":\"https:\\\/\\\/www.sonarscope.hr\\\/shop\\\/\"},{\"@type\":\"ListItem\",\"position\":2,\"name\":\"Katalog\",\"item\":\"https:\\\/\\\/www.sonarscope.hr\\\/shop\\\/shop\\\/\"},{\"@type\":\"ListItem\",\"position\":3,\"name\":\"Golden Mask 1+ 18kHz\"}]},{\"@type\":\"WebSite\",\"@id\":\"https:\\\/\\\/www.sonarscope.hr\\\/shop\\\/#website\",\"url\":\"https:\\\/\\\/www.sonarscope.hr\\\/shop\\\/\",\"name\":\"Sonarscope Pro Audio\",\"description\":\"DJ i Pro Audio studijska oprema\",\"publisher\":{\"@id\":\"https:\\\/\\\/www.sonarscope.hr\\\/shop\\\/#organization\"},\"potentialAction\":[{\"@type\":\"SearchAction\",\"target\":{\"@type\":\"EntryPoint\",\"urlTemplate\":\"https:\\\/\\\/www.sonarscope.hr\\\/shop\\\/?s={search_term_string}\"},\"query-input\":{\"@type\":\"PropertyValueSpecification\",\"valueRequired\":true,\"valueName\":\"search_term_string\"}}],\"inLanguage\":\"hr\"},{\"@type\":\"Organization\",\"@id\":\"https:\\\/\\\/www.sonarscope.hr\\\/shop\\\/#organization\",\"name\":\"Sonarscope Pro Audio\",\"url\":\"https:\\\/\\\/www.sonarscope.hr\\\/shop\\\/\",\"logo\":{\"@type\":\"ImageObject\",\"inLanguage\":\"hr\",\"@id\":\"https:\\\/\\\/www.sonarscope.hr\\\/shop\\\/#\\\/schema\\\/logo\\\/image\\\/\",\"url\":\"https:\\\/\\\/www.sonarscope.hr\\\/shop\\\/wp-content\\\/uploads\\\/2020\\\/02\\\/cropped-cropped-cropped-cropped-Sonarscope_logotip_470_110-1.png\",\"contentUrl\":\"https:\\\/\\\/www.sonarscope.hr\\\/shop\\\/wp-content\\\/uploads\\\/2020\\\/02\\\/cropped-cropped-cropped-cropped-Sonarscope_logotip_470_110-1.png\",\"width\":470,\"height\":72,\"caption\":\"Sonarscope Pro Audio\"},\"image\":{\"@id\":\"https:\\\/\\\/www.sonarscope.hr\\\/shop\\\/#\\\/schema\\\/logo\\\/image\\\/\"},\"sameAs\":[\"https:\\\/\\\/www.facebook.com\\\/sonarscope\",\"https:\\\/\\\/x.com\\\/sonarscope\",\"https:\\\/\\\/www.instagram.com\\\/sonarscope\\\/\",\"https:\\\/\\\/www.linkedin.com\\\/company\\\/sonarscope\",\"https:\\\/\\\/www.youtube.com\\\/user\\\/sonarscopevideo\"]}]}<\/script>\n<!-- \/ Yoast SEO plugin. -->","yoast_head_json":{"title":"Golden Mask 1+ 18kHz - Sonarscope Pro Audio","description":"jednostavan i efikasan metal detektor koji radi na visokih 18 khz. Dolazi sa teleskope stem, 9.5'' coil","robots":{"index":"index","follow":"follow","max-snippet":"max-snippet:-1","max-image-preview":"max-image-preview:large","max-video-preview":"max-video-preview:-1"},"canonical":"https:\/\/www.sonarscope.hr\/shop\/proizvod\/golden-mask-1-18khz\/","og_locale":"hr_HR","og_type":"article","og_title":"Golden Mask 1+ 18kHz - Sonarscope Pro Audio","og_description":"jednostavan i efikasan metal detektor koji radi na visokih 18 khz. Dolazi sa teleskope stem, 9.5'' coil","og_url":"https:\/\/www.sonarscope.hr\/shop\/proizvod\/golden-mask-1-18khz\/","og_site_name":"Sonarscope Pro Audio","article_publisher":"https:\/\/www.facebook.com\/sonarscope","article_modified_time":"2025-09-05T09:40:59+00:00","og_image":[{"width":800,"height":800,"url":"https:\/\/www.sonarscope.hr\/shop\/wp-content\/uploads\/2021\/02\/golden_mask_1-scaled.jpg","type":"image\/jpeg"}],"twitter_card":"summary_large_image","twitter_site":"@sonarscope","twitter_misc":{"Procijenjeno vrijeme \u010ditanja":"3 minute"},"schema":{"@context":"https:\/\/schema.org","@graph":[{"@type":"WebPage","@id":"https:\/\/www.sonarscope.hr\/shop\/proizvod\/golden-mask-1-18khz\/","url":"https:\/\/www.sonarscope.hr\/shop\/proizvod\/golden-mask-1-18khz\/","name":"Golden Mask 1+ 18kHz - Sonarscope Pro Audio","isPartOf":{"@id":"https:\/\/www.sonarscope.hr\/shop\/#website"},"primaryImageOfPage":{"@id":"https:\/\/www.sonarscope.hr\/shop\/proizvod\/golden-mask-1-18khz\/#primaryimage"},"image":{"@id":"https:\/\/www.sonarscope.hr\/shop\/proizvod\/golden-mask-1-18khz\/#primaryimage"},"thumbnailUrl":"https:\/\/www.sonarscope.hr\/shop\/wp-content\/uploads\/2021\/02\/golden_mask_1-scaled.jpg","datePublished":"2021-02-10T15:31:42+00:00","dateModified":"2025-09-05T09:40:59+00:00","description":"jednostavan i efikasan metal detektor koji radi na visokih 18 khz. Dolazi sa teleskope stem, 9.5'' coil","breadcrumb":{"@id":"https:\/\/www.sonarscope.hr\/shop\/proizvod\/golden-mask-1-18khz\/#breadcrumb"},"inLanguage":"hr","potentialAction":[{"@type":"ReadAction","target":["https:\/\/www.sonarscope.hr\/shop\/proizvod\/golden-mask-1-18khz\/"]}]},{"@type":"ImageObject","inLanguage":"hr","@id":"https:\/\/www.sonarscope.hr\/shop\/proizvod\/golden-mask-1-18khz\/#primaryimage","url":"https:\/\/www.sonarscope.hr\/shop\/wp-content\/uploads\/2021\/02\/golden_mask_1-scaled.jpg","contentUrl":"https:\/\/www.sonarscope.hr\/shop\/wp-content\/uploads\/2021\/02\/golden_mask_1-scaled.jpg","width":800,"height":800},{"@type":"BreadcrumbList","@id":"https:\/\/www.sonarscope.hr\/shop\/proizvod\/golden-mask-1-18khz\/#breadcrumb","itemListElement":[{"@type":"ListItem","position":1,"name":"Home","item":"https:\/\/www.sonarscope.hr\/shop\/"},{"@type":"ListItem","position":2,"name":"Katalog","item":"https:\/\/www.sonarscope.hr\/shop\/shop\/"},{"@type":"ListItem","position":3,"name":"Golden Mask 1+ 18kHz"}]},{"@type":"WebSite","@id":"https:\/\/www.sonarscope.hr\/shop\/#website","url":"https:\/\/www.sonarscope.hr\/shop\/","name":"Sonarscope Pro Audio","description":"DJ i Pro Audio studijska oprema","publisher":{"@id":"https:\/\/www.sonarscope.hr\/shop\/#organization"},"potentialAction":[{"@type":"SearchAction","target":{"@type":"EntryPoint","urlTemplate":"https:\/\/www.sonarscope.hr\/shop\/?s={search_term_string}"},"query-input":{"@type":"PropertyValueSpecification","valueRequired":true,"valueName":"search_term_string"}}],"inLanguage":"hr"},{"@type":"Organization","@id":"https:\/\/www.sonarscope.hr\/shop\/#organization","name":"Sonarscope Pro Audio","url":"https:\/\/www.sonarscope.hr\/shop\/","logo":{"@type":"ImageObject","inLanguage":"hr","@id":"https:\/\/www.sonarscope.hr\/shop\/#\/schema\/logo\/image\/","url":"https:\/\/www.sonarscope.hr\/shop\/wp-content\/uploads\/2020\/02\/cropped-cropped-cropped-cropped-Sonarscope_logotip_470_110-1.png","contentUrl":"https:\/\/www.sonarscope.hr\/shop\/wp-content\/uploads\/2020\/02\/cropped-cropped-cropped-cropped-Sonarscope_logotip_470_110-1.png","width":470,"height":72,"caption":"Sonarscope Pro Audio"},"image":{"@id":"https:\/\/www.sonarscope.hr\/shop\/#\/schema\/logo\/image\/"},"sameAs":["https:\/\/www.facebook.com\/sonarscope","https:\/\/x.com\/sonarscope","https:\/\/www.instagram.com\/sonarscope\/","https:\/\/www.linkedin.com\/company\/sonarscope","https:\/\/www.youtube.com\/user\/sonarscopevideo"]}]}},"brands":[{"id":537,"name":"Golden Mask","slug":"golden_mask"}],"_links":{"self":[{"href":"https:\/\/www.sonarscope.hr\/shop\/wp-json\/wp\/v2\/product\/8256","targetHints":{"allow":["GET"]}}],"collection":[{"href":"https:\/\/www.sonarscope.hr\/shop\/wp-json\/wp\/v2\/product"}],"about":[{"href":"https:\/\/www.sonarscope.hr\/shop\/wp-json\/wp\/v2\/types\/product"}],"replies":[{"embeddable":true,"href":"https:\/\/www.sonarscope.hr\/shop\/wp-json\/wp\/v2\/comments?post=8256"}],"wp:featuredmedia":[{"embeddable":true,"href":"https:\/\/www.sonarscope.hr\/shop\/wp-json\/wp\/v2\/media\/15012"}],"wp:attachment":[{"href":"https:\/\/www.sonarscope.hr\/shop\/wp-json\/wp\/v2\/media?parent=8256"}],"wp:term":[{"taxonomy":"pwb-brand","embeddable":true,"href":"https:\/\/www.sonarscope.hr\/shop\/wp-json\/wp\/v2\/pwb-brand?post=8256"},{"taxonomy":"product_brand","embeddable":true,"href":"https:\/\/www.sonarscope.hr\/shop\/wp-json\/wp\/v2\/product_brand?post=8256"},{"taxonomy":"product_cat","embeddable":true,"href":"https:\/\/www.sonarscope.hr\/shop\/wp-json\/wp\/v2\/product_cat?post=8256"},{"taxonomy":"product_tag","embeddable":true,"href":"https:\/\/www.sonarscope.hr\/shop\/wp-json\/wp\/v2\/product_tag?post=8256"}],"curies":[{"name":"wp","href":"https:\/\/api.w.org\/{rel}","templated":true}]}}